{"id":2265,"date":"2024-12-21T17:02:38","date_gmt":"2024-12-21T17:02:38","guid":{"rendered":"http:\/\/kobi-medizintech.de\/?post_type=product&#038;p=2265"},"modified":"2024-12-21T17:03:30","modified_gmt":"2024-12-21T17:03:30","slug":"detauchdesinfektionsroehre","status":"publish","type":"product","link":"https:\/\/kobi-medizintech.de\/en\/produkt\/detauchdesinfektionsroehre\/","title":{"rendered":"Tauchdesinfektionsr\u00f6hre"},"content":{"rendered":"<p><span>Tauchdesinfektionsr\u00f6hre<\/span><\/p>\n<p>Zubeh\u00f6r zum Trockner<\/p>\n<p><span>Rekontaminationsschutz bei Tauchdesinfektion<\/span><\/p>\n<p>R\u00f6hre verschlie\u00dfbar &#8211; vermeiden von Desinfektionsmittelausd\u00fcnstungen<\/p>\n","protected":false},"excerpt":{"rendered":"<p>Zubeh\u00f6r zum Trockner<\/p>\n","protected":false},"featured_media":2290,"template":"","meta":{"_themeisle_gutenberg_block_has_review":false},"product_brand":[],"product_cat":[147],"product_tag":[54,179,137,154,140,155,152,125,142,180],"class_list":{"0":"post-2265","1":"product","2":"type-product","3":"status-publish","4":"has-post-thumbnail","6":"product_cat-zubehoer-fuer-geraete","7":"product_tag-accessories","8":"product_tag-desinfectionsroehrer","9":"product_tag-desinfektionsroehre","10":"product_tag-druckspuelgeraet","11":"product_tag-endoscopy","12":"product_tag-ersatzteile","13":"product_tag-geraete","14":"product_tag-instrumentenhalter","15":"product_tag-instrumentenreinigung","16":"product_tag-roehre","18":"first","19":"instock","20":"shipping-taxable","21":"product-type-simple"},"yoast_head":"<!-- This site is optimized with the Yoast SEO plugin v27.4 - https:\/\/yoast.com\/product\/yoast-seo-wordpress\/ -->\n<title>Tauchdesinfektionsr\u00f6hre<\/title>\n<meta name=\"description\" content=\"Tauchdesinfektionsr\u00f6hre Zubeh\u00f6r KOBI Medizintechnik de\" \/>\n<meta name=\"robots\" content=\"index, follow, max-snippet:-1, max-image-preview:large, max-video-preview:-1\" \/>\n<link rel=\"canonical\" href=\"https:\/\/kobi-medizintech.de\/en\/produkt\/detauchdesinfektionsroehre\/\" \/>\n<meta property=\"og:locale\" content=\"en_US\" \/>\n<meta property=\"og:locale:alternate\" content=\"de_DE\" \/>\n<meta property=\"og:type\" content=\"article\" \/>\n<meta property=\"og:title\" content=\"Tauchdesinfektionsr\u00f6hre\" \/>\n<meta property=\"og:description\" content=\"Tauchdesinfektionsr\u00f6hre Zubeh\u00f6r KOBI Medizintechnik de\" \/>\n<meta property=\"og:url\" content=\"https:\/\/kobi-medizintech.de\/en\/produkt\/detauchdesinfektionsroehre\/\" \/>\n<meta property=\"og:site_name\" content=\"KOBI-Medizintech\" \/>\n<meta property=\"article:modified_time\" content=\"2024-12-21T17:03:30+00:00\" \/>\n<meta property=\"og:image\" content=\"https:\/\/kobi-medizintech.de\/wp-content\/uploads\/2024\/12\/roehre-cut.png\" \/>\n\t<meta property=\"og:image:width\" content=\"252\" \/>\n\t<meta property=\"og:image:height\" content=\"673\" \/>\n\t<meta property=\"og:image:type\" content=\"image\/png\" \/>\n<meta name=\"twitter:card\" content=\"summary_large_image\" \/>\n<script type=\"application\/ld+json\" class=\"yoast-schema-graph\">{\"@context\":\"https:\\\/\\\/schema.org\",\"@graph\":[{\"@type\":\"WebPage\",\"@id\":\"https:\\\/\\\/kobi-medizintech.de\\\/produkt\\\/detauchdesinfektionsroehre\\\/\",\"url\":\"https:\\\/\\\/kobi-medizintech.de\\\/produkt\\\/detauchdesinfektionsroehre\\\/\",\"name\":\"Tauchdesinfektionsr\u00f6hre\",\"isPartOf\":{\"@id\":\"https:\\\/\\\/kobi-medizintech.de\\\/#website\"},\"primaryImageOfPage\":{\"@id\":\"https:\\\/\\\/kobi-medizintech.de\\\/produkt\\\/detauchdesinfektionsroehre\\\/#primaryimage\"},\"image\":{\"@id\":\"https:\\\/\\\/kobi-medizintech.de\\\/produkt\\\/detauchdesinfektionsroehre\\\/#primaryimage\"},\"thumbnailUrl\":\"https:\\\/\\\/kobi-medizintech.de\\\/wp-content\\\/uploads\\\/2024\\\/12\\\/roehre-cut.png\",\"datePublished\":\"2024-12-21T17:02:38+00:00\",\"dateModified\":\"2024-12-21T17:03:30+00:00\",\"description\":\"Tauchdesinfektionsr\u00f6hre Zubeh\u00f6r KOBI Medizintechnik de\",\"breadcrumb\":{\"@id\":\"https:\\\/\\\/kobi-medizintech.de\\\/produkt\\\/detauchdesinfektionsroehre\\\/#breadcrumb\"},\"inLanguage\":\"en-GB\",\"potentialAction\":[{\"@type\":\"ReadAction\",\"target\":[\"https:\\\/\\\/kobi-medizintech.de\\\/produkt\\\/detauchdesinfektionsroehre\\\/\"]}]},{\"@type\":\"ImageObject\",\"inLanguage\":\"en-GB\",\"@id\":\"https:\\\/\\\/kobi-medizintech.de\\\/produkt\\\/detauchdesinfektionsroehre\\\/#primaryimage\",\"url\":\"https:\\\/\\\/kobi-medizintech.de\\\/wp-content\\\/uploads\\\/2024\\\/12\\\/roehre-cut.png\",\"contentUrl\":\"https:\\\/\\\/kobi-medizintech.de\\\/wp-content\\\/uploads\\\/2024\\\/12\\\/roehre-cut.png\",\"width\":252,\"height\":673},{\"@type\":\"BreadcrumbList\",\"@id\":\"https:\\\/\\\/kobi-medizintech.de\\\/produkt\\\/detauchdesinfektionsroehre\\\/#breadcrumb\",\"itemListElement\":[{\"@type\":\"ListItem\",\"position\":1,\"name\":\"Startseite\",\"item\":\"https:\\\/\\\/kobi-medizintech.de\\\/\"},{\"@type\":\"ListItem\",\"position\":2,\"name\":\"Shop\",\"item\":\"https:\\\/\\\/kobi-medizintech.de\\\/shop\\\/\"},{\"@type\":\"ListItem\",\"position\":3,\"name\":\"Tauchdesinfektionsr\u00f6hre\"}]},{\"@type\":\"WebSite\",\"@id\":\"https:\\\/\\\/kobi-medizintech.de\\\/#website\",\"url\":\"https:\\\/\\\/kobi-medizintech.de\\\/\",\"name\":\"KOBI-Medizintech\",\"description\":\"Ihr flexibler Partner in der Endoskopie\",\"publisher\":{\"@id\":\"https:\\\/\\\/kobi-medizintech.de\\\/#organization\"},\"potentialAction\":[{\"@type\":\"SearchAction\",\"target\":{\"@type\":\"EntryPoint\",\"urlTemplate\":\"https:\\\/\\\/kobi-medizintech.de\\\/?s={search_term_string}\"},\"query-input\":{\"@type\":\"PropertyValueSpecification\",\"valueRequired\":true,\"valueName\":\"search_term_string\"}}],\"inLanguage\":\"en-GB\"},{\"@type\":\"Organization\",\"@id\":\"https:\\\/\\\/kobi-medizintech.de\\\/#organization\",\"name\":\"KOBI-Medizintech\",\"url\":\"https:\\\/\\\/kobi-medizintech.de\\\/\",\"logo\":{\"@type\":\"ImageObject\",\"inLanguage\":\"en-GB\",\"@id\":\"https:\\\/\\\/kobi-medizintech.de\\\/#\\\/schema\\\/logo\\\/image\\\/\",\"url\":\"https:\\\/\\\/kobi-medizintech.de\\\/wp-content\\\/uploads\\\/2024\\\/12\\\/cropped-logo-small-moded.png\",\"contentUrl\":\"https:\\\/\\\/kobi-medizintech.de\\\/wp-content\\\/uploads\\\/2024\\\/12\\\/cropped-logo-small-moded.png\",\"width\":150,\"height\":106,\"caption\":\"KOBI-Medizintech\"},\"image\":{\"@id\":\"https:\\\/\\\/kobi-medizintech.de\\\/#\\\/schema\\\/logo\\\/image\\\/\"}}]}<\/script>\n<!-- \/ Yoast SEO plugin. -->","yoast_head_json":{"title":"Tauchdesinfektionsr\u00f6hre","description":"Tauchdesinfektionsr\u00f6hre Zubeh\u00f6r KOBI Medizintechnik de","robots":{"index":"index","follow":"follow","max-snippet":"max-snippet:-1","max-image-preview":"max-image-preview:large","max-video-preview":"max-video-preview:-1"},"canonical":"https:\/\/kobi-medizintech.de\/en\/produkt\/detauchdesinfektionsroehre\/","og_locale":"en_US","og_type":"article","og_title":"[:de]Tauchdesinfektionsr\u00f6hre[:] - KOBI-Medizintech","og_description":"Tauchdesinfektionsr\u00f6hre Zubeh\u00f6r KOBI Medizintechnik de","og_url":"https:\/\/kobi-medizintech.de\/en\/produkt\/detauchdesinfektionsroehre\/","og_site_name":"KOBI-Medizintech","article_modified_time":"2024-12-21T17:03:30+00:00","og_image":[{"width":252,"height":673,"url":"https:\/\/kobi-medizintech.de\/wp-content\/uploads\/2024\/12\/roehre-cut.png","type":"image\/png"}],"twitter_card":"summary_large_image","schema":{"@context":"https:\/\/schema.org","@graph":[{"@type":"WebPage","@id":"https:\/\/kobi-medizintech.de\/produkt\/detauchdesinfektionsroehre\/","url":"https:\/\/kobi-medizintech.de\/produkt\/detauchdesinfektionsroehre\/","name":"Tauchdesinfektionsr\u00f6hre","isPartOf":{"@id":"https:\/\/kobi-medizintech.de\/#website"},"primaryImageOfPage":{"@id":"https:\/\/kobi-medizintech.de\/produkt\/detauchdesinfektionsroehre\/#primaryimage"},"image":{"@id":"https:\/\/kobi-medizintech.de\/produkt\/detauchdesinfektionsroehre\/#primaryimage"},"thumbnailUrl":"https:\/\/kobi-medizintech.de\/wp-content\/uploads\/2024\/12\/roehre-cut.png","datePublished":"2024-12-21T17:02:38+00:00","dateModified":"2024-12-21T17:03:30+00:00","description":"Tauchdesinfektionsr\u00f6hre Zubeh\u00f6r KOBI Medizintechnik de","breadcrumb":{"@id":"https:\/\/kobi-medizintech.de\/produkt\/detauchdesinfektionsroehre\/#breadcrumb"},"inLanguage":"en-GB","potentialAction":[{"@type":"ReadAction","target":["https:\/\/kobi-medizintech.de\/produkt\/detauchdesinfektionsroehre\/"]}]},{"@type":"ImageObject","inLanguage":"en-GB","@id":"https:\/\/kobi-medizintech.de\/produkt\/detauchdesinfektionsroehre\/#primaryimage","url":"https:\/\/kobi-medizintech.de\/wp-content\/uploads\/2024\/12\/roehre-cut.png","contentUrl":"https:\/\/kobi-medizintech.de\/wp-content\/uploads\/2024\/12\/roehre-cut.png","width":252,"height":673},{"@type":"BreadcrumbList","@id":"https:\/\/kobi-medizintech.de\/produkt\/detauchdesinfektionsroehre\/#breadcrumb","itemListElement":[{"@type":"ListItem","position":1,"name":"Startseite","item":"https:\/\/kobi-medizintech.de\/"},{"@type":"ListItem","position":2,"name":"Shop","item":"https:\/\/kobi-medizintech.de\/shop\/"},{"@type":"ListItem","position":3,"name":"Tauchdesinfektionsr\u00f6hre"}]},{"@type":"WebSite","@id":"https:\/\/kobi-medizintech.de\/#website","url":"https:\/\/kobi-medizintech.de\/","name":"KOBI-Medizintech","description":"Ihr flexibler Partner in der Endoskopie","publisher":{"@id":"https:\/\/kobi-medizintech.de\/#organization"},"potentialAction":[{"@type":"SearchAction","target":{"@type":"EntryPoint","urlTemplate":"https:\/\/kobi-medizintech.de\/?s={search_term_string}"},"query-input":{"@type":"PropertyValueSpecification","valueRequired":true,"valueName":"search_term_string"}}],"inLanguage":"en-GB"},{"@type":"Organization","@id":"https:\/\/kobi-medizintech.de\/#organization","name":"KOBI-Medizintech","url":"https:\/\/kobi-medizintech.de\/","logo":{"@type":"ImageObject","inLanguage":"en-GB","@id":"https:\/\/kobi-medizintech.de\/#\/schema\/logo\/image\/","url":"https:\/\/kobi-medizintech.de\/wp-content\/uploads\/2024\/12\/cropped-logo-small-moded.png","contentUrl":"https:\/\/kobi-medizintech.de\/wp-content\/uploads\/2024\/12\/cropped-logo-small-moded.png","width":150,"height":106,"caption":"KOBI-Medizintech"},"image":{"@id":"https:\/\/kobi-medizintech.de\/#\/schema\/logo\/image\/"}}]}},"_links":{"self":[{"href":"https:\/\/kobi-medizintech.de\/en\/wp-json\/wp\/v2\/product\/2265","targetHints":{"allow":["GET"]}}],"collection":[{"href":"https:\/\/kobi-medizintech.de\/en\/wp-json\/wp\/v2\/product"}],"about":[{"href":"https:\/\/kobi-medizintech.de\/en\/wp-json\/wp\/v2\/types\/product"}],"wp:featuredmedia":[{"embeddable":true,"href":"https:\/\/kobi-medizintech.de\/en\/wp-json\/wp\/v2\/media\/2290"}],"wp:attachment":[{"href":"https:\/\/kobi-medizintech.de\/en\/wp-json\/wp\/v2\/media?parent=2265"}],"wp:term":[{"taxonomy":"product_brand","embeddable":true,"href":"https:\/\/kobi-medizintech.de\/en\/wp-json\/wp\/v2\/product_brand?post=2265"},{"taxonomy":"product_cat","embeddable":true,"href":"https:\/\/kobi-medizintech.de\/en\/wp-json\/wp\/v2\/product_cat?post=2265"},{"taxonomy":"product_tag","embeddable":true,"href":"https:\/\/kobi-medizintech.de\/en\/wp-json\/wp\/v2\/product_tag?post=2265"}],"curies":[{"name":"wp","href":"https:\/\/api.w.org\/{rel}","templated":true}]}}