{"id":2250,"date":"2024-12-21T17:02:15","date_gmt":"2024-12-21T17:02:15","guid":{"rendered":"http:\/\/kobi-medizintech.de\/?post_type=product&#038;p=2250"},"modified":"2024-12-21T17:03:04","modified_gmt":"2024-12-21T17:03:04","slug":"enloop-applicator-silicone-oil-disinfection-tube-with-holder-without-drainage-tapdesiliconoel","status":"publish","type":"product","link":"https:\/\/kobi-medizintech.de\/en\/produkt\/enloop-applicator-silicone-oil-disinfection-tube-with-holder-without-drainage-tapdesiliconoel\/","title":{"rendered":"Loop-Applicator, Silicone oil, disinfection tube with holder without drainage tap"},"content":{"rendered":"<p>Loop- Applicator, Silicone oil, disinfection tube with holder without drainage tap<\/p>\n\n<table id=\"tablepress-48\" class=\"tablepress tablepress-id-48\">\n<thead>\n<tr class=\"row-1\">\n\t<th class=\"column-1\"><strong> Loop Applicator and Silicone Oil <\/ strong><\/th><td colspan=\"2\" class=\"column-2\"><\/td>\n<\/tr>\n<\/thead>\n<tbody class=\"row-striping row-hover\">\n<tr class=\"row-2\">\n\t<td class=\"column-1\"><strong>Item-No. <\/strong><\/td><td class=\"column-2\"><strong>\u00d8 in mm <\/strong><\/td><td class=\"column-3\"><strong>Length in mm<\/strong><\/td>\n<\/tr>\n<tr class=\"row-3\">\n\t<td class=\"column-1\">LA-18-26-00<\/td><td class=\"column-2\">2,6 mm<\/td><td class=\"column-3\">1800 mm<\/td>\n<\/tr>\n<tr class=\"row-4\">\n\t<td class=\"column-1\">LA-23-26-00<\/td><td class=\"column-2\">2,6 mm<\/td><td class=\"column-3\">2300 mm<\/td>\n<\/tr>\n<\/tbody>\n<\/table>\n<!-- #tablepress-48 from cache -->\n","protected":false},"excerpt":{"rendered":"<p>Loop- Applicator, Silicone oil, disinfection tube with holder without drainage tap<\/p>\n","protected":false},"featured_media":2280,"template":"","meta":{"_themeisle_gutenberg_block_has_review":false},"product_brand":[],"product_cat":[135],"product_tag":[121,131,114,128,115,132,72,133,126,127,117,134,118,58],"class_list":{"0":"post-2250","1":"product","2":"type-product","3":"status-publish","4":"has-post-thumbnail","6":"product_cat-zubehoer","7":"product_tag-buersten","8":"product_tag-clip","9":"product_tag-connection","10":"product_tag-double","11":"product_tag-fillform","12":"product_tag-loop","13":"product_tag-o-1","14":"product_tag-oil","15":"product_tag-reinigen","16":"product_tag-reinigeren","17":"product_tag-rinsing","18":"product_tag-silicone","19":"product_tag-standart","20":"product_tag-zubehoer","22":"first","23":"instock","24":"shipping-taxable","25":"product-type-simple"},"yoast_head":"<!-- This site is optimized with the Yoast SEO plugin v27.4 - https:\/\/yoast.com\/product\/yoast-seo-wordpress\/ -->\n<title>Loop-Applicator, Silicone oil, disinfection tube with holder without drainage tap<\/title>\n<meta name=\"description\" content=\"{:de}Loop- Applikator, Silicon\u00f6l, Desinfektionsr\u00f6hre mit Halter ohne Ablaufhahn{:en}Mandrin zum ERCP- Katheter{:}\" \/>\n<meta name=\"robots\" content=\"index, follow, max-snippet:-1, max-image-preview:large, max-video-preview:-1\" \/>\n<link rel=\"canonical\" href=\"https:\/\/kobi-medizintech.de\/en\/produkt\/enloop-applicator-silicone-oil-disinfection-tube-with-holder-without-drainage-tapdesiliconoel\/\" \/>\n<meta property=\"og:locale\" content=\"en_US\" \/>\n<meta property=\"og:locale:alternate\" content=\"de_DE\" \/>\n<meta property=\"og:type\" content=\"article\" \/>\n<meta property=\"og:title\" content=\"Loop-Applicator, Silicone oil, disinfection tube with holder without drainage tap\" \/>\n<meta property=\"og:description\" content=\"{:de}Loop- Applikator, Silicon\u00f6l, Desinfektionsr\u00f6hre mit Halter ohne Ablaufhahn{:en}Mandrin zum ERCP- Katheter{:}\" \/>\n<meta property=\"og:url\" content=\"https:\/\/kobi-medizintech.de\/en\/produkt\/enloop-applicator-silicone-oil-disinfection-tube-with-holder-without-drainage-tapdesiliconoel\/\" \/>\n<meta property=\"og:site_name\" content=\"KOBI-Medizintech\" \/>\n<meta property=\"article:modified_time\" content=\"2024-12-21T17:03:04+00:00\" \/>\n<meta property=\"og:image\" content=\"https:\/\/kobi-medizintech.de\/wp-content\/uploads\/2024\/12\/blocks_image_12_1.png\" \/>\n\t<meta property=\"og:image:width\" content=\"99\" \/>\n\t<meta property=\"og:image:height\" content=\"99\" \/>\n\t<meta property=\"og:image:type\" content=\"image\/png\" \/>\n<meta name=\"twitter:card\" content=\"summary_large_image\" \/>\n<script type=\"application\/ld+json\" class=\"yoast-schema-graph\">{\"@context\":\"https:\\\/\\\/schema.org\",\"@graph\":[{\"@type\":\"WebPage\",\"@id\":\"https:\\\/\\\/kobi-medizintech.de\\\/produkt\\\/enloop-applicator-silicone-oil-disinfection-tube-with-holder-without-drainage-tapdesiliconoel\\\/\",\"url\":\"https:\\\/\\\/kobi-medizintech.de\\\/produkt\\\/enloop-applicator-silicone-oil-disinfection-tube-with-holder-without-drainage-tapdesiliconoel\\\/\",\"name\":\"Loop-Applicator, Silicone oil, disinfection tube with holder without drainage tap\",\"isPartOf\":{\"@id\":\"https:\\\/\\\/kobi-medizintech.de\\\/#website\"},\"primaryImageOfPage\":{\"@id\":\"https:\\\/\\\/kobi-medizintech.de\\\/produkt\\\/enloop-applicator-silicone-oil-disinfection-tube-with-holder-without-drainage-tapdesiliconoel\\\/#primaryimage\"},\"image\":{\"@id\":\"https:\\\/\\\/kobi-medizintech.de\\\/produkt\\\/enloop-applicator-silicone-oil-disinfection-tube-with-holder-without-drainage-tapdesiliconoel\\\/#primaryimage\"},\"thumbnailUrl\":\"https:\\\/\\\/kobi-medizintech.de\\\/wp-content\\\/uploads\\\/2024\\\/12\\\/blocks_image_12_1.png\",\"datePublished\":\"2024-12-21T17:02:15+00:00\",\"dateModified\":\"2024-12-21T17:03:04+00:00\",\"description\":\"{:de}Loop- Applikator, Silicon\u00f6l, Desinfektionsr\u00f6hre mit Halter ohne Ablaufhahn{:en}Mandrin zum ERCP- Katheter{:}\",\"breadcrumb\":{\"@id\":\"https:\\\/\\\/kobi-medizintech.de\\\/produkt\\\/enloop-applicator-silicone-oil-disinfection-tube-with-holder-without-drainage-tapdesiliconoel\\\/#breadcrumb\"},\"inLanguage\":\"en-GB\",\"potentialAction\":[{\"@type\":\"ReadAction\",\"target\":[\"https:\\\/\\\/kobi-medizintech.de\\\/produkt\\\/enloop-applicator-silicone-oil-disinfection-tube-with-holder-without-drainage-tapdesiliconoel\\\/\"]}]},{\"@type\":\"ImageObject\",\"inLanguage\":\"en-GB\",\"@id\":\"https:\\\/\\\/kobi-medizintech.de\\\/produkt\\\/enloop-applicator-silicone-oil-disinfection-tube-with-holder-without-drainage-tapdesiliconoel\\\/#primaryimage\",\"url\":\"https:\\\/\\\/kobi-medizintech.de\\\/wp-content\\\/uploads\\\/2024\\\/12\\\/blocks_image_12_1.png\",\"contentUrl\":\"https:\\\/\\\/kobi-medizintech.de\\\/wp-content\\\/uploads\\\/2024\\\/12\\\/blocks_image_12_1.png\",\"width\":99,\"height\":99},{\"@type\":\"BreadcrumbList\",\"@id\":\"https:\\\/\\\/kobi-medizintech.de\\\/produkt\\\/enloop-applicator-silicone-oil-disinfection-tube-with-holder-without-drainage-tapdesiliconoel\\\/#breadcrumb\",\"itemListElement\":[{\"@type\":\"ListItem\",\"position\":1,\"name\":\"Startseite\",\"item\":\"https:\\\/\\\/kobi-medizintech.de\\\/\"},{\"@type\":\"ListItem\",\"position\":2,\"name\":\"Shop\",\"item\":\"https:\\\/\\\/kobi-medizintech.de\\\/shop\\\/\"},{\"@type\":\"ListItem\",\"position\":3,\"name\":\"Silicon\u00f6l\"}]},{\"@type\":\"WebSite\",\"@id\":\"https:\\\/\\\/kobi-medizintech.de\\\/#website\",\"url\":\"https:\\\/\\\/kobi-medizintech.de\\\/\",\"name\":\"KOBI-Medizintech\",\"description\":\"Ihr flexibler Partner in der Endoskopie\",\"publisher\":{\"@id\":\"https:\\\/\\\/kobi-medizintech.de\\\/#organization\"},\"potentialAction\":[{\"@type\":\"SearchAction\",\"target\":{\"@type\":\"EntryPoint\",\"urlTemplate\":\"https:\\\/\\\/kobi-medizintech.de\\\/?s={search_term_string}\"},\"query-input\":{\"@type\":\"PropertyValueSpecification\",\"valueRequired\":true,\"valueName\":\"search_term_string\"}}],\"inLanguage\":\"en-GB\"},{\"@type\":\"Organization\",\"@id\":\"https:\\\/\\\/kobi-medizintech.de\\\/#organization\",\"name\":\"KOBI-Medizintech\",\"url\":\"https:\\\/\\\/kobi-medizintech.de\\\/\",\"logo\":{\"@type\":\"ImageObject\",\"inLanguage\":\"en-GB\",\"@id\":\"https:\\\/\\\/kobi-medizintech.de\\\/#\\\/schema\\\/logo\\\/image\\\/\",\"url\":\"https:\\\/\\\/kobi-medizintech.de\\\/wp-content\\\/uploads\\\/2024\\\/12\\\/cropped-logo-small-moded.png\",\"contentUrl\":\"https:\\\/\\\/kobi-medizintech.de\\\/wp-content\\\/uploads\\\/2024\\\/12\\\/cropped-logo-small-moded.png\",\"width\":150,\"height\":106,\"caption\":\"KOBI-Medizintech\"},\"image\":{\"@id\":\"https:\\\/\\\/kobi-medizintech.de\\\/#\\\/schema\\\/logo\\\/image\\\/\"}}]}<\/script>\n<!-- \/ Yoast SEO plugin. -->","yoast_head_json":{"title":"Loop-Applicator, Silicone oil, disinfection tube with holder without drainage tap","description":"{:de}Loop- Applikator, Silicon\u00f6l, Desinfektionsr\u00f6hre mit Halter ohne Ablaufhahn{:en}Mandrin zum ERCP- Katheter{:}","robots":{"index":"index","follow":"follow","max-snippet":"max-snippet:-1","max-image-preview":"max-image-preview:large","max-video-preview":"max-video-preview:-1"},"canonical":"https:\/\/kobi-medizintech.de\/en\/produkt\/enloop-applicator-silicone-oil-disinfection-tube-with-holder-without-drainage-tapdesiliconoel\/","og_locale":"en_US","og_type":"article","og_title":"[:en]Loop-Applicator, Silicone oil, disinfection tube with holder without drainage tap[:de]Silicon\u00f6l[:] - KOBI-Medizintech","og_description":"{:de}Loop- Applikator, Silicon\u00f6l, Desinfektionsr\u00f6hre mit Halter ohne Ablaufhahn{:en}Mandrin zum ERCP- Katheter{:}","og_url":"https:\/\/kobi-medizintech.de\/en\/produkt\/enloop-applicator-silicone-oil-disinfection-tube-with-holder-without-drainage-tapdesiliconoel\/","og_site_name":"KOBI-Medizintech","article_modified_time":"2024-12-21T17:03:04+00:00","og_image":[{"width":99,"height":99,"url":"https:\/\/kobi-medizintech.de\/wp-content\/uploads\/2024\/12\/blocks_image_12_1.png","type":"image\/png"}],"twitter_card":"summary_large_image","schema":{"@context":"https:\/\/schema.org","@graph":[{"@type":"WebPage","@id":"https:\/\/kobi-medizintech.de\/produkt\/enloop-applicator-silicone-oil-disinfection-tube-with-holder-without-drainage-tapdesiliconoel\/","url":"https:\/\/kobi-medizintech.de\/produkt\/enloop-applicator-silicone-oil-disinfection-tube-with-holder-without-drainage-tapdesiliconoel\/","name":"Loop-Applicator, Silicone oil, disinfection tube with holder without drainage tap","isPartOf":{"@id":"https:\/\/kobi-medizintech.de\/#website"},"primaryImageOfPage":{"@id":"https:\/\/kobi-medizintech.de\/produkt\/enloop-applicator-silicone-oil-disinfection-tube-with-holder-without-drainage-tapdesiliconoel\/#primaryimage"},"image":{"@id":"https:\/\/kobi-medizintech.de\/produkt\/enloop-applicator-silicone-oil-disinfection-tube-with-holder-without-drainage-tapdesiliconoel\/#primaryimage"},"thumbnailUrl":"https:\/\/kobi-medizintech.de\/wp-content\/uploads\/2024\/12\/blocks_image_12_1.png","datePublished":"2024-12-21T17:02:15+00:00","dateModified":"2024-12-21T17:03:04+00:00","description":"{:de}Loop- Applikator, Silicon\u00f6l, Desinfektionsr\u00f6hre mit Halter ohne Ablaufhahn{:en}Mandrin zum ERCP- Katheter{:}","breadcrumb":{"@id":"https:\/\/kobi-medizintech.de\/produkt\/enloop-applicator-silicone-oil-disinfection-tube-with-holder-without-drainage-tapdesiliconoel\/#breadcrumb"},"inLanguage":"en-GB","potentialAction":[{"@type":"ReadAction","target":["https:\/\/kobi-medizintech.de\/produkt\/enloop-applicator-silicone-oil-disinfection-tube-with-holder-without-drainage-tapdesiliconoel\/"]}]},{"@type":"ImageObject","inLanguage":"en-GB","@id":"https:\/\/kobi-medizintech.de\/produkt\/enloop-applicator-silicone-oil-disinfection-tube-with-holder-without-drainage-tapdesiliconoel\/#primaryimage","url":"https:\/\/kobi-medizintech.de\/wp-content\/uploads\/2024\/12\/blocks_image_12_1.png","contentUrl":"https:\/\/kobi-medizintech.de\/wp-content\/uploads\/2024\/12\/blocks_image_12_1.png","width":99,"height":99},{"@type":"BreadcrumbList","@id":"https:\/\/kobi-medizintech.de\/produkt\/enloop-applicator-silicone-oil-disinfection-tube-with-holder-without-drainage-tapdesiliconoel\/#breadcrumb","itemListElement":[{"@type":"ListItem","position":1,"name":"Startseite","item":"https:\/\/kobi-medizintech.de\/"},{"@type":"ListItem","position":2,"name":"Shop","item":"https:\/\/kobi-medizintech.de\/shop\/"},{"@type":"ListItem","position":3,"name":"Silicon\u00f6l"}]},{"@type":"WebSite","@id":"https:\/\/kobi-medizintech.de\/#website","url":"https:\/\/kobi-medizintech.de\/","name":"KOBI-Medizintech","description":"Ihr flexibler Partner in der Endoskopie","publisher":{"@id":"https:\/\/kobi-medizintech.de\/#organization"},"potentialAction":[{"@type":"SearchAction","target":{"@type":"EntryPoint","urlTemplate":"https:\/\/kobi-medizintech.de\/?s={search_term_string}"},"query-input":{"@type":"PropertyValueSpecification","valueRequired":true,"valueName":"search_term_string"}}],"inLanguage":"en-GB"},{"@type":"Organization","@id":"https:\/\/kobi-medizintech.de\/#organization","name":"KOBI-Medizintech","url":"https:\/\/kobi-medizintech.de\/","logo":{"@type":"ImageObject","inLanguage":"en-GB","@id":"https:\/\/kobi-medizintech.de\/#\/schema\/logo\/image\/","url":"https:\/\/kobi-medizintech.de\/wp-content\/uploads\/2024\/12\/cropped-logo-small-moded.png","contentUrl":"https:\/\/kobi-medizintech.de\/wp-content\/uploads\/2024\/12\/cropped-logo-small-moded.png","width":150,"height":106,"caption":"KOBI-Medizintech"},"image":{"@id":"https:\/\/kobi-medizintech.de\/#\/schema\/logo\/image\/"}}]}},"_links":{"self":[{"href":"https:\/\/kobi-medizintech.de\/en\/wp-json\/wp\/v2\/product\/2250","targetHints":{"allow":["GET"]}}],"collection":[{"href":"https:\/\/kobi-medizintech.de\/en\/wp-json\/wp\/v2\/product"}],"about":[{"href":"https:\/\/kobi-medizintech.de\/en\/wp-json\/wp\/v2\/types\/product"}],"wp:featuredmedia":[{"embeddable":true,"href":"https:\/\/kobi-medizintech.de\/en\/wp-json\/wp\/v2\/media\/2280"}],"wp:attachment":[{"href":"https:\/\/kobi-medizintech.de\/en\/wp-json\/wp\/v2\/media?parent=2250"}],"wp:term":[{"taxonomy":"product_brand","embeddable":true,"href":"https:\/\/kobi-medizintech.de\/en\/wp-json\/wp\/v2\/product_brand?post=2250"},{"taxonomy":"product_cat","embeddable":true,"href":"https:\/\/kobi-medizintech.de\/en\/wp-json\/wp\/v2\/product_cat?post=2250"},{"taxonomy":"product_tag","embeddable":true,"href":"https:\/\/kobi-medizintech.de\/en\/wp-json\/wp\/v2\/product_tag?post=2250"}],"curies":[{"name":"wp","href":"https:\/\/api.w.org\/{rel}","templated":true}]}}