{"id":2238,"date":"2024-12-21T17:02:12","date_gmt":"2024-12-21T17:02:12","guid":{"rendered":"http:\/\/kobi-medizintech.de\/?post_type=product&#038;p=2238"},"modified":"2024-12-21T17:02:47","modified_gmt":"2024-12-21T17:02:47","slug":"enloop-for-cold-ablation-o-2-3-mm-or-1-8-mm-monofil-deschlingen-fuer-kaltabtragung-o-18-mm-23mm-monofil-mit-handgriff","status":"publish","type":"product","link":"https:\/\/kobi-medizintech.de\/en\/produkt\/enloop-for-cold-ablation-o-2-3-mm-or-1-8-mm-monofil-deschlingen-fuer-kaltabtragung-o-18-mm-23mm-monofil-mit-handgriff\/","title":{"rendered":"Loop for cold ablation \u00d8 2.3 mm or 1.8 mm, monofil."},"content":{"rendered":"<p>Loop for cold ablation, \u00d8  2.3 mm or 1.8 mm, monofil<\/p>\n\n<table id=\"tablepress-63\" class=\"tablepress tablepress-id-63\">\n<thead>\n<tr class=\"row-1\">\n\t<th class=\"column-1\"><strong> Clip Applicator <\/ strong><\/th><td colspan=\"2\" class=\"column-2\"><\/td>\n<\/tr>\n<\/thead>\n<tbody class=\"row-striping row-hover\">\n<tr class=\"row-2\">\n\t<td class=\"column-1\"><strong>Item-No. <\/strong><\/td><td class=\"column-2\"><strong>\u00d8 in mm <\/strong><\/td><td class=\"column-3\"><strong>Length in mm<\/strong><\/td>\n<\/tr>\n<tr class=\"row-3\">\n\t<td class=\"column-1\">LA-18-26-00<\/td><td class=\"column-2\">2,6 mm<\/td><td class=\"column-3\">1800 mm<\/td>\n<\/tr>\n<\/tbody>\n<\/table>\n<!-- #tablepress-63 from cache -->\n","protected":false},"excerpt":{"rendered":"<p>Loop for cold ablation, \u00d8  2.3 mm or 1.8 mm, monofil<\/p>\n","protected":false},"featured_media":2199,"template":"","meta":{"_themeisle_gutenberg_block_has_review":false},"product_brand":[],"product_cat":[93],"product_tag":[54,86,94,45,46,68,51,98,99,52,96,82,72,95,90,91,100,70,97],"class_list":{"0":"post-2238","1":"product","2":"type-product","3":"status-publish","4":"has-post-thumbnail","6":"product_cat-polypektomieschlingen","7":"product_tag-accessories","8":"product_tag-filiform","9":"product_tag-flachfeder","10":"product_tag-frem","11":"product_tag-fremd","12":"product_tag-graduierte","13":"product_tag-griff","14":"product_tag-hf","15":"product_tag-isolierte","16":"product_tag-klemm","17":"product_tag-koerbchenschlinge","18":"product_tag-magen","19":"product_tag-o-1","20":"product_tag-polypektomischlinge","21":"product_tag-ptfe","22":"product_tag-schlauch","23":"product_tag-schlingen","24":"product_tag-spitze","25":"product_tag-universalhandgriff","27":"first","28":"instock","29":"shipping-taxable","30":"product-type-simple"},"yoast_head":"<!-- This site is optimized with the Yoast SEO plugin v27.4 - https:\/\/yoast.com\/product\/yoast-seo-wordpress\/ -->\n<title>Loop for cold ablation \u00d8 2.3 mm or 1.8 mm, monofil.<\/title>\n<meta name=\"description\" content=\"Schlingen f\u00fcr Kaltabtragung, \u00d8 1,8 mm, monofil Sondergr\u00f6\u00dfen 40 \/ 45 \/ 60 mm auf Anfrage. Auf Wunsch liefern wir auch Schlingen ohne isolierte Spitze.\" \/>\n<meta name=\"robots\" content=\"index, follow, max-snippet:-1, max-image-preview:large, max-video-preview:-1\" \/>\n<link rel=\"canonical\" href=\"https:\/\/kobi-medizintech.de\/en\/produkt\/enloop-for-cold-ablation-o-2-3-mm-or-1-8-mm-monofil-deschlingen-fuer-kaltabtragung-o-18-mm-23mm-monofil-mit-handgriff\/\" \/>\n<meta property=\"og:locale\" content=\"en_US\" \/>\n<meta property=\"og:locale:alternate\" content=\"de_DE\" \/>\n<meta property=\"og:type\" content=\"article\" \/>\n<meta property=\"og:title\" content=\"Loop for cold ablation \u00d8 2.3 mm or 1.8 mm, monofil.\" \/>\n<meta property=\"og:description\" content=\"Schlingen f\u00fcr Kaltabtragung, \u00d8 1,8 mm, monofil Sondergr\u00f6\u00dfen 40 \/ 45 \/ 60 mm auf Anfrage. Auf Wunsch liefern wir auch Schlingen ohne isolierte Spitze.\" \/>\n<meta property=\"og:url\" content=\"https:\/\/kobi-medizintech.de\/en\/produkt\/enloop-for-cold-ablation-o-2-3-mm-or-1-8-mm-monofil-deschlingen-fuer-kaltabtragung-o-18-mm-23mm-monofil-mit-handgriff\/\" \/>\n<meta property=\"og:site_name\" content=\"KOBI-Medizintech\" \/>\n<meta property=\"article:modified_time\" content=\"2024-12-21T17:02:47+00:00\" \/>\n<meta property=\"og:image\" content=\"https:\/\/kobi-medizintech.de\/wp-content\/uploads\/2024\/12\/schling1.jpg\" \/>\n\t<meta property=\"og:image:width\" content=\"252\" \/>\n\t<meta property=\"og:image:height\" content=\"141\" \/>\n\t<meta property=\"og:image:type\" content=\"image\/jpeg\" \/>\n<meta name=\"twitter:card\" content=\"summary_large_image\" \/>\n<script type=\"application\/ld+json\" class=\"yoast-schema-graph\">{\"@context\":\"https:\\\/\\\/schema.org\",\"@graph\":[{\"@type\":\"WebPage\",\"@id\":\"https:\\\/\\\/kobi-medizintech.de\\\/produkt\\\/enloop-for-cold-ablation-o-2-3-mm-or-1-8-mm-monofil-deschlingen-fuer-kaltabtragung-o-18-mm-23mm-monofil-mit-handgriff\\\/\",\"url\":\"https:\\\/\\\/kobi-medizintech.de\\\/produkt\\\/enloop-for-cold-ablation-o-2-3-mm-or-1-8-mm-monofil-deschlingen-fuer-kaltabtragung-o-18-mm-23mm-monofil-mit-handgriff\\\/\",\"name\":\"Loop for cold ablation \u00d8 2.3 mm or 1.8 mm, monofil.\",\"isPartOf\":{\"@id\":\"https:\\\/\\\/kobi-medizintech.de\\\/#website\"},\"primaryImageOfPage\":{\"@id\":\"https:\\\/\\\/kobi-medizintech.de\\\/produkt\\\/enloop-for-cold-ablation-o-2-3-mm-or-1-8-mm-monofil-deschlingen-fuer-kaltabtragung-o-18-mm-23mm-monofil-mit-handgriff\\\/#primaryimage\"},\"image\":{\"@id\":\"https:\\\/\\\/kobi-medizintech.de\\\/produkt\\\/enloop-for-cold-ablation-o-2-3-mm-or-1-8-mm-monofil-deschlingen-fuer-kaltabtragung-o-18-mm-23mm-monofil-mit-handgriff\\\/#primaryimage\"},\"thumbnailUrl\":\"https:\\\/\\\/kobi-medizintech.de\\\/wp-content\\\/uploads\\\/2024\\\/12\\\/schling1.jpg\",\"datePublished\":\"2024-12-21T17:02:12+00:00\",\"dateModified\":\"2024-12-21T17:02:47+00:00\",\"description\":\"Schlingen f\u00fcr Kaltabtragung, \u00d8 1,8 mm, monofil Sondergr\u00f6\u00dfen 40 \\\/ 45 \\\/ 60 mm auf Anfrage. Auf Wunsch liefern wir auch Schlingen ohne isolierte Spitze.\",\"breadcrumb\":{\"@id\":\"https:\\\/\\\/kobi-medizintech.de\\\/produkt\\\/enloop-for-cold-ablation-o-2-3-mm-or-1-8-mm-monofil-deschlingen-fuer-kaltabtragung-o-18-mm-23mm-monofil-mit-handgriff\\\/#breadcrumb\"},\"inLanguage\":\"en-GB\",\"potentialAction\":[{\"@type\":\"ReadAction\",\"target\":[\"https:\\\/\\\/kobi-medizintech.de\\\/produkt\\\/enloop-for-cold-ablation-o-2-3-mm-or-1-8-mm-monofil-deschlingen-fuer-kaltabtragung-o-18-mm-23mm-monofil-mit-handgriff\\\/\"]}]},{\"@type\":\"ImageObject\",\"inLanguage\":\"en-GB\",\"@id\":\"https:\\\/\\\/kobi-medizintech.de\\\/produkt\\\/enloop-for-cold-ablation-o-2-3-mm-or-1-8-mm-monofil-deschlingen-fuer-kaltabtragung-o-18-mm-23mm-monofil-mit-handgriff\\\/#primaryimage\",\"url\":\"https:\\\/\\\/kobi-medizintech.de\\\/wp-content\\\/uploads\\\/2024\\\/12\\\/schling1.jpg\",\"contentUrl\":\"https:\\\/\\\/kobi-medizintech.de\\\/wp-content\\\/uploads\\\/2024\\\/12\\\/schling1.jpg\",\"width\":252,\"height\":141},{\"@type\":\"BreadcrumbList\",\"@id\":\"https:\\\/\\\/kobi-medizintech.de\\\/produkt\\\/enloop-for-cold-ablation-o-2-3-mm-or-1-8-mm-monofil-deschlingen-fuer-kaltabtragung-o-18-mm-23mm-monofil-mit-handgriff\\\/#breadcrumb\",\"itemListElement\":[{\"@type\":\"ListItem\",\"position\":1,\"name\":\"Startseite\",\"item\":\"https:\\\/\\\/kobi-medizintech.de\\\/\"},{\"@type\":\"ListItem\",\"position\":2,\"name\":\"Shop\",\"item\":\"https:\\\/\\\/kobi-medizintech.de\\\/shop\\\/\"},{\"@type\":\"ListItem\",\"position\":3,\"name\":\"Schlingen f\u00fcr Kaltabtragung, \u00d8 1,8 mm\\\/2,3mm, monofil, mit Handgriff\"}]},{\"@type\":\"WebSite\",\"@id\":\"https:\\\/\\\/kobi-medizintech.de\\\/#website\",\"url\":\"https:\\\/\\\/kobi-medizintech.de\\\/\",\"name\":\"KOBI-Medizintech\",\"description\":\"Ihr flexibler Partner in der Endoskopie\",\"publisher\":{\"@id\":\"https:\\\/\\\/kobi-medizintech.de\\\/#organization\"},\"potentialAction\":[{\"@type\":\"SearchAction\",\"target\":{\"@type\":\"EntryPoint\",\"urlTemplate\":\"https:\\\/\\\/kobi-medizintech.de\\\/?s={search_term_string}\"},\"query-input\":{\"@type\":\"PropertyValueSpecification\",\"valueRequired\":true,\"valueName\":\"search_term_string\"}}],\"inLanguage\":\"en-GB\"},{\"@type\":\"Organization\",\"@id\":\"https:\\\/\\\/kobi-medizintech.de\\\/#organization\",\"name\":\"KOBI-Medizintech\",\"url\":\"https:\\\/\\\/kobi-medizintech.de\\\/\",\"logo\":{\"@type\":\"ImageObject\",\"inLanguage\":\"en-GB\",\"@id\":\"https:\\\/\\\/kobi-medizintech.de\\\/#\\\/schema\\\/logo\\\/image\\\/\",\"url\":\"https:\\\/\\\/kobi-medizintech.de\\\/wp-content\\\/uploads\\\/2024\\\/12\\\/cropped-logo-small-moded.png\",\"contentUrl\":\"https:\\\/\\\/kobi-medizintech.de\\\/wp-content\\\/uploads\\\/2024\\\/12\\\/cropped-logo-small-moded.png\",\"width\":150,\"height\":106,\"caption\":\"KOBI-Medizintech\"},\"image\":{\"@id\":\"https:\\\/\\\/kobi-medizintech.de\\\/#\\\/schema\\\/logo\\\/image\\\/\"}}]}<\/script>\n<!-- \/ Yoast SEO plugin. -->","yoast_head_json":{"title":"Loop for cold ablation \u00d8 2.3 mm or 1.8 mm, monofil.","description":"Schlingen f\u00fcr Kaltabtragung, \u00d8 1,8 mm, monofil Sondergr\u00f6\u00dfen 40 \/ 45 \/ 60 mm auf Anfrage. Auf Wunsch liefern wir auch Schlingen ohne isolierte Spitze.","robots":{"index":"index","follow":"follow","max-snippet":"max-snippet:-1","max-image-preview":"max-image-preview:large","max-video-preview":"max-video-preview:-1"},"canonical":"https:\/\/kobi-medizintech.de\/en\/produkt\/enloop-for-cold-ablation-o-2-3-mm-or-1-8-mm-monofil-deschlingen-fuer-kaltabtragung-o-18-mm-23mm-monofil-mit-handgriff\/","og_locale":"en_US","og_type":"article","og_title":"[:en]Loop for cold ablation \u00d8 2.3 mm or 1.8 mm, monofil.[:de]Schlingen f\u00fcr Kaltabtragung, \u00d8 1,8 mm\/2,3mm, monofil, mit Handgriff[:] - KOBI-Medizintech","og_description":"Schlingen f\u00fcr Kaltabtragung, \u00d8 1,8 mm, monofil Sondergr\u00f6\u00dfen 40 \/ 45 \/ 60 mm auf Anfrage. Auf Wunsch liefern wir auch Schlingen ohne isolierte Spitze.","og_url":"https:\/\/kobi-medizintech.de\/en\/produkt\/enloop-for-cold-ablation-o-2-3-mm-or-1-8-mm-monofil-deschlingen-fuer-kaltabtragung-o-18-mm-23mm-monofil-mit-handgriff\/","og_site_name":"KOBI-Medizintech","article_modified_time":"2024-12-21T17:02:47+00:00","og_image":[{"width":252,"height":141,"url":"https:\/\/kobi-medizintech.de\/wp-content\/uploads\/2024\/12\/schling1.jpg","type":"image\/jpeg"}],"twitter_card":"summary_large_image","schema":{"@context":"https:\/\/schema.org","@graph":[{"@type":"WebPage","@id":"https:\/\/kobi-medizintech.de\/produkt\/enloop-for-cold-ablation-o-2-3-mm-or-1-8-mm-monofil-deschlingen-fuer-kaltabtragung-o-18-mm-23mm-monofil-mit-handgriff\/","url":"https:\/\/kobi-medizintech.de\/produkt\/enloop-for-cold-ablation-o-2-3-mm-or-1-8-mm-monofil-deschlingen-fuer-kaltabtragung-o-18-mm-23mm-monofil-mit-handgriff\/","name":"Loop for cold ablation \u00d8 2.3 mm or 1.8 mm, monofil.","isPartOf":{"@id":"https:\/\/kobi-medizintech.de\/#website"},"primaryImageOfPage":{"@id":"https:\/\/kobi-medizintech.de\/produkt\/enloop-for-cold-ablation-o-2-3-mm-or-1-8-mm-monofil-deschlingen-fuer-kaltabtragung-o-18-mm-23mm-monofil-mit-handgriff\/#primaryimage"},"image":{"@id":"https:\/\/kobi-medizintech.de\/produkt\/enloop-for-cold-ablation-o-2-3-mm-or-1-8-mm-monofil-deschlingen-fuer-kaltabtragung-o-18-mm-23mm-monofil-mit-handgriff\/#primaryimage"},"thumbnailUrl":"https:\/\/kobi-medizintech.de\/wp-content\/uploads\/2024\/12\/schling1.jpg","datePublished":"2024-12-21T17:02:12+00:00","dateModified":"2024-12-21T17:02:47+00:00","description":"Schlingen f\u00fcr Kaltabtragung, \u00d8 1,8 mm, monofil Sondergr\u00f6\u00dfen 40 \/ 45 \/ 60 mm auf Anfrage. Auf Wunsch liefern wir auch Schlingen ohne isolierte Spitze.","breadcrumb":{"@id":"https:\/\/kobi-medizintech.de\/produkt\/enloop-for-cold-ablation-o-2-3-mm-or-1-8-mm-monofil-deschlingen-fuer-kaltabtragung-o-18-mm-23mm-monofil-mit-handgriff\/#breadcrumb"},"inLanguage":"en-GB","potentialAction":[{"@type":"ReadAction","target":["https:\/\/kobi-medizintech.de\/produkt\/enloop-for-cold-ablation-o-2-3-mm-or-1-8-mm-monofil-deschlingen-fuer-kaltabtragung-o-18-mm-23mm-monofil-mit-handgriff\/"]}]},{"@type":"ImageObject","inLanguage":"en-GB","@id":"https:\/\/kobi-medizintech.de\/produkt\/enloop-for-cold-ablation-o-2-3-mm-or-1-8-mm-monofil-deschlingen-fuer-kaltabtragung-o-18-mm-23mm-monofil-mit-handgriff\/#primaryimage","url":"https:\/\/kobi-medizintech.de\/wp-content\/uploads\/2024\/12\/schling1.jpg","contentUrl":"https:\/\/kobi-medizintech.de\/wp-content\/uploads\/2024\/12\/schling1.jpg","width":252,"height":141},{"@type":"BreadcrumbList","@id":"https:\/\/kobi-medizintech.de\/produkt\/enloop-for-cold-ablation-o-2-3-mm-or-1-8-mm-monofil-deschlingen-fuer-kaltabtragung-o-18-mm-23mm-monofil-mit-handgriff\/#breadcrumb","itemListElement":[{"@type":"ListItem","position":1,"name":"Startseite","item":"https:\/\/kobi-medizintech.de\/"},{"@type":"ListItem","position":2,"name":"Shop","item":"https:\/\/kobi-medizintech.de\/shop\/"},{"@type":"ListItem","position":3,"name":"Schlingen f\u00fcr Kaltabtragung, \u00d8 1,8 mm\/2,3mm, monofil, mit Handgriff"}]},{"@type":"WebSite","@id":"https:\/\/kobi-medizintech.de\/#website","url":"https:\/\/kobi-medizintech.de\/","name":"KOBI-Medizintech","description":"Ihr flexibler Partner in der Endoskopie","publisher":{"@id":"https:\/\/kobi-medizintech.de\/#organization"},"potentialAction":[{"@type":"SearchAction","target":{"@type":"EntryPoint","urlTemplate":"https:\/\/kobi-medizintech.de\/?s={search_term_string}"},"query-input":{"@type":"PropertyValueSpecification","valueRequired":true,"valueName":"search_term_string"}}],"inLanguage":"en-GB"},{"@type":"Organization","@id":"https:\/\/kobi-medizintech.de\/#organization","name":"KOBI-Medizintech","url":"https:\/\/kobi-medizintech.de\/","logo":{"@type":"ImageObject","inLanguage":"en-GB","@id":"https:\/\/kobi-medizintech.de\/#\/schema\/logo\/image\/","url":"https:\/\/kobi-medizintech.de\/wp-content\/uploads\/2024\/12\/cropped-logo-small-moded.png","contentUrl":"https:\/\/kobi-medizintech.de\/wp-content\/uploads\/2024\/12\/cropped-logo-small-moded.png","width":150,"height":106,"caption":"KOBI-Medizintech"},"image":{"@id":"https:\/\/kobi-medizintech.de\/#\/schema\/logo\/image\/"}}]}},"_links":{"self":[{"href":"https:\/\/kobi-medizintech.de\/en\/wp-json\/wp\/v2\/product\/2238","targetHints":{"allow":["GET"]}}],"collection":[{"href":"https:\/\/kobi-medizintech.de\/en\/wp-json\/wp\/v2\/product"}],"about":[{"href":"https:\/\/kobi-medizintech.de\/en\/wp-json\/wp\/v2\/types\/product"}],"wp:featuredmedia":[{"embeddable":true,"href":"https:\/\/kobi-medizintech.de\/en\/wp-json\/wp\/v2\/media\/2199"}],"wp:attachment":[{"href":"https:\/\/kobi-medizintech.de\/en\/wp-json\/wp\/v2\/media?parent=2238"}],"wp:term":[{"taxonomy":"product_brand","embeddable":true,"href":"https:\/\/kobi-medizintech.de\/en\/wp-json\/wp\/v2\/product_brand?post=2238"},{"taxonomy":"product_cat","embeddable":true,"href":"https:\/\/kobi-medizintech.de\/en\/wp-json\/wp\/v2\/product_cat?post=2238"},{"taxonomy":"product_tag","embeddable":true,"href":"https:\/\/kobi-medizintech.de\/en\/wp-json\/wp\/v2\/product_tag?post=2238"}],"curies":[{"name":"wp","href":"https:\/\/api.w.org\/{rel}","templated":true}]}}