{"id":2215,"date":"2024-12-21T17:01:41","date_gmt":"2024-12-21T17:01:41","guid":{"rendered":"http:\/\/kobi-medizintech.de\/?post_type=product&#038;p=2215"},"modified":"2024-12-21T17:02:28","modified_gmt":"2024-12-21T17:02:28","slug":"enwater-bottle-alternitive-for-presurised-rinsing-devicedefluessigkeitsbehaelter-aus-glas-autoklavierbar-2-l-einzeln","status":"publish","type":"product","link":"https:\/\/kobi-medizintech.de\/en\/produkt\/enwater-bottle-alternitive-for-presurised-rinsing-devicedefluessigkeitsbehaelter-aus-glas-autoklavierbar-2-l-einzeln\/","title":{"rendered":"water bottle (alternitive) for presurised rinsing device"},"content":{"rendered":"<p>Presure rinsing apparatus, Replacement parts and Accessories: water bottle (alternitive)<\/p>\n\n<table id=\"tablepress-54\" class=\"tablepress tablepress-id-54 tbody-has-connected-cells\">\n<thead>\n<tr class=\"row-1\">\n\t<th class=\"column-1\"><strong>Item-No.<\/strong><\/th><th class=\"column-2\"><strong>Designation<\/strong><\/th>\n<\/tr>\n<\/thead>\n<tbody class=\"row-striping row-hover\">\n<tr class=\"row-2\">\n\t<td colspan=\"2\" class=\"column-1\"><strong>Pressure flushing device<\/strong><\/td>\n<\/tr>\n<tr class=\"row-3\">\n\t<td class=\"column-1\">SP-70-00-00<\/td><td class=\"column-2\">Pressure flushing device<\/td>\n<\/tr>\n<tr class=\"row-4\">\n\t<td colspan=\"2\" class=\"column-1\"><strong>Pressure flushing device, Replacement parts and Accessories <\/strong><\/td>\n<\/tr>\n<tr class=\"row-5\">\n\t<td class=\"column-1\">SP-70-00-10<\/td><td class=\"column-2\">delivery unit<\/td>\n<\/tr>\n<tr class=\"row-6\">\n\t<td class=\"column-1\">SP-60-00-02<\/td><td class=\"column-2\">footswitch<\/td>\n<\/tr>\n<tr class=\"row-7\">\n\t<td class=\"column-1\">SP-60-00-03<\/td><td class=\"column-2\">liquid container<\/td>\n<\/tr>\n<tr class=\"row-8\">\n\t<td class=\"column-1\">SP-60-00-04<\/td><td class=\"column-2\">hose system<\/td>\n<\/tr>\n<tr class=\"row-9\">\n\t<td class=\"column-1\">SP-60-00-05<\/td><td class=\"column-2\">cleaning hose<\/td>\n<\/tr>\n<tr class=\"row-10\">\n\t<td class=\"column-1\">SP-60-00-06<\/td><td class=\"column-2\">Rinsing hose universal<\/td>\n<\/tr>\n<tr class=\"row-11\">\n\t<td class=\"column-1\">SP-70-00-04<\/td><td class=\"column-2\">Rinsing hose for SP-70-00-00<\/td>\n<\/tr>\n<tr class=\"row-12\">\n\t<td class=\"column-1\">SP-60-00-10<\/td><td class=\"column-2\">Rinsing adapter Olympus<\/td>\n<\/tr>\n<tr class=\"row-13\">\n\t<td class=\"column-1\">SP-60-00-11<\/td><td class=\"column-2\">Sealing disc pack = 20 pieces.<\/td>\n<\/tr>\n<tr class=\"row-14\">\n\t<td class=\"column-1\">SP-60-00-20<\/td><td class=\"column-2\">Rinsing adapter Pentax<\/td>\n<\/tr>\n<tr class=\"row-15\">\n\t<td class=\"column-1\">SP-60-00-21<\/td><td class=\"column-2\">Sealing disc pack = 20 pieces.<\/td>\n<\/tr>\n<tr class=\"row-16\">\n\t<td class=\"column-1\">SP-60-00-30<\/td><td class=\"column-2\">Rinsing adapter Fujinon<\/td>\n<\/tr>\n<tr class=\"row-17\">\n\t<td class=\"column-1\">Sp-60-00-31<\/td><td class=\"column-2\">Sealing disc pack = 20 pieces.<\/td>\n<\/tr>\n<\/tbody>\n<\/table>\n<!-- #tablepress-54 from cache -->\n","protected":false},"excerpt":{"rendered":"<p>Presure rinsing apparatus, Replacement parts and Accessories<\/p>\n","protected":false},"featured_media":2232,"template":"","meta":{"_themeisle_gutenberg_block_has_review":false},"product_brand":[],"product_cat":[147],"product_tag":[54,148,149,154,140,155,143,115,141,152,68,51,138,124,125,142,99,52,107,72,144,145,91,118,97,151,146,58],"class_list":{"0":"post-2215","1":"product","2":"type-product","3":"status-publish","4":"has-post-thumbnail","6":"product_cat-zubehoer-fuer-geraete","7":"product_tag-accessories","8":"product_tag-autoclavable","9":"product_tag-bottle","10":"product_tag-druckspuelgeraet","11":"product_tag-endoscopy","12":"product_tag-ersatzteile","13":"product_tag-federclips","14":"product_tag-fillform","15":"product_tag-gel","16":"product_tag-geraete","17":"product_tag-graduierte","18":"product_tag-griff","19":"product_tag-halter","20":"product_tag-handle","21":"product_tag-instrumentenhalter","22":"product_tag-instrumentenreinigung","23":"product_tag-isolierte","24":"product_tag-klemm","25":"product_tag-luer","26":"product_tag-o-1","27":"product_tag-pe","28":"product_tag-pe-zangen","29":"product_tag-schlauch","30":"product_tag-standart","31":"product_tag-universalhandgriff","32":"product_tag-water","33":"product_tag-zangen","34":"product_tag-zubehoer","36":"first","37":"instock","38":"shipping-taxable","39":"product-type-simple"},"yoast_head":"<!-- This site is optimized with the Yoast SEO plugin v27.3 - https:\/\/yoast.com\/product\/yoast-seo-wordpress\/ -->\n<title>water bottle (alternitive) for presurised rinsing device<\/title>\n<meta name=\"description\" content=\"{:de}Drucksp\u00fclger\u00e4t, Ersatzteile und Zubeh\u00f6r{:en}Mandrin zum ERCP- Katheter{:}\" \/>\n<meta name=\"robots\" content=\"index, follow, max-snippet:-1, max-image-preview:large, max-video-preview:-1\" \/>\n<link rel=\"canonical\" href=\"https:\/\/kobi-medizintech.de\/en\/produkt\/enwater-bottle-alternitive-for-presurised-rinsing-devicedefluessigkeitsbehaelter-aus-glas-autoklavierbar-2-l-einzeln\/\" \/>\n<meta property=\"og:locale\" content=\"en_US\" \/>\n<meta property=\"og:locale:alternate\" content=\"de_DE\" \/>\n<meta property=\"og:type\" content=\"article\" \/>\n<meta property=\"og:title\" content=\"water bottle (alternitive) for presurised rinsing device\" \/>\n<meta property=\"og:description\" content=\"{:de}Drucksp\u00fclger\u00e4t, Ersatzteile und Zubeh\u00f6r{:en}Mandrin zum ERCP- Katheter{:}\" \/>\n<meta property=\"og:url\" content=\"https:\/\/kobi-medizintech.de\/en\/produkt\/enwater-bottle-alternitive-for-presurised-rinsing-devicedefluessigkeitsbehaelter-aus-glas-autoklavierbar-2-l-einzeln\/\" \/>\n<meta property=\"og:site_name\" content=\"KOBI-Medizintech\" \/>\n<meta property=\"article:modified_time\" content=\"2024-12-21T17:02:28+00:00\" \/>\n<meta name=\"twitter:card\" content=\"summary_large_image\" \/>\n<script type=\"application\/ld+json\" class=\"yoast-schema-graph\">{\"@context\":\"https:\\\/\\\/schema.org\",\"@graph\":[{\"@type\":\"WebPage\",\"@id\":\"https:\\\/\\\/kobi-medizintech.de\\\/produkt\\\/enwater-bottle-alternitive-for-presurised-rinsing-devicedefluessigkeitsbehaelter-aus-glas-autoklavierbar-2-l-einzeln\\\/\",\"url\":\"https:\\\/\\\/kobi-medizintech.de\\\/produkt\\\/enwater-bottle-alternitive-for-presurised-rinsing-devicedefluessigkeitsbehaelter-aus-glas-autoklavierbar-2-l-einzeln\\\/\",\"name\":\"water bottle (alternitive) for presurised rinsing device\",\"isPartOf\":{\"@id\":\"https:\\\/\\\/kobi-medizintech.de\\\/#website\"},\"primaryImageOfPage\":{\"@id\":\"https:\\\/\\\/kobi-medizintech.de\\\/produkt\\\/enwater-bottle-alternitive-for-presurised-rinsing-devicedefluessigkeitsbehaelter-aus-glas-autoklavierbar-2-l-einzeln\\\/#primaryimage\"},\"image\":{\"@id\":\"https:\\\/\\\/kobi-medizintech.de\\\/produkt\\\/enwater-bottle-alternitive-for-presurised-rinsing-devicedefluessigkeitsbehaelter-aus-glas-autoklavierbar-2-l-einzeln\\\/#primaryimage\"},\"thumbnailUrl\":\"https:\\\/\\\/kobi-medizintech.de\\\/wp-content\\\/uploads\\\/2024\\\/12\\\/0ccls6b3.bmp\",\"datePublished\":\"2024-12-21T17:01:41+00:00\",\"dateModified\":\"2024-12-21T17:02:28+00:00\",\"description\":\"{:de}Drucksp\u00fclger\u00e4t, Ersatzteile und Zubeh\u00f6r{:en}Mandrin zum ERCP- Katheter{:}\",\"breadcrumb\":{\"@id\":\"https:\\\/\\\/kobi-medizintech.de\\\/produkt\\\/enwater-bottle-alternitive-for-presurised-rinsing-devicedefluessigkeitsbehaelter-aus-glas-autoklavierbar-2-l-einzeln\\\/#breadcrumb\"},\"inLanguage\":\"en-GB\",\"potentialAction\":[{\"@type\":\"ReadAction\",\"target\":[\"https:\\\/\\\/kobi-medizintech.de\\\/produkt\\\/enwater-bottle-alternitive-for-presurised-rinsing-devicedefluessigkeitsbehaelter-aus-glas-autoklavierbar-2-l-einzeln\\\/\"]}]},{\"@type\":\"ImageObject\",\"inLanguage\":\"en-GB\",\"@id\":\"https:\\\/\\\/kobi-medizintech.de\\\/produkt\\\/enwater-bottle-alternitive-for-presurised-rinsing-devicedefluessigkeitsbehaelter-aus-glas-autoklavierbar-2-l-einzeln\\\/#primaryimage\",\"url\":\"https:\\\/\\\/kobi-medizintech.de\\\/wp-content\\\/uploads\\\/2024\\\/12\\\/0ccls6b3.bmp\",\"contentUrl\":\"https:\\\/\\\/kobi-medizintech.de\\\/wp-content\\\/uploads\\\/2024\\\/12\\\/0ccls6b3.bmp\",\"width\":122,\"height\":139},{\"@type\":\"BreadcrumbList\",\"@id\":\"https:\\\/\\\/kobi-medizintech.de\\\/produkt\\\/enwater-bottle-alternitive-for-presurised-rinsing-devicedefluessigkeitsbehaelter-aus-glas-autoklavierbar-2-l-einzeln\\\/#breadcrumb\",\"itemListElement\":[{\"@type\":\"ListItem\",\"position\":1,\"name\":\"Startseite\",\"item\":\"https:\\\/\\\/kobi-medizintech.de\\\/\"},{\"@type\":\"ListItem\",\"position\":2,\"name\":\"Shop\",\"item\":\"https:\\\/\\\/kobi-medizintech.de\\\/shop\\\/\"},{\"@type\":\"ListItem\",\"position\":3,\"name\":\"Fl\u00fcssigkeitsbeh\u00e4lter aus Glas (autoklavierbar, 2 l, einzeln)\"}]},{\"@type\":\"WebSite\",\"@id\":\"https:\\\/\\\/kobi-medizintech.de\\\/#website\",\"url\":\"https:\\\/\\\/kobi-medizintech.de\\\/\",\"name\":\"KOBI-Medizintech\",\"description\":\"Ihr flexibler Partner in der Endoskopie\",\"publisher\":{\"@id\":\"https:\\\/\\\/kobi-medizintech.de\\\/#organization\"},\"potentialAction\":[{\"@type\":\"SearchAction\",\"target\":{\"@type\":\"EntryPoint\",\"urlTemplate\":\"https:\\\/\\\/kobi-medizintech.de\\\/?s={search_term_string}\"},\"query-input\":{\"@type\":\"PropertyValueSpecification\",\"valueRequired\":true,\"valueName\":\"search_term_string\"}}],\"inLanguage\":\"en-GB\"},{\"@type\":\"Organization\",\"@id\":\"https:\\\/\\\/kobi-medizintech.de\\\/#organization\",\"name\":\"KOBI-Medizintech\",\"url\":\"https:\\\/\\\/kobi-medizintech.de\\\/\",\"logo\":{\"@type\":\"ImageObject\",\"inLanguage\":\"en-GB\",\"@id\":\"https:\\\/\\\/kobi-medizintech.de\\\/#\\\/schema\\\/logo\\\/image\\\/\",\"url\":\"https:\\\/\\\/kobi-medizintech.de\\\/wp-content\\\/uploads\\\/2024\\\/12\\\/cropped-logo-small-moded.png\",\"contentUrl\":\"https:\\\/\\\/kobi-medizintech.de\\\/wp-content\\\/uploads\\\/2024\\\/12\\\/cropped-logo-small-moded.png\",\"width\":150,\"height\":106,\"caption\":\"KOBI-Medizintech\"},\"image\":{\"@id\":\"https:\\\/\\\/kobi-medizintech.de\\\/#\\\/schema\\\/logo\\\/image\\\/\"}}]}<\/script>\n<!-- \/ Yoast SEO plugin. -->","yoast_head_json":{"title":"water bottle (alternitive) for presurised rinsing device","description":"{:de}Drucksp\u00fclger\u00e4t, Ersatzteile und Zubeh\u00f6r{:en}Mandrin zum ERCP- Katheter{:}","robots":{"index":"index","follow":"follow","max-snippet":"max-snippet:-1","max-image-preview":"max-image-preview:large","max-video-preview":"max-video-preview:-1"},"canonical":"https:\/\/kobi-medizintech.de\/en\/produkt\/enwater-bottle-alternitive-for-presurised-rinsing-devicedefluessigkeitsbehaelter-aus-glas-autoklavierbar-2-l-einzeln\/","og_locale":"en_US","og_type":"article","og_title":"[:en]water bottle (alternitive) for presurised rinsing device[:de]Fl\u00fcssigkeitsbeh\u00e4lter aus Glas (autoklavierbar, 2 l, einzeln)[:] - KOBI-Medizintech","og_description":"{:de}Drucksp\u00fclger\u00e4t, Ersatzteile und Zubeh\u00f6r{:en}Mandrin zum ERCP- Katheter{:}","og_url":"https:\/\/kobi-medizintech.de\/en\/produkt\/enwater-bottle-alternitive-for-presurised-rinsing-devicedefluessigkeitsbehaelter-aus-glas-autoklavierbar-2-l-einzeln\/","og_site_name":"KOBI-Medizintech","article_modified_time":"2024-12-21T17:02:28+00:00","twitter_card":"summary_large_image","schema":{"@context":"https:\/\/schema.org","@graph":[{"@type":"WebPage","@id":"https:\/\/kobi-medizintech.de\/produkt\/enwater-bottle-alternitive-for-presurised-rinsing-devicedefluessigkeitsbehaelter-aus-glas-autoklavierbar-2-l-einzeln\/","url":"https:\/\/kobi-medizintech.de\/produkt\/enwater-bottle-alternitive-for-presurised-rinsing-devicedefluessigkeitsbehaelter-aus-glas-autoklavierbar-2-l-einzeln\/","name":"water bottle (alternitive) for presurised rinsing device","isPartOf":{"@id":"https:\/\/kobi-medizintech.de\/#website"},"primaryImageOfPage":{"@id":"https:\/\/kobi-medizintech.de\/produkt\/enwater-bottle-alternitive-for-presurised-rinsing-devicedefluessigkeitsbehaelter-aus-glas-autoklavierbar-2-l-einzeln\/#primaryimage"},"image":{"@id":"https:\/\/kobi-medizintech.de\/produkt\/enwater-bottle-alternitive-for-presurised-rinsing-devicedefluessigkeitsbehaelter-aus-glas-autoklavierbar-2-l-einzeln\/#primaryimage"},"thumbnailUrl":"https:\/\/kobi-medizintech.de\/wp-content\/uploads\/2024\/12\/0ccls6b3.bmp","datePublished":"2024-12-21T17:01:41+00:00","dateModified":"2024-12-21T17:02:28+00:00","description":"{:de}Drucksp\u00fclger\u00e4t, Ersatzteile und Zubeh\u00f6r{:en}Mandrin zum ERCP- Katheter{:}","breadcrumb":{"@id":"https:\/\/kobi-medizintech.de\/produkt\/enwater-bottle-alternitive-for-presurised-rinsing-devicedefluessigkeitsbehaelter-aus-glas-autoklavierbar-2-l-einzeln\/#breadcrumb"},"inLanguage":"en-GB","potentialAction":[{"@type":"ReadAction","target":["https:\/\/kobi-medizintech.de\/produkt\/enwater-bottle-alternitive-for-presurised-rinsing-devicedefluessigkeitsbehaelter-aus-glas-autoklavierbar-2-l-einzeln\/"]}]},{"@type":"ImageObject","inLanguage":"en-GB","@id":"https:\/\/kobi-medizintech.de\/produkt\/enwater-bottle-alternitive-for-presurised-rinsing-devicedefluessigkeitsbehaelter-aus-glas-autoklavierbar-2-l-einzeln\/#primaryimage","url":"https:\/\/kobi-medizintech.de\/wp-content\/uploads\/2024\/12\/0ccls6b3.bmp","contentUrl":"https:\/\/kobi-medizintech.de\/wp-content\/uploads\/2024\/12\/0ccls6b3.bmp","width":122,"height":139},{"@type":"BreadcrumbList","@id":"https:\/\/kobi-medizintech.de\/produkt\/enwater-bottle-alternitive-for-presurised-rinsing-devicedefluessigkeitsbehaelter-aus-glas-autoklavierbar-2-l-einzeln\/#breadcrumb","itemListElement":[{"@type":"ListItem","position":1,"name":"Startseite","item":"https:\/\/kobi-medizintech.de\/"},{"@type":"ListItem","position":2,"name":"Shop","item":"https:\/\/kobi-medizintech.de\/shop\/"},{"@type":"ListItem","position":3,"name":"Fl\u00fcssigkeitsbeh\u00e4lter aus Glas (autoklavierbar, 2 l, einzeln)"}]},{"@type":"WebSite","@id":"https:\/\/kobi-medizintech.de\/#website","url":"https:\/\/kobi-medizintech.de\/","name":"KOBI-Medizintech","description":"Ihr flexibler Partner in der Endoskopie","publisher":{"@id":"https:\/\/kobi-medizintech.de\/#organization"},"potentialAction":[{"@type":"SearchAction","target":{"@type":"EntryPoint","urlTemplate":"https:\/\/kobi-medizintech.de\/?s={search_term_string}"},"query-input":{"@type":"PropertyValueSpecification","valueRequired":true,"valueName":"search_term_string"}}],"inLanguage":"en-GB"},{"@type":"Organization","@id":"https:\/\/kobi-medizintech.de\/#organization","name":"KOBI-Medizintech","url":"https:\/\/kobi-medizintech.de\/","logo":{"@type":"ImageObject","inLanguage":"en-GB","@id":"https:\/\/kobi-medizintech.de\/#\/schema\/logo\/image\/","url":"https:\/\/kobi-medizintech.de\/wp-content\/uploads\/2024\/12\/cropped-logo-small-moded.png","contentUrl":"https:\/\/kobi-medizintech.de\/wp-content\/uploads\/2024\/12\/cropped-logo-small-moded.png","width":150,"height":106,"caption":"KOBI-Medizintech"},"image":{"@id":"https:\/\/kobi-medizintech.de\/#\/schema\/logo\/image\/"}}]}},"_links":{"self":[{"href":"https:\/\/kobi-medizintech.de\/en\/wp-json\/wp\/v2\/product\/2215","targetHints":{"allow":["GET"]}}],"collection":[{"href":"https:\/\/kobi-medizintech.de\/en\/wp-json\/wp\/v2\/product"}],"about":[{"href":"https:\/\/kobi-medizintech.de\/en\/wp-json\/wp\/v2\/types\/product"}],"wp:featuredmedia":[{"embeddable":true,"href":"https:\/\/kobi-medizintech.de\/en\/wp-json\/wp\/v2\/media\/2232"}],"wp:attachment":[{"href":"https:\/\/kobi-medizintech.de\/en\/wp-json\/wp\/v2\/media?parent=2215"}],"wp:term":[{"taxonomy":"product_brand","embeddable":true,"href":"https:\/\/kobi-medizintech.de\/en\/wp-json\/wp\/v2\/product_brand?post=2215"},{"taxonomy":"product_cat","embeddable":true,"href":"https:\/\/kobi-medizintech.de\/en\/wp-json\/wp\/v2\/product_cat?post=2215"},{"taxonomy":"product_tag","embeddable":true,"href":"https:\/\/kobi-medizintech.de\/en\/wp-json\/wp\/v2\/product_tag?post=2215"}],"curies":[{"name":"wp","href":"https:\/\/api.w.org\/{rel}","templated":true}]}}