{"id":2194,"date":"2024-12-21T17:01:14","date_gmt":"2024-12-21T17:01:14","guid":{"rendered":"http:\/\/kobi-medizintech.de\/?post_type=product&#038;p=2194"},"modified":"2024-12-21T17:01:54","modified_gmt":"2024-12-21T17:01:54","slug":"endouble-cleaning-brushes-30-mm-flexible-tip-70-mm-120-mm-brushdereinigungsbuerste-doppelt-buersten-o-30-mm-bis-50-mm-flexible-spitze","status":"publish","type":"product","link":"https:\/\/kobi-medizintech.de\/en\/produkt\/endouble-cleaning-brushes-30-mm-flexible-tip-70-mm-120-mm-brushdereinigungsbuerste-doppelt-buersten-o-30-mm-bis-50-mm-flexible-spitze\/","title":{"rendered":"Double cleaning brushes, 30 mm flexible tip 7,0 mm\/ 12,0 mm brush"},"content":{"rendered":"<p>Double cleaning brushes, 30 mm\u00a0 flexible tip 7,0 mm\/ 12,0 mm brush<br \/>\nfor endoscopy<\/p>\n\n<table id=\"tablepress-47\" class=\"tablepress tablepress-id-47\">\n<thead>\n<tr class=\"row-1\">\n\t<th class=\"column-1\">Item-No.<\/th><th class=\"column-2\">Diameter \u00d8 in mm of the brush<\/th><th class=\"column-3\">Diameter \u00d8 in mm of the spiral<\/th><th class=\"column-4\">Length in mm<\/th>\n<\/tr>\n<\/thead>\n<tbody class=\"row-striping row-hover\">\n<tr class=\"row-2\">\n\t<td class=\"column-1\">RB-11-18-13<\/td><td class=\"column-2\">3,0 mm<\/td><td class=\"column-3\">1,8 mm<\/td><td class=\"column-4\">1100 mm<\/td>\n<\/tr>\n<tr class=\"row-3\">\n\t<td class=\"column-1\">RB-16-18-13<\/td><td class=\"column-2\">3,0 mm<\/td><td class=\"column-3\">1,8 mm<\/td><td class=\"column-4\">1600 mm<\/td>\n<\/tr>\n<tr class=\"row-4\">\n\t<td class=\"column-1\">RB-18-18-13<\/td><td class=\"column-2\">3,0 mm<\/td><td class=\"column-3\">1,8 mm<\/td><td class=\"column-4\">1800 mm<\/td>\n<\/tr>\n<tr class=\"row-5\">\n\t<td class=\"column-1\">RB-23-18-13<\/td><td class=\"column-2\">3,0 mm<\/td><td class=\"column-3\">1,8 mm<\/td><td class=\"column-4\">2300 mm<\/td>\n<\/tr>\n<tr class=\"row-6\">\n\t<td class=\"column-1\">RB-11-20-14<\/td><td class=\"column-2\">4,0 mm<\/td><td class=\"column-3\">2,0 mm<\/td><td class=\"column-4\">1100 mm<\/td>\n<\/tr>\n<tr class=\"row-7\">\n\t<td class=\"column-1\">RB-16-20-14<\/td><td class=\"column-2\">4,0 mm<\/td><td class=\"column-3\">2,0 mm<\/td><td class=\"column-4\">1600 mm<\/td>\n<\/tr>\n<tr class=\"row-8\">\n\t<td class=\"column-1\">RB-18-20-14<\/td><td class=\"column-2\">4,0 mm<\/td><td class=\"column-3\">2,0 mm<\/td><td class=\"column-4\">1800 mm<\/td>\n<\/tr>\n<tr class=\"row-9\">\n\t<td class=\"column-1\">RB-23-20-14<\/td><td class=\"column-2\">4,0 mm<\/td><td class=\"column-3\">2,0 mm<\/td><td class=\"column-4\">2300 mm<\/td>\n<\/tr>\n<tr class=\"row-10\">\n\t<td class=\"column-1\">RB-11-20-15<\/td><td class=\"column-2\">5,0 mm<\/td><td class=\"column-3\">2,0 mm<\/td><td class=\"column-4\">1100 mm<\/td>\n<\/tr>\n<tr class=\"row-11\">\n\t<td class=\"column-1\">RB-16-20-15<\/td><td class=\"column-2\">5,0 mm<\/td><td class=\"column-3\">2,0 mm<\/td><td class=\"column-4\">1600 mm<\/td>\n<\/tr>\n<tr class=\"row-12\">\n\t<td class=\"column-1\">RB-18-20-15<\/td><td class=\"column-2\">5,0 mm<\/td><td class=\"column-3\">2,0 mm<\/td><td class=\"column-4\">1800 mm<\/td>\n<\/tr>\n<tr class=\"row-13\">\n\t<td class=\"column-1\">RB-23-20-15<\/td><td class=\"column-2\">5,0 mm<\/td><td class=\"column-3\">2,0 mm<\/td><td class=\"column-4\">2300 mm<\/td>\n<\/tr>\n<\/tbody>\n<\/table>\n<!-- #tablepress-47 from cache -->\n","protected":false},"excerpt":{"rendered":"<p>double cleaning brushes, 30 mm\u00a0 flexible tip 7,0 mm\/ 12,0 mm brush<br \/>\nfor endoscopy<\/p>\n","protected":false},"featured_media":2224,"template":"","meta":{"_themeisle_gutenberg_block_has_review":false},"product_brand":[],"product_cat":[120],"product_tag":[121,114,128,115,68,51,124,125,99,102,52,112,106,107,72,116,126,127,117,91,118,97,58,122,123],"class_list":{"0":"post-2194","1":"product","2":"type-product","3":"status-publish","4":"has-post-thumbnail","6":"product_cat-reinigungsbuersten","7":"product_tag-buersten","8":"product_tag-connection","9":"product_tag-double","10":"product_tag-fillform","11":"product_tag-graduierte","12":"product_tag-griff","13":"product_tag-handle","14":"product_tag-instrumentenhalter","15":"product_tag-isolierte","16":"product_tag-isolierte-spitze","17":"product_tag-klemm","18":"product_tag-lithotripsie","19":"product_tag-lock","20":"product_tag-luer","21":"product_tag-o-1","22":"product_tag-probes","23":"product_tag-reinigen","24":"product_tag-reinigeren","25":"product_tag-rinsing","26":"product_tag-schlauch","27":"product_tag-standart","28":"product_tag-universalhandgriff","29":"product_tag-zubehoer","30":"product_tag-zytologie","31":"product_tag-zytologiebuersten","33":"first","34":"instock","35":"shipping-taxable","36":"product-type-simple"},"yoast_head":"<!-- This site is optimized with the Yoast SEO plugin v27.4 - https:\/\/yoast.com\/product\/yoast-seo-wordpress\/ -->\n<title>Double cleaning brushes, 30 mm flexible tip 7,0 mm\/ 12,0 mm brush<\/title>\n<meta name=\"description\" content=\"{:de}Reinigungsb\u00fcrste doppelt, 30 mm flexible Spitze{:en}Mandrin zum ERCP- Katheter{:}\" \/>\n<meta name=\"robots\" content=\"index, follow, max-snippet:-1, max-image-preview:large, max-video-preview:-1\" \/>\n<link rel=\"canonical\" href=\"https:\/\/kobi-medizintech.de\/en\/produkt\/endouble-cleaning-brushes-30-mm-flexible-tip-70-mm-120-mm-brushdereinigungsbuerste-doppelt-buersten-o-30-mm-bis-50-mm-flexible-spitze\/\" \/>\n<meta property=\"og:locale\" content=\"en_US\" \/>\n<meta property=\"og:locale:alternate\" content=\"de_DE\" \/>\n<meta property=\"og:type\" content=\"article\" \/>\n<meta property=\"og:title\" content=\"Double cleaning brushes, 30 mm flexible tip 7,0 mm\/ 12,0 mm brush\" \/>\n<meta property=\"og:description\" content=\"{:de}Reinigungsb\u00fcrste doppelt, 30 mm flexible Spitze{:en}Mandrin zum ERCP- Katheter{:}\" \/>\n<meta property=\"og:url\" content=\"https:\/\/kobi-medizintech.de\/en\/produkt\/endouble-cleaning-brushes-30-mm-flexible-tip-70-mm-120-mm-brushdereinigungsbuerste-doppelt-buersten-o-30-mm-bis-50-mm-flexible-spitze\/\" \/>\n<meta property=\"og:site_name\" content=\"KOBI-Medizintech\" \/>\n<meta property=\"article:modified_time\" content=\"2024-12-21T17:01:54+00:00\" \/>\n<meta name=\"twitter:card\" content=\"summary_large_image\" \/>\n<script type=\"application\/ld+json\" class=\"yoast-schema-graph\">{\"@context\":\"https:\\\/\\\/schema.org\",\"@graph\":[{\"@type\":\"WebPage\",\"@id\":\"https:\\\/\\\/kobi-medizintech.de\\\/produkt\\\/endouble-cleaning-brushes-30-mm-flexible-tip-70-mm-120-mm-brushdereinigungsbuerste-doppelt-buersten-o-30-mm-bis-50-mm-flexible-spitze\\\/\",\"url\":\"https:\\\/\\\/kobi-medizintech.de\\\/produkt\\\/endouble-cleaning-brushes-30-mm-flexible-tip-70-mm-120-mm-brushdereinigungsbuerste-doppelt-buersten-o-30-mm-bis-50-mm-flexible-spitze\\\/\",\"name\":\"Double cleaning brushes, 30 mm flexible tip 7,0 mm\\\/ 12,0 mm brush\",\"isPartOf\":{\"@id\":\"https:\\\/\\\/kobi-medizintech.de\\\/#website\"},\"primaryImageOfPage\":{\"@id\":\"https:\\\/\\\/kobi-medizintech.de\\\/produkt\\\/endouble-cleaning-brushes-30-mm-flexible-tip-70-mm-120-mm-brushdereinigungsbuerste-doppelt-buersten-o-30-mm-bis-50-mm-flexible-spitze\\\/#primaryimage\"},\"image\":{\"@id\":\"https:\\\/\\\/kobi-medizintech.de\\\/produkt\\\/endouble-cleaning-brushes-30-mm-flexible-tip-70-mm-120-mm-brushdereinigungsbuerste-doppelt-buersten-o-30-mm-bis-50-mm-flexible-spitze\\\/#primaryimage\"},\"thumbnailUrl\":\"https:\\\/\\\/kobi-medizintech.de\\\/wp-content\\\/uploads\\\/2024\\\/12\\\/g4h83src.bmp\",\"datePublished\":\"2024-12-21T17:01:14+00:00\",\"dateModified\":\"2024-12-21T17:01:54+00:00\",\"description\":\"{:de}Reinigungsb\u00fcrste doppelt, 30 mm flexible Spitze{:en}Mandrin zum ERCP- Katheter{:}\",\"breadcrumb\":{\"@id\":\"https:\\\/\\\/kobi-medizintech.de\\\/produkt\\\/endouble-cleaning-brushes-30-mm-flexible-tip-70-mm-120-mm-brushdereinigungsbuerste-doppelt-buersten-o-30-mm-bis-50-mm-flexible-spitze\\\/#breadcrumb\"},\"inLanguage\":\"en-GB\",\"potentialAction\":[{\"@type\":\"ReadAction\",\"target\":[\"https:\\\/\\\/kobi-medizintech.de\\\/produkt\\\/endouble-cleaning-brushes-30-mm-flexible-tip-70-mm-120-mm-brushdereinigungsbuerste-doppelt-buersten-o-30-mm-bis-50-mm-flexible-spitze\\\/\"]}]},{\"@type\":\"ImageObject\",\"inLanguage\":\"en-GB\",\"@id\":\"https:\\\/\\\/kobi-medizintech.de\\\/produkt\\\/endouble-cleaning-brushes-30-mm-flexible-tip-70-mm-120-mm-brushdereinigungsbuerste-doppelt-buersten-o-30-mm-bis-50-mm-flexible-spitze\\\/#primaryimage\",\"url\":\"https:\\\/\\\/kobi-medizintech.de\\\/wp-content\\\/uploads\\\/2024\\\/12\\\/g4h83src.bmp\",\"contentUrl\":\"https:\\\/\\\/kobi-medizintech.de\\\/wp-content\\\/uploads\\\/2024\\\/12\\\/g4h83src.bmp\",\"width\":139,\"height\":149},{\"@type\":\"BreadcrumbList\",\"@id\":\"https:\\\/\\\/kobi-medizintech.de\\\/produkt\\\/endouble-cleaning-brushes-30-mm-flexible-tip-70-mm-120-mm-brushdereinigungsbuerste-doppelt-buersten-o-30-mm-bis-50-mm-flexible-spitze\\\/#breadcrumb\",\"itemListElement\":[{\"@type\":\"ListItem\",\"position\":1,\"name\":\"Startseite\",\"item\":\"https:\\\/\\\/kobi-medizintech.de\\\/\"},{\"@type\":\"ListItem\",\"position\":2,\"name\":\"Shop\",\"item\":\"https:\\\/\\\/kobi-medizintech.de\\\/shop\\\/\"},{\"@type\":\"ListItem\",\"position\":3,\"name\":\"Reinigungsb\u00fcrste doppelt, B\u00fcrsten \u00d8 3,0 mm bis 5,0 mm, flexible Spitze\"}]},{\"@type\":\"WebSite\",\"@id\":\"https:\\\/\\\/kobi-medizintech.de\\\/#website\",\"url\":\"https:\\\/\\\/kobi-medizintech.de\\\/\",\"name\":\"KOBI-Medizintech\",\"description\":\"Ihr flexibler Partner in der Endoskopie\",\"publisher\":{\"@id\":\"https:\\\/\\\/kobi-medizintech.de\\\/#organization\"},\"potentialAction\":[{\"@type\":\"SearchAction\",\"target\":{\"@type\":\"EntryPoint\",\"urlTemplate\":\"https:\\\/\\\/kobi-medizintech.de\\\/?s={search_term_string}\"},\"query-input\":{\"@type\":\"PropertyValueSpecification\",\"valueRequired\":true,\"valueName\":\"search_term_string\"}}],\"inLanguage\":\"en-GB\"},{\"@type\":\"Organization\",\"@id\":\"https:\\\/\\\/kobi-medizintech.de\\\/#organization\",\"name\":\"KOBI-Medizintech\",\"url\":\"https:\\\/\\\/kobi-medizintech.de\\\/\",\"logo\":{\"@type\":\"ImageObject\",\"inLanguage\":\"en-GB\",\"@id\":\"https:\\\/\\\/kobi-medizintech.de\\\/#\\\/schema\\\/logo\\\/image\\\/\",\"url\":\"https:\\\/\\\/kobi-medizintech.de\\\/wp-content\\\/uploads\\\/2024\\\/12\\\/cropped-logo-small-moded.png\",\"contentUrl\":\"https:\\\/\\\/kobi-medizintech.de\\\/wp-content\\\/uploads\\\/2024\\\/12\\\/cropped-logo-small-moded.png\",\"width\":150,\"height\":106,\"caption\":\"KOBI-Medizintech\"},\"image\":{\"@id\":\"https:\\\/\\\/kobi-medizintech.de\\\/#\\\/schema\\\/logo\\\/image\\\/\"}}]}<\/script>\n<!-- \/ Yoast SEO plugin. -->","yoast_head_json":{"title":"Double cleaning brushes, 30 mm flexible tip 7,0 mm\/ 12,0 mm brush","description":"{:de}Reinigungsb\u00fcrste doppelt, 30 mm flexible Spitze{:en}Mandrin zum ERCP- Katheter{:}","robots":{"index":"index","follow":"follow","max-snippet":"max-snippet:-1","max-image-preview":"max-image-preview:large","max-video-preview":"max-video-preview:-1"},"canonical":"https:\/\/kobi-medizintech.de\/en\/produkt\/endouble-cleaning-brushes-30-mm-flexible-tip-70-mm-120-mm-brushdereinigungsbuerste-doppelt-buersten-o-30-mm-bis-50-mm-flexible-spitze\/","og_locale":"en_US","og_type":"article","og_title":"[:en]Double cleaning brushes, 30 mm flexible tip 7,0 mm\/ 12,0 mm brush[:de]Reinigungsb\u00fcrste doppelt, B\u00fcrsten \u00d8 3,0 mm bis 5,0 mm, flexible Spitze[:] - KOBI-Medizintech","og_description":"{:de}Reinigungsb\u00fcrste doppelt, 30 mm flexible Spitze{:en}Mandrin zum ERCP- Katheter{:}","og_url":"https:\/\/kobi-medizintech.de\/en\/produkt\/endouble-cleaning-brushes-30-mm-flexible-tip-70-mm-120-mm-brushdereinigungsbuerste-doppelt-buersten-o-30-mm-bis-50-mm-flexible-spitze\/","og_site_name":"KOBI-Medizintech","article_modified_time":"2024-12-21T17:01:54+00:00","twitter_card":"summary_large_image","schema":{"@context":"https:\/\/schema.org","@graph":[{"@type":"WebPage","@id":"https:\/\/kobi-medizintech.de\/produkt\/endouble-cleaning-brushes-30-mm-flexible-tip-70-mm-120-mm-brushdereinigungsbuerste-doppelt-buersten-o-30-mm-bis-50-mm-flexible-spitze\/","url":"https:\/\/kobi-medizintech.de\/produkt\/endouble-cleaning-brushes-30-mm-flexible-tip-70-mm-120-mm-brushdereinigungsbuerste-doppelt-buersten-o-30-mm-bis-50-mm-flexible-spitze\/","name":"Double cleaning brushes, 30 mm flexible tip 7,0 mm\/ 12,0 mm brush","isPartOf":{"@id":"https:\/\/kobi-medizintech.de\/#website"},"primaryImageOfPage":{"@id":"https:\/\/kobi-medizintech.de\/produkt\/endouble-cleaning-brushes-30-mm-flexible-tip-70-mm-120-mm-brushdereinigungsbuerste-doppelt-buersten-o-30-mm-bis-50-mm-flexible-spitze\/#primaryimage"},"image":{"@id":"https:\/\/kobi-medizintech.de\/produkt\/endouble-cleaning-brushes-30-mm-flexible-tip-70-mm-120-mm-brushdereinigungsbuerste-doppelt-buersten-o-30-mm-bis-50-mm-flexible-spitze\/#primaryimage"},"thumbnailUrl":"https:\/\/kobi-medizintech.de\/wp-content\/uploads\/2024\/12\/g4h83src.bmp","datePublished":"2024-12-21T17:01:14+00:00","dateModified":"2024-12-21T17:01:54+00:00","description":"{:de}Reinigungsb\u00fcrste doppelt, 30 mm flexible Spitze{:en}Mandrin zum ERCP- Katheter{:}","breadcrumb":{"@id":"https:\/\/kobi-medizintech.de\/produkt\/endouble-cleaning-brushes-30-mm-flexible-tip-70-mm-120-mm-brushdereinigungsbuerste-doppelt-buersten-o-30-mm-bis-50-mm-flexible-spitze\/#breadcrumb"},"inLanguage":"en-GB","potentialAction":[{"@type":"ReadAction","target":["https:\/\/kobi-medizintech.de\/produkt\/endouble-cleaning-brushes-30-mm-flexible-tip-70-mm-120-mm-brushdereinigungsbuerste-doppelt-buersten-o-30-mm-bis-50-mm-flexible-spitze\/"]}]},{"@type":"ImageObject","inLanguage":"en-GB","@id":"https:\/\/kobi-medizintech.de\/produkt\/endouble-cleaning-brushes-30-mm-flexible-tip-70-mm-120-mm-brushdereinigungsbuerste-doppelt-buersten-o-30-mm-bis-50-mm-flexible-spitze\/#primaryimage","url":"https:\/\/kobi-medizintech.de\/wp-content\/uploads\/2024\/12\/g4h83src.bmp","contentUrl":"https:\/\/kobi-medizintech.de\/wp-content\/uploads\/2024\/12\/g4h83src.bmp","width":139,"height":149},{"@type":"BreadcrumbList","@id":"https:\/\/kobi-medizintech.de\/produkt\/endouble-cleaning-brushes-30-mm-flexible-tip-70-mm-120-mm-brushdereinigungsbuerste-doppelt-buersten-o-30-mm-bis-50-mm-flexible-spitze\/#breadcrumb","itemListElement":[{"@type":"ListItem","position":1,"name":"Startseite","item":"https:\/\/kobi-medizintech.de\/"},{"@type":"ListItem","position":2,"name":"Shop","item":"https:\/\/kobi-medizintech.de\/shop\/"},{"@type":"ListItem","position":3,"name":"Reinigungsb\u00fcrste doppelt, B\u00fcrsten \u00d8 3,0 mm bis 5,0 mm, flexible Spitze"}]},{"@type":"WebSite","@id":"https:\/\/kobi-medizintech.de\/#website","url":"https:\/\/kobi-medizintech.de\/","name":"KOBI-Medizintech","description":"Ihr flexibler Partner in der Endoskopie","publisher":{"@id":"https:\/\/kobi-medizintech.de\/#organization"},"potentialAction":[{"@type":"SearchAction","target":{"@type":"EntryPoint","urlTemplate":"https:\/\/kobi-medizintech.de\/?s={search_term_string}"},"query-input":{"@type":"PropertyValueSpecification","valueRequired":true,"valueName":"search_term_string"}}],"inLanguage":"en-GB"},{"@type":"Organization","@id":"https:\/\/kobi-medizintech.de\/#organization","name":"KOBI-Medizintech","url":"https:\/\/kobi-medizintech.de\/","logo":{"@type":"ImageObject","inLanguage":"en-GB","@id":"https:\/\/kobi-medizintech.de\/#\/schema\/logo\/image\/","url":"https:\/\/kobi-medizintech.de\/wp-content\/uploads\/2024\/12\/cropped-logo-small-moded.png","contentUrl":"https:\/\/kobi-medizintech.de\/wp-content\/uploads\/2024\/12\/cropped-logo-small-moded.png","width":150,"height":106,"caption":"KOBI-Medizintech"},"image":{"@id":"https:\/\/kobi-medizintech.de\/#\/schema\/logo\/image\/"}}]}},"_links":{"self":[{"href":"https:\/\/kobi-medizintech.de\/en\/wp-json\/wp\/v2\/product\/2194","targetHints":{"allow":["GET"]}}],"collection":[{"href":"https:\/\/kobi-medizintech.de\/en\/wp-json\/wp\/v2\/product"}],"about":[{"href":"https:\/\/kobi-medizintech.de\/en\/wp-json\/wp\/v2\/types\/product"}],"wp:featuredmedia":[{"embeddable":true,"href":"https:\/\/kobi-medizintech.de\/en\/wp-json\/wp\/v2\/media\/2224"}],"wp:attachment":[{"href":"https:\/\/kobi-medizintech.de\/en\/wp-json\/wp\/v2\/media?parent=2194"}],"wp:term":[{"taxonomy":"product_brand","embeddable":true,"href":"https:\/\/kobi-medizintech.de\/en\/wp-json\/wp\/v2\/product_brand?post=2194"},{"taxonomy":"product_cat","embeddable":true,"href":"https:\/\/kobi-medizintech.de\/en\/wp-json\/wp\/v2\/product_cat?post=2194"},{"taxonomy":"product_tag","embeddable":true,"href":"https:\/\/kobi-medizintech.de\/en\/wp-json\/wp\/v2\/product_tag?post=2194"}],"curies":[{"name":"wp","href":"https:\/\/api.w.org\/{rel}","templated":true}]}}