{"id":2192,"date":"2024-12-21T17:01:13","date_gmt":"2024-12-21T17:01:13","guid":{"rendered":"http:\/\/kobi-medizintech.de\/?post_type=product&#038;p=2192"},"modified":"2024-12-21T17:01:51","modified_gmt":"2024-12-21T17:01:51","slug":"dereinigungsbuersten-saug-und-ventilanschluesse-endoskop-luft-spuelkanalen-cleaning-brushes-for-endoscopy-air-and-flushing-channel-suction-and-valve-connection","status":"publish","type":"product","link":"https:\/\/kobi-medizintech.de\/en\/produkt\/dereinigungsbuersten-saug-und-ventilanschluesse-endoskop-luft-spuelkanalen-cleaning-brushes-for-endoscopy-air-and-flushing-channel-suction-and-valve-connection\/","title":{"rendered":"Cleaning Brushes for endoscopy air and flushing channel \/ suction- and valve connection"},"content":{"rendered":"<p>Cleaning Brushes for endoscopy air and flushing channel<br \/>\nCleaning Brushes for suction- and valve connection<\/p>\n\n<table id=\"tablepress-45\" class=\"tablepress tablepress-id-45 tbody-has-connected-cells\">\n<thead>\n<tr class=\"row-1\">\n\t<th class=\"column-1\"><strong> Cleaning brushes for endoscope air \/ scavenging channel <\/ strong><\/th><td colspan=\"2\" class=\"column-2\"><\/td>\n<\/tr>\n<\/thead>\n<tbody class=\"row-striping row-hover\">\n<tr class=\"row-2\">\n\t<td class=\"column-1\"><strong> Item-No.<\/strong><\/td><td class=\"column-2\"><strong>Diameter \u00d8 in mm of the brush<\/strong><\/td><td class=\"column-3\"><strong>Length in mm<\/strong><\/td>\n<\/tr>\n<tr class=\"row-3\">\n\t<td class=\"column-1\">RB-20-10-30 <\/td><td class=\"column-2\">3,0 mm <\/td><td class=\"column-3\">2000 mm  <\/td>\n<\/tr>\n<tr class=\"row-4\">\n\t<td class=\"column-1\"><strong> Cleaning brushes for suction and valve connections <\/ strong><\/td><td colspan=\"2\" class=\"column-2\"><\/td>\n<\/tr>\n<tr class=\"row-5\">\n\t<td class=\"column-1\">RB-80-10-07<\/td><td class=\"column-2\">7,0 mm <\/td><td class=\"column-3\">80 mm<\/td>\n<\/tr>\n<tr class=\"row-6\">\n\t<td class=\"column-1\">RB-80-10-12<\/td><td class=\"column-2\">12,0 mm <\/td><td class=\"column-3\">80 mm<\/td>\n<\/tr>\n<\/tbody>\n<\/table>\n\n","protected":false},"excerpt":{"rendered":"<p>Cleaning Brushes for endoscopy air and flushing channel<br \/>\nCleaning Brushes for suction- and valve connection<\/p>\n","protected":false},"featured_media":2225,"template":"","meta":{"_themeisle_gutenberg_block_has_review":false},"product_brand":[],"product_cat":[120],"product_tag":[121,114,115,68,51,124,125,99,102,52,112,106,107,72,116,117,91,118,97,58,122,123],"class_list":{"0":"post-2192","1":"product","2":"type-product","3":"status-publish","4":"has-post-thumbnail","6":"product_cat-reinigungsbuersten","7":"product_tag-buersten","8":"product_tag-connection","9":"product_tag-fillform","10":"product_tag-graduierte","11":"product_tag-griff","12":"product_tag-handle","13":"product_tag-instrumentenhalter","14":"product_tag-isolierte","15":"product_tag-isolierte-spitze","16":"product_tag-klemm","17":"product_tag-lithotripsie","18":"product_tag-lock","19":"product_tag-luer","20":"product_tag-o-1","21":"product_tag-probes","22":"product_tag-rinsing","23":"product_tag-schlauch","24":"product_tag-standart","25":"product_tag-universalhandgriff","26":"product_tag-zubehoer","27":"product_tag-zytologie","28":"product_tag-zytologiebuersten","30":"first","31":"instock","32":"shipping-taxable","33":"product-type-simple"},"yoast_head":"<!-- This site is optimized with the Yoast SEO plugin v27.4 - https:\/\/yoast.com\/product\/yoast-seo-wordpress\/ -->\n<title>Cleaning Brushes for endoscopy air and flushing channel \/ suction- and valve connection<\/title>\n<meta name=\"description\" content=\"{:de}Reinigungsb\u00fcrsten f\u00fcr Endoskop Luft-\/ Sp\u00fclkanal Reinigungsb\u00fcrsten f\u00fcr Saug- und Ventilanschl\u00fcsse{:en}Mandrin zum ERCP- Katheter{:}\" \/>\n<meta name=\"robots\" content=\"index, follow, max-snippet:-1, max-image-preview:large, max-video-preview:-1\" \/>\n<link rel=\"canonical\" href=\"https:\/\/kobi-medizintech.de\/en\/produkt\/dereinigungsbuersten-saug-und-ventilanschluesse-endoskop-luft-spuelkanalen-cleaning-brushes-for-endoscopy-air-and-flushing-channel-suction-and-valve-connection\/\" \/>\n<meta property=\"og:locale\" content=\"en_US\" \/>\n<meta property=\"og:locale:alternate\" content=\"de_DE\" \/>\n<meta property=\"og:type\" content=\"article\" \/>\n<meta property=\"og:title\" content=\"Cleaning Brushes for endoscopy air and flushing channel \/ suction- and valve connection\" \/>\n<meta property=\"og:description\" content=\"{:de}Reinigungsb\u00fcrsten f\u00fcr Endoskop Luft-\/ Sp\u00fclkanal Reinigungsb\u00fcrsten f\u00fcr Saug- und Ventilanschl\u00fcsse{:en}Mandrin zum ERCP- Katheter{:}\" \/>\n<meta property=\"og:url\" content=\"https:\/\/kobi-medizintech.de\/en\/produkt\/dereinigungsbuersten-saug-und-ventilanschluesse-endoskop-luft-spuelkanalen-cleaning-brushes-for-endoscopy-air-and-flushing-channel-suction-and-valve-connection\/\" \/>\n<meta property=\"og:site_name\" content=\"KOBI-Medizintech\" \/>\n<meta property=\"article:modified_time\" content=\"2024-12-21T17:01:51+00:00\" \/>\n<meta name=\"twitter:card\" content=\"summary_large_image\" \/>\n<script type=\"application\/ld+json\" class=\"yoast-schema-graph\">{\"@context\":\"https:\\\/\\\/schema.org\",\"@graph\":[{\"@type\":\"WebPage\",\"@id\":\"https:\\\/\\\/kobi-medizintech.de\\\/produkt\\\/dereinigungsbuersten-saug-und-ventilanschluesse-endoskop-luft-spuelkanalen-cleaning-brushes-for-endoscopy-air-and-flushing-channel-suction-and-valve-connection\\\/\",\"url\":\"https:\\\/\\\/kobi-medizintech.de\\\/produkt\\\/dereinigungsbuersten-saug-und-ventilanschluesse-endoskop-luft-spuelkanalen-cleaning-brushes-for-endoscopy-air-and-flushing-channel-suction-and-valve-connection\\\/\",\"name\":\"Cleaning Brushes for endoscopy air and flushing channel \\\/ suction- and valve connection\",\"isPartOf\":{\"@id\":\"https:\\\/\\\/kobi-medizintech.de\\\/#website\"},\"primaryImageOfPage\":{\"@id\":\"https:\\\/\\\/kobi-medizintech.de\\\/produkt\\\/dereinigungsbuersten-saug-und-ventilanschluesse-endoskop-luft-spuelkanalen-cleaning-brushes-for-endoscopy-air-and-flushing-channel-suction-and-valve-connection\\\/#primaryimage\"},\"image\":{\"@id\":\"https:\\\/\\\/kobi-medizintech.de\\\/produkt\\\/dereinigungsbuersten-saug-und-ventilanschluesse-endoskop-luft-spuelkanalen-cleaning-brushes-for-endoscopy-air-and-flushing-channel-suction-and-valve-connection\\\/#primaryimage\"},\"thumbnailUrl\":\"https:\\\/\\\/kobi-medizintech.de\\\/wp-content\\\/uploads\\\/2024\\\/12\\\/anbv9we4.bmp\",\"datePublished\":\"2024-12-21T17:01:13+00:00\",\"dateModified\":\"2024-12-21T17:01:51+00:00\",\"description\":\"{:de}Reinigungsb\u00fcrsten f\u00fcr Endoskop Luft-\\\/ Sp\u00fclkanal Reinigungsb\u00fcrsten f\u00fcr Saug- und Ventilanschl\u00fcsse{:en}Mandrin zum ERCP- Katheter{:}\",\"breadcrumb\":{\"@id\":\"https:\\\/\\\/kobi-medizintech.de\\\/produkt\\\/dereinigungsbuersten-saug-und-ventilanschluesse-endoskop-luft-spuelkanalen-cleaning-brushes-for-endoscopy-air-and-flushing-channel-suction-and-valve-connection\\\/#breadcrumb\"},\"inLanguage\":\"en-GB\",\"potentialAction\":[{\"@type\":\"ReadAction\",\"target\":[\"https:\\\/\\\/kobi-medizintech.de\\\/produkt\\\/dereinigungsbuersten-saug-und-ventilanschluesse-endoskop-luft-spuelkanalen-cleaning-brushes-for-endoscopy-air-and-flushing-channel-suction-and-valve-connection\\\/\"]}]},{\"@type\":\"ImageObject\",\"inLanguage\":\"en-GB\",\"@id\":\"https:\\\/\\\/kobi-medizintech.de\\\/produkt\\\/dereinigungsbuersten-saug-und-ventilanschluesse-endoskop-luft-spuelkanalen-cleaning-brushes-for-endoscopy-air-and-flushing-channel-suction-and-valve-connection\\\/#primaryimage\",\"url\":\"https:\\\/\\\/kobi-medizintech.de\\\/wp-content\\\/uploads\\\/2024\\\/12\\\/anbv9we4.bmp\",\"contentUrl\":\"https:\\\/\\\/kobi-medizintech.de\\\/wp-content\\\/uploads\\\/2024\\\/12\\\/anbv9we4.bmp\",\"width\":64,\"height\":306},{\"@type\":\"BreadcrumbList\",\"@id\":\"https:\\\/\\\/kobi-medizintech.de\\\/produkt\\\/dereinigungsbuersten-saug-und-ventilanschluesse-endoskop-luft-spuelkanalen-cleaning-brushes-for-endoscopy-air-and-flushing-channel-suction-and-valve-connection\\\/#breadcrumb\",\"itemListElement\":[{\"@type\":\"ListItem\",\"position\":1,\"name\":\"Startseite\",\"item\":\"https:\\\/\\\/kobi-medizintech.de\\\/\"},{\"@type\":\"ListItem\",\"position\":2,\"name\":\"Shop\",\"item\":\"https:\\\/\\\/kobi-medizintech.de\\\/shop\\\/\"},{\"@type\":\"ListItem\",\"position\":3,\"name\":\"Reinigungsb\u00fcrsten (Saug- und Ventilanschl\u00fcsse, Endoskop Luft-\\\/ Sp\u00fclkanal)\"}]},{\"@type\":\"WebSite\",\"@id\":\"https:\\\/\\\/kobi-medizintech.de\\\/#website\",\"url\":\"https:\\\/\\\/kobi-medizintech.de\\\/\",\"name\":\"KOBI-Medizintech\",\"description\":\"Ihr flexibler Partner in der Endoskopie\",\"publisher\":{\"@id\":\"https:\\\/\\\/kobi-medizintech.de\\\/#organization\"},\"potentialAction\":[{\"@type\":\"SearchAction\",\"target\":{\"@type\":\"EntryPoint\",\"urlTemplate\":\"https:\\\/\\\/kobi-medizintech.de\\\/?s={search_term_string}\"},\"query-input\":{\"@type\":\"PropertyValueSpecification\",\"valueRequired\":true,\"valueName\":\"search_term_string\"}}],\"inLanguage\":\"en-GB\"},{\"@type\":\"Organization\",\"@id\":\"https:\\\/\\\/kobi-medizintech.de\\\/#organization\",\"name\":\"KOBI-Medizintech\",\"url\":\"https:\\\/\\\/kobi-medizintech.de\\\/\",\"logo\":{\"@type\":\"ImageObject\",\"inLanguage\":\"en-GB\",\"@id\":\"https:\\\/\\\/kobi-medizintech.de\\\/#\\\/schema\\\/logo\\\/image\\\/\",\"url\":\"https:\\\/\\\/kobi-medizintech.de\\\/wp-content\\\/uploads\\\/2024\\\/12\\\/cropped-logo-small-moded.png\",\"contentUrl\":\"https:\\\/\\\/kobi-medizintech.de\\\/wp-content\\\/uploads\\\/2024\\\/12\\\/cropped-logo-small-moded.png\",\"width\":150,\"height\":106,\"caption\":\"KOBI-Medizintech\"},\"image\":{\"@id\":\"https:\\\/\\\/kobi-medizintech.de\\\/#\\\/schema\\\/logo\\\/image\\\/\"}}]}<\/script>\n<!-- \/ Yoast SEO plugin. -->","yoast_head_json":{"title":"Cleaning Brushes for endoscopy air and flushing channel \/ suction- and valve connection","description":"{:de}Reinigungsb\u00fcrsten f\u00fcr Endoskop Luft-\/ Sp\u00fclkanal Reinigungsb\u00fcrsten f\u00fcr Saug- und Ventilanschl\u00fcsse{:en}Mandrin zum ERCP- Katheter{:}","robots":{"index":"index","follow":"follow","max-snippet":"max-snippet:-1","max-image-preview":"max-image-preview:large","max-video-preview":"max-video-preview:-1"},"canonical":"https:\/\/kobi-medizintech.de\/en\/produkt\/dereinigungsbuersten-saug-und-ventilanschluesse-endoskop-luft-spuelkanalen-cleaning-brushes-for-endoscopy-air-and-flushing-channel-suction-and-valve-connection\/","og_locale":"en_US","og_type":"article","og_title":"[:de]Reinigungsb\u00fcrsten (Saug- und Ventilanschl\u00fcsse, Endoskop Luft-\/ Sp\u00fclkanal)[:en] Cleaning Brushes for endoscopy air and flushing channel \/ suction- and valve connection [:] - KOBI-Medizintech","og_description":"{:de}Reinigungsb\u00fcrsten f\u00fcr Endoskop Luft-\/ Sp\u00fclkanal Reinigungsb\u00fcrsten f\u00fcr Saug- und Ventilanschl\u00fcsse{:en}Mandrin zum ERCP- Katheter{:}","og_url":"https:\/\/kobi-medizintech.de\/en\/produkt\/dereinigungsbuersten-saug-und-ventilanschluesse-endoskop-luft-spuelkanalen-cleaning-brushes-for-endoscopy-air-and-flushing-channel-suction-and-valve-connection\/","og_site_name":"KOBI-Medizintech","article_modified_time":"2024-12-21T17:01:51+00:00","twitter_card":"summary_large_image","schema":{"@context":"https:\/\/schema.org","@graph":[{"@type":"WebPage","@id":"https:\/\/kobi-medizintech.de\/produkt\/dereinigungsbuersten-saug-und-ventilanschluesse-endoskop-luft-spuelkanalen-cleaning-brushes-for-endoscopy-air-and-flushing-channel-suction-and-valve-connection\/","url":"https:\/\/kobi-medizintech.de\/produkt\/dereinigungsbuersten-saug-und-ventilanschluesse-endoskop-luft-spuelkanalen-cleaning-brushes-for-endoscopy-air-and-flushing-channel-suction-and-valve-connection\/","name":"Cleaning Brushes for endoscopy air and flushing channel \/ suction- and valve connection","isPartOf":{"@id":"https:\/\/kobi-medizintech.de\/#website"},"primaryImageOfPage":{"@id":"https:\/\/kobi-medizintech.de\/produkt\/dereinigungsbuersten-saug-und-ventilanschluesse-endoskop-luft-spuelkanalen-cleaning-brushes-for-endoscopy-air-and-flushing-channel-suction-and-valve-connection\/#primaryimage"},"image":{"@id":"https:\/\/kobi-medizintech.de\/produkt\/dereinigungsbuersten-saug-und-ventilanschluesse-endoskop-luft-spuelkanalen-cleaning-brushes-for-endoscopy-air-and-flushing-channel-suction-and-valve-connection\/#primaryimage"},"thumbnailUrl":"https:\/\/kobi-medizintech.de\/wp-content\/uploads\/2024\/12\/anbv9we4.bmp","datePublished":"2024-12-21T17:01:13+00:00","dateModified":"2024-12-21T17:01:51+00:00","description":"{:de}Reinigungsb\u00fcrsten f\u00fcr Endoskop Luft-\/ Sp\u00fclkanal Reinigungsb\u00fcrsten f\u00fcr Saug- und Ventilanschl\u00fcsse{:en}Mandrin zum ERCP- Katheter{:}","breadcrumb":{"@id":"https:\/\/kobi-medizintech.de\/produkt\/dereinigungsbuersten-saug-und-ventilanschluesse-endoskop-luft-spuelkanalen-cleaning-brushes-for-endoscopy-air-and-flushing-channel-suction-and-valve-connection\/#breadcrumb"},"inLanguage":"en-GB","potentialAction":[{"@type":"ReadAction","target":["https:\/\/kobi-medizintech.de\/produkt\/dereinigungsbuersten-saug-und-ventilanschluesse-endoskop-luft-spuelkanalen-cleaning-brushes-for-endoscopy-air-and-flushing-channel-suction-and-valve-connection\/"]}]},{"@type":"ImageObject","inLanguage":"en-GB","@id":"https:\/\/kobi-medizintech.de\/produkt\/dereinigungsbuersten-saug-und-ventilanschluesse-endoskop-luft-spuelkanalen-cleaning-brushes-for-endoscopy-air-and-flushing-channel-suction-and-valve-connection\/#primaryimage","url":"https:\/\/kobi-medizintech.de\/wp-content\/uploads\/2024\/12\/anbv9we4.bmp","contentUrl":"https:\/\/kobi-medizintech.de\/wp-content\/uploads\/2024\/12\/anbv9we4.bmp","width":64,"height":306},{"@type":"BreadcrumbList","@id":"https:\/\/kobi-medizintech.de\/produkt\/dereinigungsbuersten-saug-und-ventilanschluesse-endoskop-luft-spuelkanalen-cleaning-brushes-for-endoscopy-air-and-flushing-channel-suction-and-valve-connection\/#breadcrumb","itemListElement":[{"@type":"ListItem","position":1,"name":"Startseite","item":"https:\/\/kobi-medizintech.de\/"},{"@type":"ListItem","position":2,"name":"Shop","item":"https:\/\/kobi-medizintech.de\/shop\/"},{"@type":"ListItem","position":3,"name":"Reinigungsb\u00fcrsten (Saug- und Ventilanschl\u00fcsse, Endoskop Luft-\/ Sp\u00fclkanal)"}]},{"@type":"WebSite","@id":"https:\/\/kobi-medizintech.de\/#website","url":"https:\/\/kobi-medizintech.de\/","name":"KOBI-Medizintech","description":"Ihr flexibler Partner in der Endoskopie","publisher":{"@id":"https:\/\/kobi-medizintech.de\/#organization"},"potentialAction":[{"@type":"SearchAction","target":{"@type":"EntryPoint","urlTemplate":"https:\/\/kobi-medizintech.de\/?s={search_term_string}"},"query-input":{"@type":"PropertyValueSpecification","valueRequired":true,"valueName":"search_term_string"}}],"inLanguage":"en-GB"},{"@type":"Organization","@id":"https:\/\/kobi-medizintech.de\/#organization","name":"KOBI-Medizintech","url":"https:\/\/kobi-medizintech.de\/","logo":{"@type":"ImageObject","inLanguage":"en-GB","@id":"https:\/\/kobi-medizintech.de\/#\/schema\/logo\/image\/","url":"https:\/\/kobi-medizintech.de\/wp-content\/uploads\/2024\/12\/cropped-logo-small-moded.png","contentUrl":"https:\/\/kobi-medizintech.de\/wp-content\/uploads\/2024\/12\/cropped-logo-small-moded.png","width":150,"height":106,"caption":"KOBI-Medizintech"},"image":{"@id":"https:\/\/kobi-medizintech.de\/#\/schema\/logo\/image\/"}}]}},"_links":{"self":[{"href":"https:\/\/kobi-medizintech.de\/en\/wp-json\/wp\/v2\/product\/2192","targetHints":{"allow":["GET"]}}],"collection":[{"href":"https:\/\/kobi-medizintech.de\/en\/wp-json\/wp\/v2\/product"}],"about":[{"href":"https:\/\/kobi-medizintech.de\/en\/wp-json\/wp\/v2\/types\/product"}],"wp:featuredmedia":[{"embeddable":true,"href":"https:\/\/kobi-medizintech.de\/en\/wp-json\/wp\/v2\/media\/2225"}],"wp:attachment":[{"href":"https:\/\/kobi-medizintech.de\/en\/wp-json\/wp\/v2\/media?parent=2192"}],"wp:term":[{"taxonomy":"product_brand","embeddable":true,"href":"https:\/\/kobi-medizintech.de\/en\/wp-json\/wp\/v2\/product_brand?post=2192"},{"taxonomy":"product_cat","embeddable":true,"href":"https:\/\/kobi-medizintech.de\/en\/wp-json\/wp\/v2\/product_cat?post=2192"},{"taxonomy":"product_tag","embeddable":true,"href":"https:\/\/kobi-medizintech.de\/en\/wp-json\/wp\/v2\/product_tag?post=2192"}],"curies":[{"name":"wp","href":"https:\/\/api.w.org\/{rel}","templated":true}]}}