{"id":2183,"date":"2024-12-21T17:01:10","date_gmt":"2024-12-21T17:01:10","guid":{"rendered":"http:\/\/kobi-medizintech.de\/?post_type=product&#038;p=2183"},"modified":"2024-12-21T17:01:34","modified_gmt":"2024-12-21T17:01:34","slug":"enercp-catheters-with-double-luer-lock-with-mandrel-for-guidewire-length-2200-mm-diameter-o-16-mmdeercp-katheter-laenge-2200-mm-mit-doppel-luer-lock-o-16-18-mm-mandrin-fuer-fuehrungsdra","status":"publish","type":"product","link":"https:\/\/kobi-medizintech.de\/en\/produkt\/enercp-catheters-with-double-luer-lock-with-mandrel-for-guidewire-length-2200-mm-diameter-o-16-mmdeercp-katheter-laenge-2200-mm-mit-doppel-luer-lock-o-16-18-mm-mandrin-fuer-fuehrungsdra\/","title":{"rendered":"ERCP- Catheters with Double Luer- Lock with Mandrel for guidewire Length 2200 mm Diameter \u00d8 1,6 mm"},"content":{"rendered":"<p><span id=\"result_box\" class=\"\" lang=\"en\"><\/span>ERCP- Catheters with Double<br \/>\nLuer- Lock Length 2200 mm Diameter \u00d8 1,6 mm with <span id=\"result_box\" class=\"short_text\" lang=\"en\"><span class=\"\">Mandrel <\/span><\/span>for <span id=\"result_box\" class=\"short_text\" lang=\"en\">guidewire<\/span> 0,025\u201c \/ 0,035\u201c<\/p>\n\n<table id=\"tablepress-36\" class=\"tablepress tablepress-id-36\">\n<thead>\n<tr class=\"row-1\">\n\t<th class=\"column-1\">Item-No.<\/th><th class=\"column-2\">\u00d8 in mm<\/th><th class=\"column-3\">Cords<\/th><th class=\"column-4\">guidewire<\/th>\n<\/tr>\n<\/thead>\n<tbody class=\"row-striping row-hover\">\n<tr class=\"row-2\">\n\t<td class=\"column-1\">ED-22-16-00<\/td><td class=\"column-2\">1,6 mm<\/td><td class=\"column-3\">standard<\/td><td class=\"column-4\">0,025\u201c<\/td>\n<\/tr>\n<tr class=\"row-3\">\n\t<td class=\"column-1\">ED-22-16-01<\/td><td class=\"column-2\">1,6 mm<\/td><td class=\"column-3\">filliform<\/td><td class=\"column-4\">0,025\u201c<\/td>\n<\/tr>\n<tr class=\"row-4\">\n\t<td class=\"column-1\">ED-22-18-00<\/td><td class=\"column-2\">1,8 mm<\/td><td class=\"column-3\">standard<\/td><td class=\"column-4\">0,035\u201c<\/td>\n<\/tr>\n<tr class=\"row-5\">\n\t<td class=\"column-1\">ED-22-18-01<\/td><td class=\"column-2\">1,8 mm<\/td><td class=\"column-3\">filliform<\/td><td class=\"column-4\">0,035\u201c<\/td>\n<\/tr>\n<tr class=\"row-6\">\n\t<td class=\"column-1\">ED-22-18-02<\/td><td class=\"column-2\">1,8 mm<\/td><td class=\"column-3\">Metal tip conical<\/td><td class=\"column-4\">0,035\u201c<\/td>\n<\/tr>\n<tr class=\"row-7\">\n\t<td class=\"column-1\">ED-22-18-03<\/td><td class=\"column-2\">1,8 mm<\/td><td class=\"column-3\">Metal tip half round<\/td><td class=\"column-4\">0,035\u201c<\/td>\n<\/tr>\n<tr class=\"row-8\">\n\t<td class=\"column-1\">ED-22-18-04<\/td><td class=\"column-2\">1,8 mm<\/td><td class=\"column-3\">Metal tip waisted<\/td><td class=\"column-4\">0,035\u201c<\/td>\n<\/tr>\n<\/tbody>\n<\/table>\n<!-- #tablepress-36 from cache -->\n","protected":false},"excerpt":{"rendered":"<p><span id=\"result_box\" class=\"\" lang=\"en\"><span class=\"\">ERCP- Catheters with Double<br \/>\nLuer- Lock Length 2200 mm Diameter \u00d8 1,6 mm with <span id=\"result_box\" class=\"short_text\" lang=\"en\">Mandrel <\/span>for <span id=\"result_box\" class=\"short_text\" lang=\"en\">guidewire<\/span> 0,025\u201c \/ 0,035\u201c<\/span><\/span><\/p>\n","protected":false},"featured_media":2205,"template":"","meta":{"_themeisle_gutenberg_block_has_review":false},"product_brand":[],"product_cat":[113],"product_tag":[86,45,46,110,68,51,98,99,102,52,105,96,112,111,106,107,82,72,108,103,91,100,49,97,58],"class_list":{"0":"post-2183","1":"product","2":"type-product","3":"status-publish","4":"has-post-thumbnail","6":"product_cat-katheter","7":"product_tag-filiform","8":"product_tag-frem","9":"product_tag-fremd","10":"product_tag-gallensteinextraktion","11":"product_tag-graduierte","12":"product_tag-griff","13":"product_tag-hf","14":"product_tag-isolierte","15":"product_tag-isolierte-spitze","16":"product_tag-klemm","17":"product_tag-koerbchen","18":"product_tag-koerbchenschlinge","19":"product_tag-lithotripsie","20":"product_tag-lithotripsy","21":"product_tag-lock","22":"product_tag-luer","23":"product_tag-magen","24":"product_tag-o-1","25":"product_tag-polypenfang","26":"product_tag-rotatable","27":"product_tag-schlauch","28":"product_tag-schlingen","29":"product_tag-spirale","30":"product_tag-universalhandgriff","31":"product_tag-zubehoer","33":"first","34":"instock","35":"shipping-taxable","36":"product-type-simple"},"yoast_head":"<!-- This site is optimized with the Yoast SEO plugin v27.4 - https:\/\/yoast.com\/product\/yoast-seo-wordpress\/ -->\n<title>ERCP- Catheters with Double Luer- Lock with Mandrel for guidewire Length 2200 mm Diameter \u00d8 1,6 mm<\/title>\n<meta name=\"description\" content=\"{:de}ERCP-Katheter L\u00e4nge 2200 mm mit Doppel- Luer- Lock, \u00d8 1,6 mm mit Mandrin f\u00fcr F\u00fchrungsdraht 0,025\u201c \/ 0,035\u201c{:}\" \/>\n<meta name=\"robots\" content=\"index, follow, max-snippet:-1, max-image-preview:large, max-video-preview:-1\" \/>\n<link rel=\"canonical\" href=\"https:\/\/kobi-medizintech.de\/en\/produkt\/enercp-catheters-with-double-luer-lock-with-mandrel-for-guidewire-length-2200-mm-diameter-o-16-mmdeercp-katheter-laenge-2200-mm-mit-doppel-luer-lock-o-16-18-mm-mandrin-fuer-fuehrungsdra\/\" \/>\n<meta property=\"og:locale\" content=\"en_US\" \/>\n<meta property=\"og:locale:alternate\" content=\"de_DE\" \/>\n<meta property=\"og:type\" content=\"article\" \/>\n<meta property=\"og:title\" content=\"ERCP- Catheters with Double Luer- Lock with Mandrel for guidewire Length 2200 mm Diameter \u00d8 1,6 mm\" \/>\n<meta property=\"og:description\" content=\"{:de}ERCP-Katheter L\u00e4nge 2200 mm mit Doppel- Luer- Lock, \u00d8 1,6 mm mit Mandrin f\u00fcr F\u00fchrungsdraht 0,025\u201c \/ 0,035\u201c{:}\" \/>\n<meta property=\"og:url\" content=\"https:\/\/kobi-medizintech.de\/en\/produkt\/enercp-catheters-with-double-luer-lock-with-mandrel-for-guidewire-length-2200-mm-diameter-o-16-mmdeercp-katheter-laenge-2200-mm-mit-doppel-luer-lock-o-16-18-mm-mandrin-fuer-fuehrungsdra\/\" \/>\n<meta property=\"og:site_name\" content=\"KOBI-Medizintech\" \/>\n<meta property=\"article:modified_time\" content=\"2024-12-21T17:01:34+00:00\" \/>\n<meta name=\"twitter:card\" content=\"summary_large_image\" \/>\n<script type=\"application\/ld+json\" class=\"yoast-schema-graph\">{\"@context\":\"https:\\\/\\\/schema.org\",\"@graph\":[{\"@type\":\"WebPage\",\"@id\":\"https:\\\/\\\/kobi-medizintech.de\\\/produkt\\\/enercp-catheters-with-double-luer-lock-with-mandrel-for-guidewire-length-2200-mm-diameter-o-16-mmdeercp-katheter-laenge-2200-mm-mit-doppel-luer-lock-o-16-18-mm-mandrin-fuer-fuehrungsdra\\\/\",\"url\":\"https:\\\/\\\/kobi-medizintech.de\\\/produkt\\\/enercp-catheters-with-double-luer-lock-with-mandrel-for-guidewire-length-2200-mm-diameter-o-16-mmdeercp-katheter-laenge-2200-mm-mit-doppel-luer-lock-o-16-18-mm-mandrin-fuer-fuehrungsdra\\\/\",\"name\":\"ERCP- Catheters with Double Luer- Lock with Mandrel for guidewire Length 2200 mm Diameter \u00d8 1,6 mm\",\"isPartOf\":{\"@id\":\"https:\\\/\\\/kobi-medizintech.de\\\/#website\"},\"primaryImageOfPage\":{\"@id\":\"https:\\\/\\\/kobi-medizintech.de\\\/produkt\\\/enercp-catheters-with-double-luer-lock-with-mandrel-for-guidewire-length-2200-mm-diameter-o-16-mmdeercp-katheter-laenge-2200-mm-mit-doppel-luer-lock-o-16-18-mm-mandrin-fuer-fuehrungsdra\\\/#primaryimage\"},\"image\":{\"@id\":\"https:\\\/\\\/kobi-medizintech.de\\\/produkt\\\/enercp-catheters-with-double-luer-lock-with-mandrel-for-guidewire-length-2200-mm-diameter-o-16-mmdeercp-katheter-laenge-2200-mm-mit-doppel-luer-lock-o-16-18-mm-mandrin-fuer-fuehrungsdra\\\/#primaryimage\"},\"thumbnailUrl\":\"https:\\\/\\\/kobi-medizintech.de\\\/wp-content\\\/uploads\\\/2024\\\/12\\\/kt7j9lvb.bmp\",\"datePublished\":\"2024-12-21T17:01:10+00:00\",\"dateModified\":\"2024-12-21T17:01:34+00:00\",\"description\":\"{:de}ERCP-Katheter L\u00e4nge 2200 mm mit Doppel- Luer- Lock, \u00d8 1,6 mm mit Mandrin f\u00fcr F\u00fchrungsdraht 0,025\u201c \\\/ 0,035\u201c{:}\",\"breadcrumb\":{\"@id\":\"https:\\\/\\\/kobi-medizintech.de\\\/produkt\\\/enercp-catheters-with-double-luer-lock-with-mandrel-for-guidewire-length-2200-mm-diameter-o-16-mmdeercp-katheter-laenge-2200-mm-mit-doppel-luer-lock-o-16-18-mm-mandrin-fuer-fuehrungsdra\\\/#breadcrumb\"},\"inLanguage\":\"en-GB\",\"potentialAction\":[{\"@type\":\"ReadAction\",\"target\":[\"https:\\\/\\\/kobi-medizintech.de\\\/produkt\\\/enercp-catheters-with-double-luer-lock-with-mandrel-for-guidewire-length-2200-mm-diameter-o-16-mmdeercp-katheter-laenge-2200-mm-mit-doppel-luer-lock-o-16-18-mm-mandrin-fuer-fuehrungsdra\\\/\"]}]},{\"@type\":\"ImageObject\",\"inLanguage\":\"en-GB\",\"@id\":\"https:\\\/\\\/kobi-medizintech.de\\\/produkt\\\/enercp-catheters-with-double-luer-lock-with-mandrel-for-guidewire-length-2200-mm-diameter-o-16-mmdeercp-katheter-laenge-2200-mm-mit-doppel-luer-lock-o-16-18-mm-mandrin-fuer-fuehrungsdra\\\/#primaryimage\",\"url\":\"https:\\\/\\\/kobi-medizintech.de\\\/wp-content\\\/uploads\\\/2024\\\/12\\\/kt7j9lvb.bmp\",\"contentUrl\":\"https:\\\/\\\/kobi-medizintech.de\\\/wp-content\\\/uploads\\\/2024\\\/12\\\/kt7j9lvb.bmp\",\"width\":231,\"height\":218},{\"@type\":\"BreadcrumbList\",\"@id\":\"https:\\\/\\\/kobi-medizintech.de\\\/produkt\\\/enercp-catheters-with-double-luer-lock-with-mandrel-for-guidewire-length-2200-mm-diameter-o-16-mmdeercp-katheter-laenge-2200-mm-mit-doppel-luer-lock-o-16-18-mm-mandrin-fuer-fuehrungsdra\\\/#breadcrumb\",\"itemListElement\":[{\"@type\":\"ListItem\",\"position\":1,\"name\":\"Startseite\",\"item\":\"https:\\\/\\\/kobi-medizintech.de\\\/\"},{\"@type\":\"ListItem\",\"position\":2,\"name\":\"Shop\",\"item\":\"https:\\\/\\\/kobi-medizintech.de\\\/shop\\\/\"},{\"@type\":\"ListItem\",\"position\":3,\"name\":\"ERCP-Katheter L\u00e4nge 2200 mm mit Doppel- Luer- Lock, \u00d8 1,6 \\\/1,8 mm Mandrin f\u00fcr F\u00fchrungsdraht 0,025\u201c \\\/ 0,035\u201c\"}]},{\"@type\":\"WebSite\",\"@id\":\"https:\\\/\\\/kobi-medizintech.de\\\/#website\",\"url\":\"https:\\\/\\\/kobi-medizintech.de\\\/\",\"name\":\"KOBI-Medizintech\",\"description\":\"Ihr flexibler Partner in der Endoskopie\",\"publisher\":{\"@id\":\"https:\\\/\\\/kobi-medizintech.de\\\/#organization\"},\"potentialAction\":[{\"@type\":\"SearchAction\",\"target\":{\"@type\":\"EntryPoint\",\"urlTemplate\":\"https:\\\/\\\/kobi-medizintech.de\\\/?s={search_term_string}\"},\"query-input\":{\"@type\":\"PropertyValueSpecification\",\"valueRequired\":true,\"valueName\":\"search_term_string\"}}],\"inLanguage\":\"en-GB\"},{\"@type\":\"Organization\",\"@id\":\"https:\\\/\\\/kobi-medizintech.de\\\/#organization\",\"name\":\"KOBI-Medizintech\",\"url\":\"https:\\\/\\\/kobi-medizintech.de\\\/\",\"logo\":{\"@type\":\"ImageObject\",\"inLanguage\":\"en-GB\",\"@id\":\"https:\\\/\\\/kobi-medizintech.de\\\/#\\\/schema\\\/logo\\\/image\\\/\",\"url\":\"https:\\\/\\\/kobi-medizintech.de\\\/wp-content\\\/uploads\\\/2024\\\/12\\\/cropped-logo-small-moded.png\",\"contentUrl\":\"https:\\\/\\\/kobi-medizintech.de\\\/wp-content\\\/uploads\\\/2024\\\/12\\\/cropped-logo-small-moded.png\",\"width\":150,\"height\":106,\"caption\":\"KOBI-Medizintech\"},\"image\":{\"@id\":\"https:\\\/\\\/kobi-medizintech.de\\\/#\\\/schema\\\/logo\\\/image\\\/\"}}]}<\/script>\n<!-- \/ Yoast SEO plugin. -->","yoast_head_json":{"title":"ERCP- Catheters with Double Luer- Lock with Mandrel for guidewire Length 2200 mm Diameter \u00d8 1,6 mm","description":"{:de}ERCP-Katheter L\u00e4nge 2200 mm mit Doppel- Luer- Lock, \u00d8 1,6 mm mit Mandrin f\u00fcr F\u00fchrungsdraht 0,025\u201c \/ 0,035\u201c{:}","robots":{"index":"index","follow":"follow","max-snippet":"max-snippet:-1","max-image-preview":"max-image-preview:large","max-video-preview":"max-video-preview:-1"},"canonical":"https:\/\/kobi-medizintech.de\/en\/produkt\/enercp-catheters-with-double-luer-lock-with-mandrel-for-guidewire-length-2200-mm-diameter-o-16-mmdeercp-katheter-laenge-2200-mm-mit-doppel-luer-lock-o-16-18-mm-mandrin-fuer-fuehrungsdra\/","og_locale":"en_US","og_type":"article","og_title":"[:en]ERCP- Catheters with Double Luer- Lock with Mandrel for guidewire Length 2200 mm Diameter \u00d8 1,6 mm[:de]ERCP-Katheter L\u00e4nge 2200 mm mit Doppel- Luer- Lock, \u00d8 1,6 \/1,8 mm Mandrin f\u00fcr F\u00fchrungsdraht 0,025\u201c \/ 0,035\u201c[:] - KOBI-Medizintech","og_description":"{:de}ERCP-Katheter L\u00e4nge 2200 mm mit Doppel- Luer- Lock, \u00d8 1,6 mm mit Mandrin f\u00fcr F\u00fchrungsdraht 0,025\u201c \/ 0,035\u201c{:}","og_url":"https:\/\/kobi-medizintech.de\/en\/produkt\/enercp-catheters-with-double-luer-lock-with-mandrel-for-guidewire-length-2200-mm-diameter-o-16-mmdeercp-katheter-laenge-2200-mm-mit-doppel-luer-lock-o-16-18-mm-mandrin-fuer-fuehrungsdra\/","og_site_name":"KOBI-Medizintech","article_modified_time":"2024-12-21T17:01:34+00:00","twitter_card":"summary_large_image","schema":{"@context":"https:\/\/schema.org","@graph":[{"@type":"WebPage","@id":"https:\/\/kobi-medizintech.de\/produkt\/enercp-catheters-with-double-luer-lock-with-mandrel-for-guidewire-length-2200-mm-diameter-o-16-mmdeercp-katheter-laenge-2200-mm-mit-doppel-luer-lock-o-16-18-mm-mandrin-fuer-fuehrungsdra\/","url":"https:\/\/kobi-medizintech.de\/produkt\/enercp-catheters-with-double-luer-lock-with-mandrel-for-guidewire-length-2200-mm-diameter-o-16-mmdeercp-katheter-laenge-2200-mm-mit-doppel-luer-lock-o-16-18-mm-mandrin-fuer-fuehrungsdra\/","name":"ERCP- Catheters with Double Luer- Lock with Mandrel for guidewire Length 2200 mm Diameter \u00d8 1,6 mm","isPartOf":{"@id":"https:\/\/kobi-medizintech.de\/#website"},"primaryImageOfPage":{"@id":"https:\/\/kobi-medizintech.de\/produkt\/enercp-catheters-with-double-luer-lock-with-mandrel-for-guidewire-length-2200-mm-diameter-o-16-mmdeercp-katheter-laenge-2200-mm-mit-doppel-luer-lock-o-16-18-mm-mandrin-fuer-fuehrungsdra\/#primaryimage"},"image":{"@id":"https:\/\/kobi-medizintech.de\/produkt\/enercp-catheters-with-double-luer-lock-with-mandrel-for-guidewire-length-2200-mm-diameter-o-16-mmdeercp-katheter-laenge-2200-mm-mit-doppel-luer-lock-o-16-18-mm-mandrin-fuer-fuehrungsdra\/#primaryimage"},"thumbnailUrl":"https:\/\/kobi-medizintech.de\/wp-content\/uploads\/2024\/12\/kt7j9lvb.bmp","datePublished":"2024-12-21T17:01:10+00:00","dateModified":"2024-12-21T17:01:34+00:00","description":"{:de}ERCP-Katheter L\u00e4nge 2200 mm mit Doppel- Luer- Lock, \u00d8 1,6 mm mit Mandrin f\u00fcr F\u00fchrungsdraht 0,025\u201c \/ 0,035\u201c{:}","breadcrumb":{"@id":"https:\/\/kobi-medizintech.de\/produkt\/enercp-catheters-with-double-luer-lock-with-mandrel-for-guidewire-length-2200-mm-diameter-o-16-mmdeercp-katheter-laenge-2200-mm-mit-doppel-luer-lock-o-16-18-mm-mandrin-fuer-fuehrungsdra\/#breadcrumb"},"inLanguage":"en-GB","potentialAction":[{"@type":"ReadAction","target":["https:\/\/kobi-medizintech.de\/produkt\/enercp-catheters-with-double-luer-lock-with-mandrel-for-guidewire-length-2200-mm-diameter-o-16-mmdeercp-katheter-laenge-2200-mm-mit-doppel-luer-lock-o-16-18-mm-mandrin-fuer-fuehrungsdra\/"]}]},{"@type":"ImageObject","inLanguage":"en-GB","@id":"https:\/\/kobi-medizintech.de\/produkt\/enercp-catheters-with-double-luer-lock-with-mandrel-for-guidewire-length-2200-mm-diameter-o-16-mmdeercp-katheter-laenge-2200-mm-mit-doppel-luer-lock-o-16-18-mm-mandrin-fuer-fuehrungsdra\/#primaryimage","url":"https:\/\/kobi-medizintech.de\/wp-content\/uploads\/2024\/12\/kt7j9lvb.bmp","contentUrl":"https:\/\/kobi-medizintech.de\/wp-content\/uploads\/2024\/12\/kt7j9lvb.bmp","width":231,"height":218},{"@type":"BreadcrumbList","@id":"https:\/\/kobi-medizintech.de\/produkt\/enercp-catheters-with-double-luer-lock-with-mandrel-for-guidewire-length-2200-mm-diameter-o-16-mmdeercp-katheter-laenge-2200-mm-mit-doppel-luer-lock-o-16-18-mm-mandrin-fuer-fuehrungsdra\/#breadcrumb","itemListElement":[{"@type":"ListItem","position":1,"name":"Startseite","item":"https:\/\/kobi-medizintech.de\/"},{"@type":"ListItem","position":2,"name":"Shop","item":"https:\/\/kobi-medizintech.de\/shop\/"},{"@type":"ListItem","position":3,"name":"ERCP-Katheter L\u00e4nge 2200 mm mit Doppel- Luer- Lock, \u00d8 1,6 \/1,8 mm Mandrin f\u00fcr F\u00fchrungsdraht 0,025\u201c \/ 0,035\u201c"}]},{"@type":"WebSite","@id":"https:\/\/kobi-medizintech.de\/#website","url":"https:\/\/kobi-medizintech.de\/","name":"KOBI-Medizintech","description":"Ihr flexibler Partner in der Endoskopie","publisher":{"@id":"https:\/\/kobi-medizintech.de\/#organization"},"potentialAction":[{"@type":"SearchAction","target":{"@type":"EntryPoint","urlTemplate":"https:\/\/kobi-medizintech.de\/?s={search_term_string}"},"query-input":{"@type":"PropertyValueSpecification","valueRequired":true,"valueName":"search_term_string"}}],"inLanguage":"en-GB"},{"@type":"Organization","@id":"https:\/\/kobi-medizintech.de\/#organization","name":"KOBI-Medizintech","url":"https:\/\/kobi-medizintech.de\/","logo":{"@type":"ImageObject","inLanguage":"en-GB","@id":"https:\/\/kobi-medizintech.de\/#\/schema\/logo\/image\/","url":"https:\/\/kobi-medizintech.de\/wp-content\/uploads\/2024\/12\/cropped-logo-small-moded.png","contentUrl":"https:\/\/kobi-medizintech.de\/wp-content\/uploads\/2024\/12\/cropped-logo-small-moded.png","width":150,"height":106,"caption":"KOBI-Medizintech"},"image":{"@id":"https:\/\/kobi-medizintech.de\/#\/schema\/logo\/image\/"}}]}},"_links":{"self":[{"href":"https:\/\/kobi-medizintech.de\/en\/wp-json\/wp\/v2\/product\/2183","targetHints":{"allow":["GET"]}}],"collection":[{"href":"https:\/\/kobi-medizintech.de\/en\/wp-json\/wp\/v2\/product"}],"about":[{"href":"https:\/\/kobi-medizintech.de\/en\/wp-json\/wp\/v2\/types\/product"}],"wp:featuredmedia":[{"embeddable":true,"href":"https:\/\/kobi-medizintech.de\/en\/wp-json\/wp\/v2\/media\/2205"}],"wp:attachment":[{"href":"https:\/\/kobi-medizintech.de\/en\/wp-json\/wp\/v2\/media?parent=2183"}],"wp:term":[{"taxonomy":"product_brand","embeddable":true,"href":"https:\/\/kobi-medizintech.de\/en\/wp-json\/wp\/v2\/product_brand?post=2183"},{"taxonomy":"product_cat","embeddable":true,"href":"https:\/\/kobi-medizintech.de\/en\/wp-json\/wp\/v2\/product_cat?post=2183"},{"taxonomy":"product_tag","embeddable":true,"href":"https:\/\/kobi-medizintech.de\/en\/wp-json\/wp\/v2\/product_tag?post=2183"}],"curies":[{"name":"wp","href":"https:\/\/api.w.org\/{rel}","templated":true}]}}