{"id":2182,"date":"2024-12-21T17:01:10","date_gmt":"2024-12-21T17:01:10","guid":{"rendered":"http:\/\/kobi-medizintech.de\/?post_type=product&#038;p=2182"},"modified":"2024-12-21T17:01:33","modified_gmt":"2024-12-21T17:01:33","slug":"enlithotripsy-extension-wire-spiral-accessory-handledelithotripsie-verlaengerungsseil-spirale-handgriff","status":"publish","type":"product","link":"https:\/\/kobi-medizintech.de\/en\/produkt\/enlithotripsy-extension-wire-spiral-accessory-handledelithotripsie-verlaengerungsseil-spirale-handgriff\/","title":{"rendered":"Lithotripsy- extension wire\/ spiral \/accessory handle"},"content":{"rendered":"\n<table id=\"tablepress-35\" class=\"tablepress tablepress-id-35\">\n<thead>\n<tr class=\"row-1\">\n\t<th class=\"column-1\">Item-No.<\/th><th class=\"column-2\">Designation<\/th><th class=\"column-3\">Length in mm<\/th><th class=\"column-4\">\u00d8 in mm<\/th>\n<\/tr>\n<\/thead>\n<tbody class=\"row-striping row-hover\">\n<tr class=\"row-2\">\n\t<td class=\"column-1\">LT-20-10-00<\/td><td class=\"column-2\"><strong> Lithotripsy Extension Wire <\/ strong><\/td><td class=\"column-3\">2000 mm<\/td><td class=\"column-4\">-<\/td>\n<\/tr>\n<tr class=\"row-3\">\n\t<td class=\"column-1\">LT-08-33-00<\/td><td class=\"column-2\"><strong> Lithotripsy Spiral <\/ strong><\/td><td class=\"column-3\">800 mm<\/td><td class=\"column-4\">3,3 mm<\/td>\n<\/tr>\n<tr class=\"row-4\">\n\t<td class=\"column-1\">LT-17-26-00<\/td><td class=\"column-2\"><strong> Lithotripsy Spiral <\/ strong><\/td><td class=\"column-3\">1700 mm<\/td><td class=\"column-4\">2,6 mm<\/td>\n<\/tr>\n<tr class=\"row-5\">\n\t<td class=\"column-1\">LT-40-10-10<\/td><td class=\"column-2\"><strong> Lithotripsy handle <\/ strong><\/td><td class=\"column-3\">-<\/td><td class=\"column-4\">-<\/td>\n<\/tr>\n<\/tbody>\n<\/table>\n<!-- #tablepress-35 from cache -->\n","protected":false},"excerpt":{"rendered":"<p><span id=\"result_box\" class=\"\" lang=\"en\"><span class=\"\">Lithotripsy- <span id=\"result_box\" class=\"short_text\" lang=\"en\">extension wire <\/span>Length 2000 mm<br \/>\nLithotripsy- Spiral Diameter 3,3 mm, Length 800 mm<br \/>\nLithotripsy- Spiral Diameter 2,6 mm, Length 1700 mm<br \/>\nLithotripsy- handle<\/span><\/span><\/p>\n","protected":false},"featured_media":2204,"template":"","meta":{"_themeisle_gutenberg_block_has_review":false},"product_brand":[],"product_cat":[104],"product_tag":[54,86,45,46,110,68,51,98,99,102,52,105,96,112,111,106,107,82,72,108,103,91,100,49,97],"class_list":{"0":"post-2182","1":"product","2":"type-product","3":"status-publish","4":"has-post-thumbnail","6":"product_cat-polypenfaenger","7":"product_tag-accessories","8":"product_tag-filiform","9":"product_tag-frem","10":"product_tag-fremd","11":"product_tag-gallensteinextraktion","12":"product_tag-graduierte","13":"product_tag-griff","14":"product_tag-hf","15":"product_tag-isolierte","16":"product_tag-isolierte-spitze","17":"product_tag-klemm","18":"product_tag-koerbchen","19":"product_tag-koerbchenschlinge","20":"product_tag-lithotripsie","21":"product_tag-lithotripsy","22":"product_tag-lock","23":"product_tag-luer","24":"product_tag-magen","25":"product_tag-o-1","26":"product_tag-polypenfang","27":"product_tag-rotatable","28":"product_tag-schlauch","29":"product_tag-schlingen","30":"product_tag-spirale","31":"product_tag-universalhandgriff","33":"first","34":"instock","35":"shipping-taxable","36":"product-type-simple"},"yoast_head":"<!-- This site is optimized with the Yoast SEO plugin v27.3 - https:\/\/yoast.com\/product\/yoast-seo-wordpress\/ -->\n<title>Lithotripsy- extension wire\/ spiral \/accessory handle<\/title>\n<meta name=\"description\" content=\"{:de}Lithotripsie- Verl\u00e4ngerungsseil L\u00e4nge 2000 mm Lithotripsie- Spirale Durchmesser 3,3 mm, L\u00e4nge 800 mm Lithotripsie- Spirale Durchmesser 2,6 mm, L\u00e4nge 1700 mm Lithotripsie- Handgriff{:}\" \/>\n<meta name=\"robots\" content=\"index, follow, max-snippet:-1, max-image-preview:large, max-video-preview:-1\" \/>\n<link rel=\"canonical\" href=\"https:\/\/kobi-medizintech.de\/en\/produkt\/enlithotripsy-extension-wire-spiral-accessory-handledelithotripsie-verlaengerungsseil-spirale-handgriff\/\" \/>\n<meta property=\"og:locale\" content=\"en_US\" \/>\n<meta property=\"og:locale:alternate\" content=\"de_DE\" \/>\n<meta property=\"og:type\" content=\"article\" \/>\n<meta property=\"og:title\" content=\"Lithotripsy- extension wire\/ spiral \/accessory handle\" \/>\n<meta property=\"og:description\" content=\"{:de}Lithotripsie- Verl\u00e4ngerungsseil L\u00e4nge 2000 mm Lithotripsie- Spirale Durchmesser 3,3 mm, L\u00e4nge 800 mm Lithotripsie- Spirale Durchmesser 2,6 mm, L\u00e4nge 1700 mm Lithotripsie- Handgriff{:}\" \/>\n<meta property=\"og:url\" content=\"https:\/\/kobi-medizintech.de\/en\/produkt\/enlithotripsy-extension-wire-spiral-accessory-handledelithotripsie-verlaengerungsseil-spirale-handgriff\/\" \/>\n<meta property=\"og:site_name\" content=\"KOBI-Medizintech\" \/>\n<meta property=\"article:modified_time\" content=\"2024-12-21T17:01:33+00:00\" \/>\n<meta name=\"twitter:card\" content=\"summary_large_image\" \/>\n<script type=\"application\/ld+json\" class=\"yoast-schema-graph\">{\"@context\":\"https:\\\/\\\/schema.org\",\"@graph\":[{\"@type\":\"WebPage\",\"@id\":\"https:\\\/\\\/kobi-medizintech.de\\\/produkt\\\/enlithotripsy-extension-wire-spiral-accessory-handledelithotripsie-verlaengerungsseil-spirale-handgriff\\\/\",\"url\":\"https:\\\/\\\/kobi-medizintech.de\\\/produkt\\\/enlithotripsy-extension-wire-spiral-accessory-handledelithotripsie-verlaengerungsseil-spirale-handgriff\\\/\",\"name\":\"Lithotripsy- extension wire\\\/ spiral \\\/accessory handle\",\"isPartOf\":{\"@id\":\"https:\\\/\\\/kobi-medizintech.de\\\/#website\"},\"primaryImageOfPage\":{\"@id\":\"https:\\\/\\\/kobi-medizintech.de\\\/produkt\\\/enlithotripsy-extension-wire-spiral-accessory-handledelithotripsie-verlaengerungsseil-spirale-handgriff\\\/#primaryimage\"},\"image\":{\"@id\":\"https:\\\/\\\/kobi-medizintech.de\\\/produkt\\\/enlithotripsy-extension-wire-spiral-accessory-handledelithotripsie-verlaengerungsseil-spirale-handgriff\\\/#primaryimage\"},\"thumbnailUrl\":\"https:\\\/\\\/kobi-medizintech.de\\\/wp-content\\\/uploads\\\/2024\\\/12\\\/co6cv9l1.bmp\",\"datePublished\":\"2024-12-21T17:01:10+00:00\",\"dateModified\":\"2024-12-21T17:01:33+00:00\",\"description\":\"{:de}Lithotripsie- Verl\u00e4ngerungsseil L\u00e4nge 2000 mm Lithotripsie- Spirale Durchmesser 3,3 mm, L\u00e4nge 800 mm Lithotripsie- Spirale Durchmesser 2,6 mm, L\u00e4nge 1700 mm Lithotripsie- Handgriff{:}\",\"breadcrumb\":{\"@id\":\"https:\\\/\\\/kobi-medizintech.de\\\/produkt\\\/enlithotripsy-extension-wire-spiral-accessory-handledelithotripsie-verlaengerungsseil-spirale-handgriff\\\/#breadcrumb\"},\"inLanguage\":\"en-GB\",\"potentialAction\":[{\"@type\":\"ReadAction\",\"target\":[\"https:\\\/\\\/kobi-medizintech.de\\\/produkt\\\/enlithotripsy-extension-wire-spiral-accessory-handledelithotripsie-verlaengerungsseil-spirale-handgriff\\\/\"]}]},{\"@type\":\"ImageObject\",\"inLanguage\":\"en-GB\",\"@id\":\"https:\\\/\\\/kobi-medizintech.de\\\/produkt\\\/enlithotripsy-extension-wire-spiral-accessory-handledelithotripsie-verlaengerungsseil-spirale-handgriff\\\/#primaryimage\",\"url\":\"https:\\\/\\\/kobi-medizintech.de\\\/wp-content\\\/uploads\\\/2024\\\/12\\\/co6cv9l1.bmp\",\"contentUrl\":\"https:\\\/\\\/kobi-medizintech.de\\\/wp-content\\\/uploads\\\/2024\\\/12\\\/co6cv9l1.bmp\",\"width\":122,\"height\":78},{\"@type\":\"BreadcrumbList\",\"@id\":\"https:\\\/\\\/kobi-medizintech.de\\\/produkt\\\/enlithotripsy-extension-wire-spiral-accessory-handledelithotripsie-verlaengerungsseil-spirale-handgriff\\\/#breadcrumb\",\"itemListElement\":[{\"@type\":\"ListItem\",\"position\":1,\"name\":\"Startseite\",\"item\":\"https:\\\/\\\/kobi-medizintech.de\\\/\"},{\"@type\":\"ListItem\",\"position\":2,\"name\":\"Shop\",\"item\":\"https:\\\/\\\/kobi-medizintech.de\\\/shop\\\/\"},{\"@type\":\"ListItem\",\"position\":3,\"name\":\"Lithotripsie-Verl\u00e4ngerungsseil\\\/spirale\\\/Handgriff\"}]},{\"@type\":\"WebSite\",\"@id\":\"https:\\\/\\\/kobi-medizintech.de\\\/#website\",\"url\":\"https:\\\/\\\/kobi-medizintech.de\\\/\",\"name\":\"KOBI-Medizintech\",\"description\":\"Ihr flexibler Partner in der Endoskopie\",\"publisher\":{\"@id\":\"https:\\\/\\\/kobi-medizintech.de\\\/#organization\"},\"potentialAction\":[{\"@type\":\"SearchAction\",\"target\":{\"@type\":\"EntryPoint\",\"urlTemplate\":\"https:\\\/\\\/kobi-medizintech.de\\\/?s={search_term_string}\"},\"query-input\":{\"@type\":\"PropertyValueSpecification\",\"valueRequired\":true,\"valueName\":\"search_term_string\"}}],\"inLanguage\":\"en-GB\"},{\"@type\":\"Organization\",\"@id\":\"https:\\\/\\\/kobi-medizintech.de\\\/#organization\",\"name\":\"KOBI-Medizintech\",\"url\":\"https:\\\/\\\/kobi-medizintech.de\\\/\",\"logo\":{\"@type\":\"ImageObject\",\"inLanguage\":\"en-GB\",\"@id\":\"https:\\\/\\\/kobi-medizintech.de\\\/#\\\/schema\\\/logo\\\/image\\\/\",\"url\":\"https:\\\/\\\/kobi-medizintech.de\\\/wp-content\\\/uploads\\\/2024\\\/12\\\/cropped-logo-small-moded.png\",\"contentUrl\":\"https:\\\/\\\/kobi-medizintech.de\\\/wp-content\\\/uploads\\\/2024\\\/12\\\/cropped-logo-small-moded.png\",\"width\":150,\"height\":106,\"caption\":\"KOBI-Medizintech\"},\"image\":{\"@id\":\"https:\\\/\\\/kobi-medizintech.de\\\/#\\\/schema\\\/logo\\\/image\\\/\"}}]}<\/script>\n<!-- \/ Yoast SEO plugin. -->","yoast_head_json":{"title":"Lithotripsy- extension wire\/ spiral \/accessory handle","description":"{:de}Lithotripsie- Verl\u00e4ngerungsseil L\u00e4nge 2000 mm Lithotripsie- Spirale Durchmesser 3,3 mm, L\u00e4nge 800 mm Lithotripsie- Spirale Durchmesser 2,6 mm, L\u00e4nge 1700 mm Lithotripsie- Handgriff{:}","robots":{"index":"index","follow":"follow","max-snippet":"max-snippet:-1","max-image-preview":"max-image-preview:large","max-video-preview":"max-video-preview:-1"},"canonical":"https:\/\/kobi-medizintech.de\/en\/produkt\/enlithotripsy-extension-wire-spiral-accessory-handledelithotripsie-verlaengerungsseil-spirale-handgriff\/","og_locale":"en_US","og_type":"article","og_title":"[:en]Lithotripsy- extension wire\/ spiral \/accessory handle[:de]Lithotripsie-Verl\u00e4ngerungsseil\/spirale\/Handgriff[:] - KOBI-Medizintech","og_description":"{:de}Lithotripsie- Verl\u00e4ngerungsseil L\u00e4nge 2000 mm Lithotripsie- Spirale Durchmesser 3,3 mm, L\u00e4nge 800 mm Lithotripsie- Spirale Durchmesser 2,6 mm, L\u00e4nge 1700 mm Lithotripsie- Handgriff{:}","og_url":"https:\/\/kobi-medizintech.de\/en\/produkt\/enlithotripsy-extension-wire-spiral-accessory-handledelithotripsie-verlaengerungsseil-spirale-handgriff\/","og_site_name":"KOBI-Medizintech","article_modified_time":"2024-12-21T17:01:33+00:00","twitter_card":"summary_large_image","schema":{"@context":"https:\/\/schema.org","@graph":[{"@type":"WebPage","@id":"https:\/\/kobi-medizintech.de\/produkt\/enlithotripsy-extension-wire-spiral-accessory-handledelithotripsie-verlaengerungsseil-spirale-handgriff\/","url":"https:\/\/kobi-medizintech.de\/produkt\/enlithotripsy-extension-wire-spiral-accessory-handledelithotripsie-verlaengerungsseil-spirale-handgriff\/","name":"Lithotripsy- extension wire\/ spiral \/accessory handle","isPartOf":{"@id":"https:\/\/kobi-medizintech.de\/#website"},"primaryImageOfPage":{"@id":"https:\/\/kobi-medizintech.de\/produkt\/enlithotripsy-extension-wire-spiral-accessory-handledelithotripsie-verlaengerungsseil-spirale-handgriff\/#primaryimage"},"image":{"@id":"https:\/\/kobi-medizintech.de\/produkt\/enlithotripsy-extension-wire-spiral-accessory-handledelithotripsie-verlaengerungsseil-spirale-handgriff\/#primaryimage"},"thumbnailUrl":"https:\/\/kobi-medizintech.de\/wp-content\/uploads\/2024\/12\/co6cv9l1.bmp","datePublished":"2024-12-21T17:01:10+00:00","dateModified":"2024-12-21T17:01:33+00:00","description":"{:de}Lithotripsie- Verl\u00e4ngerungsseil L\u00e4nge 2000 mm Lithotripsie- Spirale Durchmesser 3,3 mm, L\u00e4nge 800 mm Lithotripsie- Spirale Durchmesser 2,6 mm, L\u00e4nge 1700 mm Lithotripsie- Handgriff{:}","breadcrumb":{"@id":"https:\/\/kobi-medizintech.de\/produkt\/enlithotripsy-extension-wire-spiral-accessory-handledelithotripsie-verlaengerungsseil-spirale-handgriff\/#breadcrumb"},"inLanguage":"en-GB","potentialAction":[{"@type":"ReadAction","target":["https:\/\/kobi-medizintech.de\/produkt\/enlithotripsy-extension-wire-spiral-accessory-handledelithotripsie-verlaengerungsseil-spirale-handgriff\/"]}]},{"@type":"ImageObject","inLanguage":"en-GB","@id":"https:\/\/kobi-medizintech.de\/produkt\/enlithotripsy-extension-wire-spiral-accessory-handledelithotripsie-verlaengerungsseil-spirale-handgriff\/#primaryimage","url":"https:\/\/kobi-medizintech.de\/wp-content\/uploads\/2024\/12\/co6cv9l1.bmp","contentUrl":"https:\/\/kobi-medizintech.de\/wp-content\/uploads\/2024\/12\/co6cv9l1.bmp","width":122,"height":78},{"@type":"BreadcrumbList","@id":"https:\/\/kobi-medizintech.de\/produkt\/enlithotripsy-extension-wire-spiral-accessory-handledelithotripsie-verlaengerungsseil-spirale-handgriff\/#breadcrumb","itemListElement":[{"@type":"ListItem","position":1,"name":"Startseite","item":"https:\/\/kobi-medizintech.de\/"},{"@type":"ListItem","position":2,"name":"Shop","item":"https:\/\/kobi-medizintech.de\/shop\/"},{"@type":"ListItem","position":3,"name":"Lithotripsie-Verl\u00e4ngerungsseil\/spirale\/Handgriff"}]},{"@type":"WebSite","@id":"https:\/\/kobi-medizintech.de\/#website","url":"https:\/\/kobi-medizintech.de\/","name":"KOBI-Medizintech","description":"Ihr flexibler Partner in der Endoskopie","publisher":{"@id":"https:\/\/kobi-medizintech.de\/#organization"},"potentialAction":[{"@type":"SearchAction","target":{"@type":"EntryPoint","urlTemplate":"https:\/\/kobi-medizintech.de\/?s={search_term_string}"},"query-input":{"@type":"PropertyValueSpecification","valueRequired":true,"valueName":"search_term_string"}}],"inLanguage":"en-GB"},{"@type":"Organization","@id":"https:\/\/kobi-medizintech.de\/#organization","name":"KOBI-Medizintech","url":"https:\/\/kobi-medizintech.de\/","logo":{"@type":"ImageObject","inLanguage":"en-GB","@id":"https:\/\/kobi-medizintech.de\/#\/schema\/logo\/image\/","url":"https:\/\/kobi-medizintech.de\/wp-content\/uploads\/2024\/12\/cropped-logo-small-moded.png","contentUrl":"https:\/\/kobi-medizintech.de\/wp-content\/uploads\/2024\/12\/cropped-logo-small-moded.png","width":150,"height":106,"caption":"KOBI-Medizintech"},"image":{"@id":"https:\/\/kobi-medizintech.de\/#\/schema\/logo\/image\/"}}]}},"_links":{"self":[{"href":"https:\/\/kobi-medizintech.de\/en\/wp-json\/wp\/v2\/product\/2182","targetHints":{"allow":["GET"]}}],"collection":[{"href":"https:\/\/kobi-medizintech.de\/en\/wp-json\/wp\/v2\/product"}],"about":[{"href":"https:\/\/kobi-medizintech.de\/en\/wp-json\/wp\/v2\/types\/product"}],"wp:featuredmedia":[{"embeddable":true,"href":"https:\/\/kobi-medizintech.de\/en\/wp-json\/wp\/v2\/media\/2204"}],"wp:attachment":[{"href":"https:\/\/kobi-medizintech.de\/en\/wp-json\/wp\/v2\/media?parent=2182"}],"wp:term":[{"taxonomy":"product_brand","embeddable":true,"href":"https:\/\/kobi-medizintech.de\/en\/wp-json\/wp\/v2\/product_brand?post=2182"},{"taxonomy":"product_cat","embeddable":true,"href":"https:\/\/kobi-medizintech.de\/en\/wp-json\/wp\/v2\/product_cat?post=2182"},{"taxonomy":"product_tag","embeddable":true,"href":"https:\/\/kobi-medizintech.de\/en\/wp-json\/wp\/v2\/product_tag?post=2182"}],"curies":[{"name":"wp","href":"https:\/\/api.w.org\/{rel}","templated":true}]}}