{"id":2179,"date":"2024-12-21T17:01:09","date_gmt":"2024-12-21T17:01:09","guid":{"rendered":"http:\/\/kobi-medizintech.de\/?post_type=product&#038;p=2179"},"modified":"2024-12-21T17:01:29","modified_gmt":"2024-12-21T17:01:29","slug":"dekoerbchen-zur-gallensteinextraktion-laenge-2100-mm-mit-fester-zugstange-und-griffstueck-doppel-luer-lockenpolycatch-baskets-for-gallstone-extraction-length-2100-mm-handle-double-luer-lock-w","status":"publish","type":"product","link":"https:\/\/kobi-medizintech.de\/en\/produkt\/dekoerbchen-zur-gallensteinextraktion-laenge-2100-mm-mit-fester-zugstange-und-griffstueck-doppel-luer-lockenpolycatch-baskets-for-gallstone-extraction-length-2100-mm-handle-double-luer-lock-w\/","title":{"rendered":"Polycatch baskets for gallstone extraction , length 2100 mm handle double Luer- Lock with a handle piece"},"content":{"rendered":"<p>Polycatch baskets for\u00a0gallstone extraction , length 2100 mm handle double Luer- Lock and fixed connecting rod with a handle piece<\/p>\n\n<table id=\"tablepress-32\" class=\"tablepress tablepress-id-32\">\n<thead>\n<tr class=\"row-1\">\n\t<th class=\"column-1\">Item-No.<\/th><th class=\"column-2\">\u00d8 in mm \/ tube<\/th><th class=\"column-3\">Cords<\/th><th class=\"column-4\">\u00d8 in mm \/  Length in mm<\/th>\n<\/tr>\n<\/thead>\n<tbody class=\"row-striping row-hover\">\n<tr class=\"row-2\">\n\t<td class=\"column-1\">ST-21-23-01<\/td><td class=\"column-2\">2,3 mm <\/td><td class=\"column-3\">4 wires hexag.<\/td><td class=\"column-4\">20\/40 mm<\/td>\n<\/tr>\n<tr class=\"row-3\">\n\t<td class=\"column-1\">ST-21-23-02<\/td><td class=\"column-2\">2,3 mm <\/td><td class=\"column-3\">4 wires hexag.<\/td><td class=\"column-4\">25\/50 mm<\/td>\n<\/tr>\n<tr class=\"row-4\">\n\t<td class=\"column-1\">ST-21-23-03<\/td><td class=\"column-2\">2,3 mm <\/td><td class=\"column-3\">4 wires hexag.<\/td><td class=\"column-4\">30\/60 mm<\/td>\n<\/tr>\n<tr class=\"row-5\">\n\t<td class=\"column-1\">ST-21-23-04<\/td><td class=\"column-2\">2,3 mm <\/td><td class=\"column-3\">4 wires hexag.<\/td><td class=\"column-4\"> 35\/70 mm<\/td>\n<\/tr>\n<tr class=\"row-6\">\n\t<td class=\"column-1\">ST-21-25-05<\/td><td class=\"column-2\">2,5 mm <\/td><td class=\"column-3\">6 wires hexag.<\/td><td class=\"column-4\">20\/40 mm<\/td>\n<\/tr>\n<tr class=\"row-7\">\n\t<td class=\"column-1\">ST-21-25-06<\/td><td class=\"column-2\">2,5 mm <\/td><td class=\"column-3\">6 wires hexag.<\/td><td class=\"column-4\">25\/50 mm<\/td>\n<\/tr>\n<tr class=\"row-8\">\n\t<td class=\"column-1\">ST-21-25-07<\/td><td class=\"column-2\">2,5 mm <\/td><td class=\"column-3\">6 wires hexag.<\/td><td class=\"column-4\">30\/60 mm<\/td>\n<\/tr>\n<tr class=\"row-9\">\n\t<td class=\"column-1\">ST-21-25-08<\/td><td class=\"column-2\">2,5 mm <\/td><td class=\"column-3\">6 wires hexag.<\/td><td class=\"column-4\"> 35\/70 mm<\/td>\n<\/tr>\n<tr class=\"row-10\">\n\t<td class=\"column-1\">ST-21-23-11<\/td><td class=\"column-2\">2,3 mm <\/td><td class=\"column-3\">4 cords spiral.<\/td><td class=\"column-4\">20\/40 mm<\/td>\n<\/tr>\n<tr class=\"row-11\">\n\t<td class=\"column-1\">ST-21-23-12<\/td><td class=\"column-2\">2,3 mm <\/td><td class=\"column-3\">4 cords spiral.<\/td><td class=\"column-4\">25\/50 mm<\/td>\n<\/tr>\n<tr class=\"row-12\">\n\t<td class=\"column-1\">ST-21-23-13<\/td><td class=\"column-2\">2,3 mm <\/td><td class=\"column-3\">4 cords spiral.<\/td><td class=\"column-4\">30\/60 mm<\/td>\n<\/tr>\n<tr class=\"row-13\">\n\t<td class=\"column-1\">ST-21-23-14<\/td><td class=\"column-2\">2,3 mm <\/td><td class=\"column-3\">4 cords spiral.<\/td><td class=\"column-4\"> 35\/70 mm<\/td>\n<\/tr>\n<tr class=\"row-14\">\n\t<td class=\"column-1\">ST-21-25-15 <\/td><td class=\"column-2\">2,5 mm <\/td><td class=\"column-3\">6 wires spiral. <\/td><td class=\"column-4\">20\/40 mm<\/td>\n<\/tr>\n<tr class=\"row-15\">\n\t<td class=\"column-1\">ST-21-25-16<\/td><td class=\"column-2\">2,5 mm <\/td><td class=\"column-3\">6 wires spiral. <\/td><td class=\"column-4\">25\/50 mm<\/td>\n<\/tr>\n<tr class=\"row-16\">\n\t<td class=\"column-1\">ST-21-25-17<\/td><td class=\"column-2\">2,5 mm <\/td><td class=\"column-3\">6 wires spiral. <\/td><td class=\"column-4\">30\/60 mm<\/td>\n<\/tr>\n<tr class=\"row-17\">\n\t<td class=\"column-1\">ST-21-25-18<\/td><td class=\"column-2\">2,5 mm <\/td><td class=\"column-3\">6 wires spiral. <\/td><td class=\"column-4\"> 35\/70 mm<\/td>\n<\/tr>\n<\/tbody>\n<\/table>\n<!-- #tablepress-32 from cache -->\n","protected":false},"excerpt":{"rendered":"<p>Polycatch baskets for\u00a0gallstone extraction , length 2100 mm handle double Luer- Lock and fixed connecting rod with a handle piece<\/p>\n","protected":false},"featured_media":2200,"template":"","meta":{"_themeisle_gutenberg_block_has_review":false},"product_brand":[],"product_cat":[104],"product_tag":[86,45,46,68,51,98,99,102,52,105,96,106,107,82,72,108,90,103,91,100,70,97,58,109],"class_list":{"0":"post-2179","1":"product","2":"type-product","3":"status-publish","4":"has-post-thumbnail","6":"product_cat-polypenfaenger","7":"product_tag-filiform","8":"product_tag-frem","9":"product_tag-fremd","10":"product_tag-graduierte","11":"product_tag-griff","12":"product_tag-hf","13":"product_tag-isolierte","14":"product_tag-isolierte-spitze","15":"product_tag-klemm","16":"product_tag-koerbchen","17":"product_tag-koerbchenschlinge","18":"product_tag-lock","19":"product_tag-luer","20":"product_tag-magen","21":"product_tag-o-1","22":"product_tag-polypenfang","23":"product_tag-ptfe","24":"product_tag-rotatable","25":"product_tag-schlauch","26":"product_tag-schlingen","27":"product_tag-spitze","28":"product_tag-universalhandgriff","29":"product_tag-zubehoer","30":"product_tag-zugstange","32":"first","33":"instock","34":"shipping-taxable","35":"product-type-simple"},"yoast_head":"<!-- This site is optimized with the Yoast SEO plugin v27.4 - https:\/\/yoast.com\/product\/yoast-seo-wordpress\/ -->\n<title>Polycatch baskets for gallstone extraction , length 2100 mm handle double Luer- Lock with a handle piece<\/title>\n<meta name=\"description\" content=\"{:de}K\u00f6rbchen zur Gallensteinextraktion, L\u00e4nge 2100 mm mit fester Zugstange und Griffst\u00fcck Doppel- Luer- Lock{:}\" \/>\n<meta name=\"robots\" content=\"index, follow, max-snippet:-1, max-image-preview:large, max-video-preview:-1\" \/>\n<link rel=\"canonical\" href=\"https:\/\/kobi-medizintech.de\/en\/produkt\/dekoerbchen-zur-gallensteinextraktion-laenge-2100-mm-mit-fester-zugstange-und-griffstueck-doppel-luer-lockenpolycatch-baskets-for-gallstone-extraction-length-2100-mm-handle-double-luer-lock-w\/\" \/>\n<meta property=\"og:locale\" content=\"en_US\" \/>\n<meta property=\"og:locale:alternate\" content=\"de_DE\" \/>\n<meta property=\"og:type\" content=\"article\" \/>\n<meta property=\"og:title\" content=\"Polycatch baskets for gallstone extraction , length 2100 mm handle double Luer- Lock with a handle piece\" \/>\n<meta property=\"og:description\" content=\"{:de}K\u00f6rbchen zur Gallensteinextraktion, L\u00e4nge 2100 mm mit fester Zugstange und Griffst\u00fcck Doppel- Luer- Lock{:}\" \/>\n<meta property=\"og:url\" content=\"https:\/\/kobi-medizintech.de\/en\/produkt\/dekoerbchen-zur-gallensteinextraktion-laenge-2100-mm-mit-fester-zugstange-und-griffstueck-doppel-luer-lockenpolycatch-baskets-for-gallstone-extraction-length-2100-mm-handle-double-luer-lock-w\/\" \/>\n<meta property=\"og:site_name\" content=\"KOBI-Medizintech\" \/>\n<meta property=\"article:modified_time\" content=\"2024-12-21T17:01:29+00:00\" \/>\n<meta name=\"twitter:card\" content=\"summary_large_image\" \/>\n<script type=\"application\/ld+json\" class=\"yoast-schema-graph\">{\"@context\":\"https:\\\/\\\/schema.org\",\"@graph\":[{\"@type\":\"WebPage\",\"@id\":\"https:\\\/\\\/kobi-medizintech.de\\\/produkt\\\/dekoerbchen-zur-gallensteinextraktion-laenge-2100-mm-mit-fester-zugstange-und-griffstueck-doppel-luer-lockenpolycatch-baskets-for-gallstone-extraction-length-2100-mm-handle-double-luer-lock-w\\\/\",\"url\":\"https:\\\/\\\/kobi-medizintech.de\\\/produkt\\\/dekoerbchen-zur-gallensteinextraktion-laenge-2100-mm-mit-fester-zugstange-und-griffstueck-doppel-luer-lockenpolycatch-baskets-for-gallstone-extraction-length-2100-mm-handle-double-luer-lock-w\\\/\",\"name\":\"Polycatch baskets for gallstone extraction , length 2100 mm handle double Luer- Lock with a handle piece\",\"isPartOf\":{\"@id\":\"https:\\\/\\\/kobi-medizintech.de\\\/#website\"},\"primaryImageOfPage\":{\"@id\":\"https:\\\/\\\/kobi-medizintech.de\\\/produkt\\\/dekoerbchen-zur-gallensteinextraktion-laenge-2100-mm-mit-fester-zugstange-und-griffstueck-doppel-luer-lockenpolycatch-baskets-for-gallstone-extraction-length-2100-mm-handle-double-luer-lock-w\\\/#primaryimage\"},\"image\":{\"@id\":\"https:\\\/\\\/kobi-medizintech.de\\\/produkt\\\/dekoerbchen-zur-gallensteinextraktion-laenge-2100-mm-mit-fester-zugstange-und-griffstueck-doppel-luer-lockenpolycatch-baskets-for-gallstone-extraction-length-2100-mm-handle-double-luer-lock-w\\\/#primaryimage\"},\"thumbnailUrl\":\"https:\\\/\\\/kobi-medizintech.de\\\/wp-content\\\/uploads\\\/2024\\\/12\\\/9r6utww8.bmp\",\"datePublished\":\"2024-12-21T17:01:09+00:00\",\"dateModified\":\"2024-12-21T17:01:29+00:00\",\"description\":\"{:de}K\u00f6rbchen zur Gallensteinextraktion, L\u00e4nge 2100 mm mit fester Zugstange und Griffst\u00fcck Doppel- Luer- Lock{:}\",\"breadcrumb\":{\"@id\":\"https:\\\/\\\/kobi-medizintech.de\\\/produkt\\\/dekoerbchen-zur-gallensteinextraktion-laenge-2100-mm-mit-fester-zugstange-und-griffstueck-doppel-luer-lockenpolycatch-baskets-for-gallstone-extraction-length-2100-mm-handle-double-luer-lock-w\\\/#breadcrumb\"},\"inLanguage\":\"en-GB\",\"potentialAction\":[{\"@type\":\"ReadAction\",\"target\":[\"https:\\\/\\\/kobi-medizintech.de\\\/produkt\\\/dekoerbchen-zur-gallensteinextraktion-laenge-2100-mm-mit-fester-zugstange-und-griffstueck-doppel-luer-lockenpolycatch-baskets-for-gallstone-extraction-length-2100-mm-handle-double-luer-lock-w\\\/\"]}]},{\"@type\":\"ImageObject\",\"inLanguage\":\"en-GB\",\"@id\":\"https:\\\/\\\/kobi-medizintech.de\\\/produkt\\\/dekoerbchen-zur-gallensteinextraktion-laenge-2100-mm-mit-fester-zugstange-und-griffstueck-doppel-luer-lockenpolycatch-baskets-for-gallstone-extraction-length-2100-mm-handle-double-luer-lock-w\\\/#primaryimage\",\"url\":\"https:\\\/\\\/kobi-medizintech.de\\\/wp-content\\\/uploads\\\/2024\\\/12\\\/9r6utww8.bmp\",\"contentUrl\":\"https:\\\/\\\/kobi-medizintech.de\\\/wp-content\\\/uploads\\\/2024\\\/12\\\/9r6utww8.bmp\",\"width\":100,\"height\":134},{\"@type\":\"BreadcrumbList\",\"@id\":\"https:\\\/\\\/kobi-medizintech.de\\\/produkt\\\/dekoerbchen-zur-gallensteinextraktion-laenge-2100-mm-mit-fester-zugstange-und-griffstueck-doppel-luer-lockenpolycatch-baskets-for-gallstone-extraction-length-2100-mm-handle-double-luer-lock-w\\\/#breadcrumb\",\"itemListElement\":[{\"@type\":\"ListItem\",\"position\":1,\"name\":\"Startseite\",\"item\":\"https:\\\/\\\/kobi-medizintech.de\\\/\"},{\"@type\":\"ListItem\",\"position\":2,\"name\":\"Shop\",\"item\":\"https:\\\/\\\/kobi-medizintech.de\\\/shop\\\/\"},{\"@type\":\"ListItem\",\"position\":3,\"name\":\"K\u00f6rbchen zur Gallensteinextraktion L\u00e4nge 2100 mm mit fester Zugstange und Griffst\u00fcck Doppel-Luer-Lock\"}]},{\"@type\":\"WebSite\",\"@id\":\"https:\\\/\\\/kobi-medizintech.de\\\/#website\",\"url\":\"https:\\\/\\\/kobi-medizintech.de\\\/\",\"name\":\"KOBI-Medizintech\",\"description\":\"Ihr flexibler Partner in der Endoskopie\",\"publisher\":{\"@id\":\"https:\\\/\\\/kobi-medizintech.de\\\/#organization\"},\"potentialAction\":[{\"@type\":\"SearchAction\",\"target\":{\"@type\":\"EntryPoint\",\"urlTemplate\":\"https:\\\/\\\/kobi-medizintech.de\\\/?s={search_term_string}\"},\"query-input\":{\"@type\":\"PropertyValueSpecification\",\"valueRequired\":true,\"valueName\":\"search_term_string\"}}],\"inLanguage\":\"en-GB\"},{\"@type\":\"Organization\",\"@id\":\"https:\\\/\\\/kobi-medizintech.de\\\/#organization\",\"name\":\"KOBI-Medizintech\",\"url\":\"https:\\\/\\\/kobi-medizintech.de\\\/\",\"logo\":{\"@type\":\"ImageObject\",\"inLanguage\":\"en-GB\",\"@id\":\"https:\\\/\\\/kobi-medizintech.de\\\/#\\\/schema\\\/logo\\\/image\\\/\",\"url\":\"https:\\\/\\\/kobi-medizintech.de\\\/wp-content\\\/uploads\\\/2024\\\/12\\\/cropped-logo-small-moded.png\",\"contentUrl\":\"https:\\\/\\\/kobi-medizintech.de\\\/wp-content\\\/uploads\\\/2024\\\/12\\\/cropped-logo-small-moded.png\",\"width\":150,\"height\":106,\"caption\":\"KOBI-Medizintech\"},\"image\":{\"@id\":\"https:\\\/\\\/kobi-medizintech.de\\\/#\\\/schema\\\/logo\\\/image\\\/\"}}]}<\/script>\n<!-- \/ Yoast SEO plugin. -->","yoast_head_json":{"title":"Polycatch baskets for gallstone extraction , length 2100 mm handle double Luer- Lock with a handle piece","description":"{:de}K\u00f6rbchen zur Gallensteinextraktion, L\u00e4nge 2100 mm mit fester Zugstange und Griffst\u00fcck Doppel- Luer- Lock{:}","robots":{"index":"index","follow":"follow","max-snippet":"max-snippet:-1","max-image-preview":"max-image-preview:large","max-video-preview":"max-video-preview:-1"},"canonical":"https:\/\/kobi-medizintech.de\/en\/produkt\/dekoerbchen-zur-gallensteinextraktion-laenge-2100-mm-mit-fester-zugstange-und-griffstueck-doppel-luer-lockenpolycatch-baskets-for-gallstone-extraction-length-2100-mm-handle-double-luer-lock-w\/","og_locale":"en_US","og_type":"article","og_title":"[:de]K\u00f6rbchen zur Gallensteinextraktion L\u00e4nge 2100 mm mit fester Zugstange und Griffst\u00fcck Doppel-Luer-Lock[:en]Polycatch baskets for gallstone extraction , length 2100 mm handle double Luer- Lock with a handle piece [:] - KOBI-Medizintech","og_description":"{:de}K\u00f6rbchen zur Gallensteinextraktion, L\u00e4nge 2100 mm mit fester Zugstange und Griffst\u00fcck Doppel- Luer- Lock{:}","og_url":"https:\/\/kobi-medizintech.de\/en\/produkt\/dekoerbchen-zur-gallensteinextraktion-laenge-2100-mm-mit-fester-zugstange-und-griffstueck-doppel-luer-lockenpolycatch-baskets-for-gallstone-extraction-length-2100-mm-handle-double-luer-lock-w\/","og_site_name":"KOBI-Medizintech","article_modified_time":"2024-12-21T17:01:29+00:00","twitter_card":"summary_large_image","schema":{"@context":"https:\/\/schema.org","@graph":[{"@type":"WebPage","@id":"https:\/\/kobi-medizintech.de\/produkt\/dekoerbchen-zur-gallensteinextraktion-laenge-2100-mm-mit-fester-zugstange-und-griffstueck-doppel-luer-lockenpolycatch-baskets-for-gallstone-extraction-length-2100-mm-handle-double-luer-lock-w\/","url":"https:\/\/kobi-medizintech.de\/produkt\/dekoerbchen-zur-gallensteinextraktion-laenge-2100-mm-mit-fester-zugstange-und-griffstueck-doppel-luer-lockenpolycatch-baskets-for-gallstone-extraction-length-2100-mm-handle-double-luer-lock-w\/","name":"Polycatch baskets for gallstone extraction , length 2100 mm handle double Luer- Lock with a handle piece","isPartOf":{"@id":"https:\/\/kobi-medizintech.de\/#website"},"primaryImageOfPage":{"@id":"https:\/\/kobi-medizintech.de\/produkt\/dekoerbchen-zur-gallensteinextraktion-laenge-2100-mm-mit-fester-zugstange-und-griffstueck-doppel-luer-lockenpolycatch-baskets-for-gallstone-extraction-length-2100-mm-handle-double-luer-lock-w\/#primaryimage"},"image":{"@id":"https:\/\/kobi-medizintech.de\/produkt\/dekoerbchen-zur-gallensteinextraktion-laenge-2100-mm-mit-fester-zugstange-und-griffstueck-doppel-luer-lockenpolycatch-baskets-for-gallstone-extraction-length-2100-mm-handle-double-luer-lock-w\/#primaryimage"},"thumbnailUrl":"https:\/\/kobi-medizintech.de\/wp-content\/uploads\/2024\/12\/9r6utww8.bmp","datePublished":"2024-12-21T17:01:09+00:00","dateModified":"2024-12-21T17:01:29+00:00","description":"{:de}K\u00f6rbchen zur Gallensteinextraktion, L\u00e4nge 2100 mm mit fester Zugstange und Griffst\u00fcck Doppel- Luer- Lock{:}","breadcrumb":{"@id":"https:\/\/kobi-medizintech.de\/produkt\/dekoerbchen-zur-gallensteinextraktion-laenge-2100-mm-mit-fester-zugstange-und-griffstueck-doppel-luer-lockenpolycatch-baskets-for-gallstone-extraction-length-2100-mm-handle-double-luer-lock-w\/#breadcrumb"},"inLanguage":"en-GB","potentialAction":[{"@type":"ReadAction","target":["https:\/\/kobi-medizintech.de\/produkt\/dekoerbchen-zur-gallensteinextraktion-laenge-2100-mm-mit-fester-zugstange-und-griffstueck-doppel-luer-lockenpolycatch-baskets-for-gallstone-extraction-length-2100-mm-handle-double-luer-lock-w\/"]}]},{"@type":"ImageObject","inLanguage":"en-GB","@id":"https:\/\/kobi-medizintech.de\/produkt\/dekoerbchen-zur-gallensteinextraktion-laenge-2100-mm-mit-fester-zugstange-und-griffstueck-doppel-luer-lockenpolycatch-baskets-for-gallstone-extraction-length-2100-mm-handle-double-luer-lock-w\/#primaryimage","url":"https:\/\/kobi-medizintech.de\/wp-content\/uploads\/2024\/12\/9r6utww8.bmp","contentUrl":"https:\/\/kobi-medizintech.de\/wp-content\/uploads\/2024\/12\/9r6utww8.bmp","width":100,"height":134},{"@type":"BreadcrumbList","@id":"https:\/\/kobi-medizintech.de\/produkt\/dekoerbchen-zur-gallensteinextraktion-laenge-2100-mm-mit-fester-zugstange-und-griffstueck-doppel-luer-lockenpolycatch-baskets-for-gallstone-extraction-length-2100-mm-handle-double-luer-lock-w\/#breadcrumb","itemListElement":[{"@type":"ListItem","position":1,"name":"Startseite","item":"https:\/\/kobi-medizintech.de\/"},{"@type":"ListItem","position":2,"name":"Shop","item":"https:\/\/kobi-medizintech.de\/shop\/"},{"@type":"ListItem","position":3,"name":"K\u00f6rbchen zur Gallensteinextraktion L\u00e4nge 2100 mm mit fester Zugstange und Griffst\u00fcck Doppel-Luer-Lock"}]},{"@type":"WebSite","@id":"https:\/\/kobi-medizintech.de\/#website","url":"https:\/\/kobi-medizintech.de\/","name":"KOBI-Medizintech","description":"Ihr flexibler Partner in der Endoskopie","publisher":{"@id":"https:\/\/kobi-medizintech.de\/#organization"},"potentialAction":[{"@type":"SearchAction","target":{"@type":"EntryPoint","urlTemplate":"https:\/\/kobi-medizintech.de\/?s={search_term_string}"},"query-input":{"@type":"PropertyValueSpecification","valueRequired":true,"valueName":"search_term_string"}}],"inLanguage":"en-GB"},{"@type":"Organization","@id":"https:\/\/kobi-medizintech.de\/#organization","name":"KOBI-Medizintech","url":"https:\/\/kobi-medizintech.de\/","logo":{"@type":"ImageObject","inLanguage":"en-GB","@id":"https:\/\/kobi-medizintech.de\/#\/schema\/logo\/image\/","url":"https:\/\/kobi-medizintech.de\/wp-content\/uploads\/2024\/12\/cropped-logo-small-moded.png","contentUrl":"https:\/\/kobi-medizintech.de\/wp-content\/uploads\/2024\/12\/cropped-logo-small-moded.png","width":150,"height":106,"caption":"KOBI-Medizintech"},"image":{"@id":"https:\/\/kobi-medizintech.de\/#\/schema\/logo\/image\/"}}]}},"_links":{"self":[{"href":"https:\/\/kobi-medizintech.de\/en\/wp-json\/wp\/v2\/product\/2179","targetHints":{"allow":["GET"]}}],"collection":[{"href":"https:\/\/kobi-medizintech.de\/en\/wp-json\/wp\/v2\/product"}],"about":[{"href":"https:\/\/kobi-medizintech.de\/en\/wp-json\/wp\/v2\/types\/product"}],"wp:featuredmedia":[{"embeddable":true,"href":"https:\/\/kobi-medizintech.de\/en\/wp-json\/wp\/v2\/media\/2200"}],"wp:attachment":[{"href":"https:\/\/kobi-medizintech.de\/en\/wp-json\/wp\/v2\/media?parent=2179"}],"wp:term":[{"taxonomy":"product_brand","embeddable":true,"href":"https:\/\/kobi-medizintech.de\/en\/wp-json\/wp\/v2\/product_brand?post=2179"},{"taxonomy":"product_cat","embeddable":true,"href":"https:\/\/kobi-medizintech.de\/en\/wp-json\/wp\/v2\/product_cat?post=2179"},{"taxonomy":"product_tag","embeddable":true,"href":"https:\/\/kobi-medizintech.de\/en\/wp-json\/wp\/v2\/product_tag?post=2179"}],"curies":[{"name":"wp","href":"https:\/\/api.w.org\/{rel}","templated":true}]}}