{"id":2161,"date":"2024-12-21T17:00:47","date_gmt":"2024-12-21T17:00:47","guid":{"rendered":"http:\/\/kobi-medizintech.de\/?post_type=product&#038;p=2161"},"modified":"2024-12-21T17:01:27","modified_gmt":"2024-12-21T17:01:27","slug":"dekoerbchen-zum-polypenfang-laenge-2100-mm-luer-lock-und-feste-zugstange-mit-griffstueck-18-mm-tubusenpolycatch-baskets-length-2100-mm-luer-lock-and-fixed-connecting-rod-with-a-handle-piece","status":"publish","type":"product","link":"https:\/\/kobi-medizintech.de\/en\/produkt\/dekoerbchen-zum-polypenfang-laenge-2100-mm-luer-lock-und-feste-zugstange-mit-griffstueck-18-mm-tubusenpolycatch-baskets-length-2100-mm-luer-lock-and-fixed-connecting-rod-with-a-handle-piece\/","title":{"rendered":"Polycatch Baskets , length 2100 mm Luer- Lock and fixed connecting rod with a handle piece 1,8 mm tube"},"content":{"rendered":"<p>Polycatch Baskets , length 2100 mm Luer- Lock and fixed connecting rod with a handle piece 1,8 mm tube<\/p>\n<p>&nbsp;<\/p>\n\n<table id=\"tablepress-30\" class=\"tablepress tablepress-id-30\">\n<thead>\n<tr class=\"row-1\">\n\t<th class=\"column-1\">Item-No.<\/th><th class=\"column-2\">\u00d8 in mm \/ tube<\/th><th class=\"column-3\">Cords<\/th><th class=\"column-4\">\u00d8 in mm \/  Length in mm<\/th>\n<\/tr>\n<\/thead>\n<tbody class=\"row-striping row-hover\">\n<tr class=\"row-2\">\n\t<td class=\"column-1\">PF-21-18-01<\/td><td class=\"column-2\">1,8 mm<\/td><td class=\"column-3\">4 cords hexag.<\/td><td class=\"column-4\">20\/40 mm<\/td>\n<\/tr>\n<tr class=\"row-3\">\n\t<td class=\"column-1\">PF-21-18-02  <\/td><td class=\"column-2\">1,8 mm<\/td><td class=\"column-3\">4 cords hexag.<\/td><td class=\"column-4\">25\/50 mm<\/td>\n<\/tr>\n<tr class=\"row-4\">\n\t<td class=\"column-1\">PF-21-18-03<\/td><td class=\"column-2\">1,8 mm<\/td><td class=\"column-3\">4 cords hexag.<\/td><td class=\"column-4\">30\/60 mm<\/td>\n<\/tr>\n<tr class=\"row-5\">\n\t<td class=\"column-1\">PF-21-18-04<\/td><td class=\"column-2\">1,8 mm<\/td><td class=\"column-3\">4 cords hexag.<\/td><td class=\"column-4\"> 35\/70 mm<\/td>\n<\/tr>\n<tr class=\"row-6\">\n\t<td class=\"column-1\">PF-21-18-11<\/td><td class=\"column-2\">1,8 mm<\/td><td class=\"column-3\">4 cords spiral.<\/td><td class=\"column-4\">20\/40 mm<\/td>\n<\/tr>\n<tr class=\"row-7\">\n\t<td class=\"column-1\">PF-21-18-12<\/td><td class=\"column-2\">1,8 mm<\/td><td class=\"column-3\">4 cords spiral.<\/td><td class=\"column-4\">25\/50 mm<\/td>\n<\/tr>\n<tr class=\"row-8\">\n\t<td class=\"column-1\">PF-21-18-13<\/td><td class=\"column-2\">1,8 mm<\/td><td class=\"column-3\">4 cords spiral.<\/td><td class=\"column-4\">30\/60 mm<\/td>\n<\/tr>\n<tr class=\"row-9\">\n\t<td class=\"column-1\">PF-21-18-14<\/td><td class=\"column-2\">1,8 mm<\/td><td class=\"column-3\">4 cords spiral.<\/td><td class=\"column-4\"> 35\/70 mm<\/td>\n<\/tr>\n<\/tbody>\n<\/table>\n<!-- #tablepress-30 from cache -->\n","protected":false},"excerpt":{"rendered":"<p>Polycatch Baskets , length 2100 mm Luer- Lock and fixed connecting rod with a handle piece 1,8 mm tube<\/p>\n","protected":false},"featured_media":2200,"template":"","meta":{"_themeisle_gutenberg_block_has_review":false},"product_brand":[],"product_cat":[104],"product_tag":[86,45,46,68,51,98,99,102,52,105,96,106,107,82,72,108,90,103,91,100,70,97,58,109],"class_list":{"0":"post-2161","1":"product","2":"type-product","3":"status-publish","4":"has-post-thumbnail","6":"product_cat-polypenfaenger","7":"product_tag-filiform","8":"product_tag-frem","9":"product_tag-fremd","10":"product_tag-graduierte","11":"product_tag-griff","12":"product_tag-hf","13":"product_tag-isolierte","14":"product_tag-isolierte-spitze","15":"product_tag-klemm","16":"product_tag-koerbchen","17":"product_tag-koerbchenschlinge","18":"product_tag-lock","19":"product_tag-luer","20":"product_tag-magen","21":"product_tag-o-1","22":"product_tag-polypenfang","23":"product_tag-ptfe","24":"product_tag-rotatable","25":"product_tag-schlauch","26":"product_tag-schlingen","27":"product_tag-spitze","28":"product_tag-universalhandgriff","29":"product_tag-zubehoer","30":"product_tag-zugstange","32":"first","33":"instock","34":"shipping-taxable","35":"product-type-simple"},"yoast_head":"<!-- This site is optimized with the Yoast SEO plugin v27.3 - https:\/\/yoast.com\/product\/yoast-seo-wordpress\/ -->\n<title>Polycatch Baskets , length 2100 mm Luer- Lock and fixed connecting rod with a handle piece 1,8 mm tube<\/title>\n<meta name=\"description\" content=\"{:de}K\u00f6rbchen zum Polypenfang, L\u00e4nge 2100 mm Luer- Lock und feste Zugstange mit Griffst\u00fcck 1,8 mm Tubus{:}\" \/>\n<meta name=\"robots\" content=\"index, follow, max-snippet:-1, max-image-preview:large, max-video-preview:-1\" \/>\n<link rel=\"canonical\" href=\"https:\/\/kobi-medizintech.de\/en\/produkt\/dekoerbchen-zum-polypenfang-laenge-2100-mm-luer-lock-und-feste-zugstange-mit-griffstueck-18-mm-tubusenpolycatch-baskets-length-2100-mm-luer-lock-and-fixed-connecting-rod-with-a-handle-piece\/\" \/>\n<meta property=\"og:locale\" content=\"en_US\" \/>\n<meta property=\"og:locale:alternate\" content=\"de_DE\" \/>\n<meta property=\"og:type\" content=\"article\" \/>\n<meta property=\"og:title\" content=\"Polycatch Baskets , length 2100 mm Luer- Lock and fixed connecting rod with a handle piece 1,8 mm tube\" \/>\n<meta property=\"og:description\" content=\"{:de}K\u00f6rbchen zum Polypenfang, L\u00e4nge 2100 mm Luer- Lock und feste Zugstange mit Griffst\u00fcck 1,8 mm Tubus{:}\" \/>\n<meta property=\"og:url\" content=\"https:\/\/kobi-medizintech.de\/en\/produkt\/dekoerbchen-zum-polypenfang-laenge-2100-mm-luer-lock-und-feste-zugstange-mit-griffstueck-18-mm-tubusenpolycatch-baskets-length-2100-mm-luer-lock-and-fixed-connecting-rod-with-a-handle-piece\/\" \/>\n<meta property=\"og:site_name\" content=\"KOBI-Medizintech\" \/>\n<meta property=\"article:modified_time\" content=\"2024-12-21T17:01:27+00:00\" \/>\n<meta name=\"twitter:card\" content=\"summary_large_image\" \/>\n<script type=\"application\/ld+json\" class=\"yoast-schema-graph\">{\"@context\":\"https:\\\/\\\/schema.org\",\"@graph\":[{\"@type\":\"WebPage\",\"@id\":\"https:\\\/\\\/kobi-medizintech.de\\\/produkt\\\/dekoerbchen-zum-polypenfang-laenge-2100-mm-luer-lock-und-feste-zugstange-mit-griffstueck-18-mm-tubusenpolycatch-baskets-length-2100-mm-luer-lock-and-fixed-connecting-rod-with-a-handle-piece\\\/\",\"url\":\"https:\\\/\\\/kobi-medizintech.de\\\/produkt\\\/dekoerbchen-zum-polypenfang-laenge-2100-mm-luer-lock-und-feste-zugstange-mit-griffstueck-18-mm-tubusenpolycatch-baskets-length-2100-mm-luer-lock-and-fixed-connecting-rod-with-a-handle-piece\\\/\",\"name\":\"Polycatch Baskets , length 2100 mm Luer- Lock and fixed connecting rod with a handle piece 1,8 mm tube\",\"isPartOf\":{\"@id\":\"https:\\\/\\\/kobi-medizintech.de\\\/#website\"},\"primaryImageOfPage\":{\"@id\":\"https:\\\/\\\/kobi-medizintech.de\\\/produkt\\\/dekoerbchen-zum-polypenfang-laenge-2100-mm-luer-lock-und-feste-zugstange-mit-griffstueck-18-mm-tubusenpolycatch-baskets-length-2100-mm-luer-lock-and-fixed-connecting-rod-with-a-handle-piece\\\/#primaryimage\"},\"image\":{\"@id\":\"https:\\\/\\\/kobi-medizintech.de\\\/produkt\\\/dekoerbchen-zum-polypenfang-laenge-2100-mm-luer-lock-und-feste-zugstange-mit-griffstueck-18-mm-tubusenpolycatch-baskets-length-2100-mm-luer-lock-and-fixed-connecting-rod-with-a-handle-piece\\\/#primaryimage\"},\"thumbnailUrl\":\"https:\\\/\\\/kobi-medizintech.de\\\/wp-content\\\/uploads\\\/2024\\\/12\\\/9r6utww8.bmp\",\"datePublished\":\"2024-12-21T17:00:47+00:00\",\"dateModified\":\"2024-12-21T17:01:27+00:00\",\"description\":\"{:de}K\u00f6rbchen zum Polypenfang, L\u00e4nge 2100 mm Luer- Lock und feste Zugstange mit Griffst\u00fcck 1,8 mm Tubus{:}\",\"breadcrumb\":{\"@id\":\"https:\\\/\\\/kobi-medizintech.de\\\/produkt\\\/dekoerbchen-zum-polypenfang-laenge-2100-mm-luer-lock-und-feste-zugstange-mit-griffstueck-18-mm-tubusenpolycatch-baskets-length-2100-mm-luer-lock-and-fixed-connecting-rod-with-a-handle-piece\\\/#breadcrumb\"},\"inLanguage\":\"en-GB\",\"potentialAction\":[{\"@type\":\"ReadAction\",\"target\":[\"https:\\\/\\\/kobi-medizintech.de\\\/produkt\\\/dekoerbchen-zum-polypenfang-laenge-2100-mm-luer-lock-und-feste-zugstange-mit-griffstueck-18-mm-tubusenpolycatch-baskets-length-2100-mm-luer-lock-and-fixed-connecting-rod-with-a-handle-piece\\\/\"]}]},{\"@type\":\"ImageObject\",\"inLanguage\":\"en-GB\",\"@id\":\"https:\\\/\\\/kobi-medizintech.de\\\/produkt\\\/dekoerbchen-zum-polypenfang-laenge-2100-mm-luer-lock-und-feste-zugstange-mit-griffstueck-18-mm-tubusenpolycatch-baskets-length-2100-mm-luer-lock-and-fixed-connecting-rod-with-a-handle-piece\\\/#primaryimage\",\"url\":\"https:\\\/\\\/kobi-medizintech.de\\\/wp-content\\\/uploads\\\/2024\\\/12\\\/9r6utww8.bmp\",\"contentUrl\":\"https:\\\/\\\/kobi-medizintech.de\\\/wp-content\\\/uploads\\\/2024\\\/12\\\/9r6utww8.bmp\",\"width\":100,\"height\":134},{\"@type\":\"BreadcrumbList\",\"@id\":\"https:\\\/\\\/kobi-medizintech.de\\\/produkt\\\/dekoerbchen-zum-polypenfang-laenge-2100-mm-luer-lock-und-feste-zugstange-mit-griffstueck-18-mm-tubusenpolycatch-baskets-length-2100-mm-luer-lock-and-fixed-connecting-rod-with-a-handle-piece\\\/#breadcrumb\",\"itemListElement\":[{\"@type\":\"ListItem\",\"position\":1,\"name\":\"Startseite\",\"item\":\"https:\\\/\\\/kobi-medizintech.de\\\/\"},{\"@type\":\"ListItem\",\"position\":2,\"name\":\"Shop\",\"item\":\"https:\\\/\\\/kobi-medizintech.de\\\/shop\\\/\"},{\"@type\":\"ListItem\",\"position\":3,\"name\":\"K\u00f6rbchen zum Polypenfang, L\u00e4nge 2100 mm Luer-Lock und feste Zugstange mit Griffst\u00fcck 1,8 mm Tubus\"}]},{\"@type\":\"WebSite\",\"@id\":\"https:\\\/\\\/kobi-medizintech.de\\\/#website\",\"url\":\"https:\\\/\\\/kobi-medizintech.de\\\/\",\"name\":\"KOBI-Medizintech\",\"description\":\"Ihr flexibler Partner in der Endoskopie\",\"publisher\":{\"@id\":\"https:\\\/\\\/kobi-medizintech.de\\\/#organization\"},\"potentialAction\":[{\"@type\":\"SearchAction\",\"target\":{\"@type\":\"EntryPoint\",\"urlTemplate\":\"https:\\\/\\\/kobi-medizintech.de\\\/?s={search_term_string}\"},\"query-input\":{\"@type\":\"PropertyValueSpecification\",\"valueRequired\":true,\"valueName\":\"search_term_string\"}}],\"inLanguage\":\"en-GB\"},{\"@type\":\"Organization\",\"@id\":\"https:\\\/\\\/kobi-medizintech.de\\\/#organization\",\"name\":\"KOBI-Medizintech\",\"url\":\"https:\\\/\\\/kobi-medizintech.de\\\/\",\"logo\":{\"@type\":\"ImageObject\",\"inLanguage\":\"en-GB\",\"@id\":\"https:\\\/\\\/kobi-medizintech.de\\\/#\\\/schema\\\/logo\\\/image\\\/\",\"url\":\"https:\\\/\\\/kobi-medizintech.de\\\/wp-content\\\/uploads\\\/2024\\\/12\\\/cropped-logo-small-moded.png\",\"contentUrl\":\"https:\\\/\\\/kobi-medizintech.de\\\/wp-content\\\/uploads\\\/2024\\\/12\\\/cropped-logo-small-moded.png\",\"width\":150,\"height\":106,\"caption\":\"KOBI-Medizintech\"},\"image\":{\"@id\":\"https:\\\/\\\/kobi-medizintech.de\\\/#\\\/schema\\\/logo\\\/image\\\/\"}}]}<\/script>\n<!-- \/ Yoast SEO plugin. -->","yoast_head_json":{"title":"Polycatch Baskets , length 2100 mm Luer- Lock and fixed connecting rod with a handle piece 1,8 mm tube","description":"{:de}K\u00f6rbchen zum Polypenfang, L\u00e4nge 2100 mm Luer- Lock und feste Zugstange mit Griffst\u00fcck 1,8 mm Tubus{:}","robots":{"index":"index","follow":"follow","max-snippet":"max-snippet:-1","max-image-preview":"max-image-preview:large","max-video-preview":"max-video-preview:-1"},"canonical":"https:\/\/kobi-medizintech.de\/en\/produkt\/dekoerbchen-zum-polypenfang-laenge-2100-mm-luer-lock-und-feste-zugstange-mit-griffstueck-18-mm-tubusenpolycatch-baskets-length-2100-mm-luer-lock-and-fixed-connecting-rod-with-a-handle-piece\/","og_locale":"en_US","og_type":"article","og_title":"[:de]K\u00f6rbchen zum Polypenfang, L\u00e4nge 2100 mm Luer-Lock und feste Zugstange mit Griffst\u00fcck 1,8 mm Tubus[:en]Polycatch Baskets , length 2100 mm Luer- Lock and fixed connecting rod with a handle piece 1,8 mm tube[:] - KOBI-Medizintech","og_description":"{:de}K\u00f6rbchen zum Polypenfang, L\u00e4nge 2100 mm Luer- Lock und feste Zugstange mit Griffst\u00fcck 1,8 mm Tubus{:}","og_url":"https:\/\/kobi-medizintech.de\/en\/produkt\/dekoerbchen-zum-polypenfang-laenge-2100-mm-luer-lock-und-feste-zugstange-mit-griffstueck-18-mm-tubusenpolycatch-baskets-length-2100-mm-luer-lock-and-fixed-connecting-rod-with-a-handle-piece\/","og_site_name":"KOBI-Medizintech","article_modified_time":"2024-12-21T17:01:27+00:00","twitter_card":"summary_large_image","schema":{"@context":"https:\/\/schema.org","@graph":[{"@type":"WebPage","@id":"https:\/\/kobi-medizintech.de\/produkt\/dekoerbchen-zum-polypenfang-laenge-2100-mm-luer-lock-und-feste-zugstange-mit-griffstueck-18-mm-tubusenpolycatch-baskets-length-2100-mm-luer-lock-and-fixed-connecting-rod-with-a-handle-piece\/","url":"https:\/\/kobi-medizintech.de\/produkt\/dekoerbchen-zum-polypenfang-laenge-2100-mm-luer-lock-und-feste-zugstange-mit-griffstueck-18-mm-tubusenpolycatch-baskets-length-2100-mm-luer-lock-and-fixed-connecting-rod-with-a-handle-piece\/","name":"Polycatch Baskets , length 2100 mm Luer- Lock and fixed connecting rod with a handle piece 1,8 mm tube","isPartOf":{"@id":"https:\/\/kobi-medizintech.de\/#website"},"primaryImageOfPage":{"@id":"https:\/\/kobi-medizintech.de\/produkt\/dekoerbchen-zum-polypenfang-laenge-2100-mm-luer-lock-und-feste-zugstange-mit-griffstueck-18-mm-tubusenpolycatch-baskets-length-2100-mm-luer-lock-and-fixed-connecting-rod-with-a-handle-piece\/#primaryimage"},"image":{"@id":"https:\/\/kobi-medizintech.de\/produkt\/dekoerbchen-zum-polypenfang-laenge-2100-mm-luer-lock-und-feste-zugstange-mit-griffstueck-18-mm-tubusenpolycatch-baskets-length-2100-mm-luer-lock-and-fixed-connecting-rod-with-a-handle-piece\/#primaryimage"},"thumbnailUrl":"https:\/\/kobi-medizintech.de\/wp-content\/uploads\/2024\/12\/9r6utww8.bmp","datePublished":"2024-12-21T17:00:47+00:00","dateModified":"2024-12-21T17:01:27+00:00","description":"{:de}K\u00f6rbchen zum Polypenfang, L\u00e4nge 2100 mm Luer- Lock und feste Zugstange mit Griffst\u00fcck 1,8 mm Tubus{:}","breadcrumb":{"@id":"https:\/\/kobi-medizintech.de\/produkt\/dekoerbchen-zum-polypenfang-laenge-2100-mm-luer-lock-und-feste-zugstange-mit-griffstueck-18-mm-tubusenpolycatch-baskets-length-2100-mm-luer-lock-and-fixed-connecting-rod-with-a-handle-piece\/#breadcrumb"},"inLanguage":"en-GB","potentialAction":[{"@type":"ReadAction","target":["https:\/\/kobi-medizintech.de\/produkt\/dekoerbchen-zum-polypenfang-laenge-2100-mm-luer-lock-und-feste-zugstange-mit-griffstueck-18-mm-tubusenpolycatch-baskets-length-2100-mm-luer-lock-and-fixed-connecting-rod-with-a-handle-piece\/"]}]},{"@type":"ImageObject","inLanguage":"en-GB","@id":"https:\/\/kobi-medizintech.de\/produkt\/dekoerbchen-zum-polypenfang-laenge-2100-mm-luer-lock-und-feste-zugstange-mit-griffstueck-18-mm-tubusenpolycatch-baskets-length-2100-mm-luer-lock-and-fixed-connecting-rod-with-a-handle-piece\/#primaryimage","url":"https:\/\/kobi-medizintech.de\/wp-content\/uploads\/2024\/12\/9r6utww8.bmp","contentUrl":"https:\/\/kobi-medizintech.de\/wp-content\/uploads\/2024\/12\/9r6utww8.bmp","width":100,"height":134},{"@type":"BreadcrumbList","@id":"https:\/\/kobi-medizintech.de\/produkt\/dekoerbchen-zum-polypenfang-laenge-2100-mm-luer-lock-und-feste-zugstange-mit-griffstueck-18-mm-tubusenpolycatch-baskets-length-2100-mm-luer-lock-and-fixed-connecting-rod-with-a-handle-piece\/#breadcrumb","itemListElement":[{"@type":"ListItem","position":1,"name":"Startseite","item":"https:\/\/kobi-medizintech.de\/"},{"@type":"ListItem","position":2,"name":"Shop","item":"https:\/\/kobi-medizintech.de\/shop\/"},{"@type":"ListItem","position":3,"name":"K\u00f6rbchen zum Polypenfang, L\u00e4nge 2100 mm Luer-Lock und feste Zugstange mit Griffst\u00fcck 1,8 mm Tubus"}]},{"@type":"WebSite","@id":"https:\/\/kobi-medizintech.de\/#website","url":"https:\/\/kobi-medizintech.de\/","name":"KOBI-Medizintech","description":"Ihr flexibler Partner in der Endoskopie","publisher":{"@id":"https:\/\/kobi-medizintech.de\/#organization"},"potentialAction":[{"@type":"SearchAction","target":{"@type":"EntryPoint","urlTemplate":"https:\/\/kobi-medizintech.de\/?s={search_term_string}"},"query-input":{"@type":"PropertyValueSpecification","valueRequired":true,"valueName":"search_term_string"}}],"inLanguage":"en-GB"},{"@type":"Organization","@id":"https:\/\/kobi-medizintech.de\/#organization","name":"KOBI-Medizintech","url":"https:\/\/kobi-medizintech.de\/","logo":{"@type":"ImageObject","inLanguage":"en-GB","@id":"https:\/\/kobi-medizintech.de\/#\/schema\/logo\/image\/","url":"https:\/\/kobi-medizintech.de\/wp-content\/uploads\/2024\/12\/cropped-logo-small-moded.png","contentUrl":"https:\/\/kobi-medizintech.de\/wp-content\/uploads\/2024\/12\/cropped-logo-small-moded.png","width":150,"height":106,"caption":"KOBI-Medizintech"},"image":{"@id":"https:\/\/kobi-medizintech.de\/#\/schema\/logo\/image\/"}}]}},"_links":{"self":[{"href":"https:\/\/kobi-medizintech.de\/en\/wp-json\/wp\/v2\/product\/2161","targetHints":{"allow":["GET"]}}],"collection":[{"href":"https:\/\/kobi-medizintech.de\/en\/wp-json\/wp\/v2\/product"}],"about":[{"href":"https:\/\/kobi-medizintech.de\/en\/wp-json\/wp\/v2\/types\/product"}],"wp:featuredmedia":[{"embeddable":true,"href":"https:\/\/kobi-medizintech.de\/en\/wp-json\/wp\/v2\/media\/2200"}],"wp:attachment":[{"href":"https:\/\/kobi-medizintech.de\/en\/wp-json\/wp\/v2\/media?parent=2161"}],"wp:term":[{"taxonomy":"product_brand","embeddable":true,"href":"https:\/\/kobi-medizintech.de\/en\/wp-json\/wp\/v2\/product_brand?post=2161"},{"taxonomy":"product_cat","embeddable":true,"href":"https:\/\/kobi-medizintech.de\/en\/wp-json\/wp\/v2\/product_cat?post=2161"},{"taxonomy":"product_tag","embeddable":true,"href":"https:\/\/kobi-medizintech.de\/en\/wp-json\/wp\/v2\/product_tag?post=2161"}],"curies":[{"name":"wp","href":"https:\/\/api.w.org\/{rel}","templated":true}]}}