{"id":2141,"date":"2024-12-21T17:00:41","date_gmt":"2024-12-21T17:00:41","guid":{"rendered":"http:\/\/kobi-medizintech.de\/?post_type=product&#038;p=2141"},"modified":"2024-12-21T17:00:58","modified_gmt":"2024-12-21T17:00:58","slug":"depapillotome-dll-o-16-mmenpapillotomes-dll-o-16-mm","status":"publish","type":"product","link":"https:\/\/kobi-medizintech.de\/en\/produkt\/depapillotome-dll-o-16-mmenpapillotomes-dll-o-16-mm\/","title":{"rendered":"Papillotomes DLL \u00d8 1,6 mm"},"content":{"rendered":"<p>Papillotomes DLL \u00d8 1,6 mm \/ 30 mm directed tip 20 mm Cutlength \/ length 2000 mm  <\/p>\n\n<table id=\"tablepress-9\" class=\"tablepress tablepress-id-9\">\n<thead>\n<tr class=\"row-1\">\n\t<th class=\"column-1\">Item-No.<\/th><th class=\"column-2\">\u00d8 in mm<\/th><th class=\"column-3\">Tip shape<\/th>\n<\/tr>\n<\/thead>\n<tbody class=\"row-striping row-hover\">\n<tr class=\"row-2\">\n\t<td class=\"column-1\">PD-20-16-00<\/td><td class=\"column-2\">1,6 mm<\/td><td class=\"column-3\">standard<\/td>\n<\/tr>\n<tr class=\"row-3\">\n\t<td class=\"column-1\">PD-20-16-01<\/td><td class=\"column-2\">1,6 mm<\/td><td class=\"column-3\">filiform<\/td>\n<\/tr>\n<tr class=\"row-4\">\n\t<td class=\"column-1\">PD-20-16-02<\/td><td class=\"column-2\">1,6 mm<\/td><td class=\"column-3\">precut<\/td>\n<\/tr>\n<tr class=\"row-5\">\n\t<td class=\"column-1\">PD-20-16-03<\/td><td class=\"column-2\">1,6 mm<\/td><td class=\"column-3\">precut filiform<\/td>\n<\/tr>\n<\/tbody>\n<\/table>\n<!-- #tablepress-9 from cache -->\n","protected":false},"excerpt":{"rendered":"<p>Papillotomes DLL \u00d8 1,6 mm \/ 30 mm directed tip 20 mm Cutlength \/ length 2000 mm<\/p>\n","protected":false},"featured_media":2173,"template":"","meta":{"_themeisle_gutenberg_block_has_review":false},"product_brand":[],"product_cat":[64],"product_tag":[65,66,67,45,46,68,51,52,57,72,71,69,49,70,41,58],"class_list":{"0":"post-2141","1":"product","2":"type-product","3":"status-publish","4":"has-post-thumbnail","6":"product_cat-papillotome","7":"product_tag-1-6","8":"product_tag-6-mm","9":"product_tag-dll","10":"product_tag-frem","11":"product_tag-fremd","12":"product_tag-graduierte","13":"product_tag-griff","14":"product_tag-klemm","15":"product_tag-metallspirale","16":"product_tag-o-1","17":"product_tag-papillotome","18":"product_tag-schnittlaenge","19":"product_tag-spirale","20":"product_tag-spitze","21":"product_tag-zange","22":"product_tag-zubehoer","24":"first","25":"instock","26":"shipping-taxable","27":"product-type-simple"},"yoast_head":"<!-- This site is optimized with the Yoast SEO plugin v27.4 - https:\/\/yoast.com\/product\/yoast-seo-wordpress\/ -->\n<title>Papillotomes DLL \u00d8 1,6 mm<\/title>\n<meta name=\"description\" content=\"{:de}Papillotome DLL \u00d8 1,6 mm \/ 30 mm graduierte Spitze 20 mm Schnittl\u00e4nge \/ L\u00e4nge 2000 mm {:}\" \/>\n<meta name=\"robots\" content=\"index, follow, max-snippet:-1, max-image-preview:large, max-video-preview:-1\" \/>\n<link rel=\"canonical\" href=\"https:\/\/kobi-medizintech.de\/en\/produkt\/depapillotome-dll-o-16-mmenpapillotomes-dll-o-16-mm\/\" \/>\n<meta property=\"og:locale\" content=\"en_US\" \/>\n<meta property=\"og:locale:alternate\" content=\"de_DE\" \/>\n<meta property=\"og:type\" content=\"article\" \/>\n<meta property=\"og:title\" content=\"Papillotomes DLL \u00d8 1,6 mm\" \/>\n<meta property=\"og:description\" content=\"{:de}Papillotome DLL \u00d8 1,6 mm \/ 30 mm graduierte Spitze 20 mm Schnittl\u00e4nge \/ L\u00e4nge 2000 mm {:}\" \/>\n<meta property=\"og:url\" content=\"https:\/\/kobi-medizintech.de\/en\/produkt\/depapillotome-dll-o-16-mmenpapillotomes-dll-o-16-mm\/\" \/>\n<meta property=\"og:site_name\" content=\"KOBI-Medizintech\" \/>\n<meta property=\"article:modified_time\" content=\"2024-12-21T17:00:58+00:00\" \/>\n<meta name=\"twitter:card\" content=\"summary_large_image\" \/>\n<script type=\"application\/ld+json\" class=\"yoast-schema-graph\">{\"@context\":\"https:\\\/\\\/schema.org\",\"@graph\":[{\"@type\":\"WebPage\",\"@id\":\"https:\\\/\\\/kobi-medizintech.de\\\/produkt\\\/depapillotome-dll-o-16-mmenpapillotomes-dll-o-16-mm\\\/\",\"url\":\"https:\\\/\\\/kobi-medizintech.de\\\/produkt\\\/depapillotome-dll-o-16-mmenpapillotomes-dll-o-16-mm\\\/\",\"name\":\"Papillotomes DLL \u00d8 1,6 mm\",\"isPartOf\":{\"@id\":\"https:\\\/\\\/kobi-medizintech.de\\\/#website\"},\"primaryImageOfPage\":{\"@id\":\"https:\\\/\\\/kobi-medizintech.de\\\/produkt\\\/depapillotome-dll-o-16-mmenpapillotomes-dll-o-16-mm\\\/#primaryimage\"},\"image\":{\"@id\":\"https:\\\/\\\/kobi-medizintech.de\\\/produkt\\\/depapillotome-dll-o-16-mmenpapillotomes-dll-o-16-mm\\\/#primaryimage\"},\"thumbnailUrl\":\"https:\\\/\\\/kobi-medizintech.de\\\/wp-content\\\/uploads\\\/2024\\\/12\\\/cmpwee74.bmp\",\"datePublished\":\"2024-12-21T17:00:41+00:00\",\"dateModified\":\"2024-12-21T17:00:58+00:00\",\"description\":\"{:de}Papillotome DLL \u00d8 1,6 mm \\\/ 30 mm graduierte Spitze 20 mm Schnittl\u00e4nge \\\/ L\u00e4nge 2000 mm {:}\",\"breadcrumb\":{\"@id\":\"https:\\\/\\\/kobi-medizintech.de\\\/produkt\\\/depapillotome-dll-o-16-mmenpapillotomes-dll-o-16-mm\\\/#breadcrumb\"},\"inLanguage\":\"en-GB\",\"potentialAction\":[{\"@type\":\"ReadAction\",\"target\":[\"https:\\\/\\\/kobi-medizintech.de\\\/produkt\\\/depapillotome-dll-o-16-mmenpapillotomes-dll-o-16-mm\\\/\"]}]},{\"@type\":\"ImageObject\",\"inLanguage\":\"en-GB\",\"@id\":\"https:\\\/\\\/kobi-medizintech.de\\\/produkt\\\/depapillotome-dll-o-16-mmenpapillotomes-dll-o-16-mm\\\/#primaryimage\",\"url\":\"https:\\\/\\\/kobi-medizintech.de\\\/wp-content\\\/uploads\\\/2024\\\/12\\\/cmpwee74.bmp\",\"contentUrl\":\"https:\\\/\\\/kobi-medizintech.de\\\/wp-content\\\/uploads\\\/2024\\\/12\\\/cmpwee74.bmp\",\"width\":178,\"height\":199},{\"@type\":\"BreadcrumbList\",\"@id\":\"https:\\\/\\\/kobi-medizintech.de\\\/produkt\\\/depapillotome-dll-o-16-mmenpapillotomes-dll-o-16-mm\\\/#breadcrumb\",\"itemListElement\":[{\"@type\":\"ListItem\",\"position\":1,\"name\":\"Startseite\",\"item\":\"https:\\\/\\\/kobi-medizintech.de\\\/\"},{\"@type\":\"ListItem\",\"position\":2,\"name\":\"Shop\",\"item\":\"https:\\\/\\\/kobi-medizintech.de\\\/shop\\\/\"},{\"@type\":\"ListItem\",\"position\":3,\"name\":\"Papillotome DLL \u00d8 1,6 mm\"}]},{\"@type\":\"WebSite\",\"@id\":\"https:\\\/\\\/kobi-medizintech.de\\\/#website\",\"url\":\"https:\\\/\\\/kobi-medizintech.de\\\/\",\"name\":\"KOBI-Medizintech\",\"description\":\"Ihr flexibler Partner in der Endoskopie\",\"publisher\":{\"@id\":\"https:\\\/\\\/kobi-medizintech.de\\\/#organization\"},\"potentialAction\":[{\"@type\":\"SearchAction\",\"target\":{\"@type\":\"EntryPoint\",\"urlTemplate\":\"https:\\\/\\\/kobi-medizintech.de\\\/?s={search_term_string}\"},\"query-input\":{\"@type\":\"PropertyValueSpecification\",\"valueRequired\":true,\"valueName\":\"search_term_string\"}}],\"inLanguage\":\"en-GB\"},{\"@type\":\"Organization\",\"@id\":\"https:\\\/\\\/kobi-medizintech.de\\\/#organization\",\"name\":\"KOBI-Medizintech\",\"url\":\"https:\\\/\\\/kobi-medizintech.de\\\/\",\"logo\":{\"@type\":\"ImageObject\",\"inLanguage\":\"en-GB\",\"@id\":\"https:\\\/\\\/kobi-medizintech.de\\\/#\\\/schema\\\/logo\\\/image\\\/\",\"url\":\"https:\\\/\\\/kobi-medizintech.de\\\/wp-content\\\/uploads\\\/2024\\\/12\\\/cropped-logo-small-moded.png\",\"contentUrl\":\"https:\\\/\\\/kobi-medizintech.de\\\/wp-content\\\/uploads\\\/2024\\\/12\\\/cropped-logo-small-moded.png\",\"width\":150,\"height\":106,\"caption\":\"KOBI-Medizintech\"},\"image\":{\"@id\":\"https:\\\/\\\/kobi-medizintech.de\\\/#\\\/schema\\\/logo\\\/image\\\/\"}}]}<\/script>\n<!-- \/ Yoast SEO plugin. -->","yoast_head_json":{"title":"Papillotomes DLL \u00d8 1,6 mm","description":"{:de}Papillotome DLL \u00d8 1,6 mm \/ 30 mm graduierte Spitze 20 mm Schnittl\u00e4nge \/ L\u00e4nge 2000 mm {:}","robots":{"index":"index","follow":"follow","max-snippet":"max-snippet:-1","max-image-preview":"max-image-preview:large","max-video-preview":"max-video-preview:-1"},"canonical":"https:\/\/kobi-medizintech.de\/en\/produkt\/depapillotome-dll-o-16-mmenpapillotomes-dll-o-16-mm\/","og_locale":"en_US","og_type":"article","og_title":"[:de]Papillotome DLL \u00d8 1,6 mm[:en]Papillotomes DLL \u00d8 1,6 mm[:] - KOBI-Medizintech","og_description":"{:de}Papillotome DLL \u00d8 1,6 mm \/ 30 mm graduierte Spitze 20 mm Schnittl\u00e4nge \/ L\u00e4nge 2000 mm {:}","og_url":"https:\/\/kobi-medizintech.de\/en\/produkt\/depapillotome-dll-o-16-mmenpapillotomes-dll-o-16-mm\/","og_site_name":"KOBI-Medizintech","article_modified_time":"2024-12-21T17:00:58+00:00","twitter_card":"summary_large_image","schema":{"@context":"https:\/\/schema.org","@graph":[{"@type":"WebPage","@id":"https:\/\/kobi-medizintech.de\/produkt\/depapillotome-dll-o-16-mmenpapillotomes-dll-o-16-mm\/","url":"https:\/\/kobi-medizintech.de\/produkt\/depapillotome-dll-o-16-mmenpapillotomes-dll-o-16-mm\/","name":"Papillotomes DLL \u00d8 1,6 mm","isPartOf":{"@id":"https:\/\/kobi-medizintech.de\/#website"},"primaryImageOfPage":{"@id":"https:\/\/kobi-medizintech.de\/produkt\/depapillotome-dll-o-16-mmenpapillotomes-dll-o-16-mm\/#primaryimage"},"image":{"@id":"https:\/\/kobi-medizintech.de\/produkt\/depapillotome-dll-o-16-mmenpapillotomes-dll-o-16-mm\/#primaryimage"},"thumbnailUrl":"https:\/\/kobi-medizintech.de\/wp-content\/uploads\/2024\/12\/cmpwee74.bmp","datePublished":"2024-12-21T17:00:41+00:00","dateModified":"2024-12-21T17:00:58+00:00","description":"{:de}Papillotome DLL \u00d8 1,6 mm \/ 30 mm graduierte Spitze 20 mm Schnittl\u00e4nge \/ L\u00e4nge 2000 mm {:}","breadcrumb":{"@id":"https:\/\/kobi-medizintech.de\/produkt\/depapillotome-dll-o-16-mmenpapillotomes-dll-o-16-mm\/#breadcrumb"},"inLanguage":"en-GB","potentialAction":[{"@type":"ReadAction","target":["https:\/\/kobi-medizintech.de\/produkt\/depapillotome-dll-o-16-mmenpapillotomes-dll-o-16-mm\/"]}]},{"@type":"ImageObject","inLanguage":"en-GB","@id":"https:\/\/kobi-medizintech.de\/produkt\/depapillotome-dll-o-16-mmenpapillotomes-dll-o-16-mm\/#primaryimage","url":"https:\/\/kobi-medizintech.de\/wp-content\/uploads\/2024\/12\/cmpwee74.bmp","contentUrl":"https:\/\/kobi-medizintech.de\/wp-content\/uploads\/2024\/12\/cmpwee74.bmp","width":178,"height":199},{"@type":"BreadcrumbList","@id":"https:\/\/kobi-medizintech.de\/produkt\/depapillotome-dll-o-16-mmenpapillotomes-dll-o-16-mm\/#breadcrumb","itemListElement":[{"@type":"ListItem","position":1,"name":"Startseite","item":"https:\/\/kobi-medizintech.de\/"},{"@type":"ListItem","position":2,"name":"Shop","item":"https:\/\/kobi-medizintech.de\/shop\/"},{"@type":"ListItem","position":3,"name":"Papillotome DLL \u00d8 1,6 mm"}]},{"@type":"WebSite","@id":"https:\/\/kobi-medizintech.de\/#website","url":"https:\/\/kobi-medizintech.de\/","name":"KOBI-Medizintech","description":"Ihr flexibler Partner in der Endoskopie","publisher":{"@id":"https:\/\/kobi-medizintech.de\/#organization"},"potentialAction":[{"@type":"SearchAction","target":{"@type":"EntryPoint","urlTemplate":"https:\/\/kobi-medizintech.de\/?s={search_term_string}"},"query-input":{"@type":"PropertyValueSpecification","valueRequired":true,"valueName":"search_term_string"}}],"inLanguage":"en-GB"},{"@type":"Organization","@id":"https:\/\/kobi-medizintech.de\/#organization","name":"KOBI-Medizintech","url":"https:\/\/kobi-medizintech.de\/","logo":{"@type":"ImageObject","inLanguage":"en-GB","@id":"https:\/\/kobi-medizintech.de\/#\/schema\/logo\/image\/","url":"https:\/\/kobi-medizintech.de\/wp-content\/uploads\/2024\/12\/cropped-logo-small-moded.png","contentUrl":"https:\/\/kobi-medizintech.de\/wp-content\/uploads\/2024\/12\/cropped-logo-small-moded.png","width":150,"height":106,"caption":"KOBI-Medizintech"},"image":{"@id":"https:\/\/kobi-medizintech.de\/#\/schema\/logo\/image\/"}}]}},"_links":{"self":[{"href":"https:\/\/kobi-medizintech.de\/en\/wp-json\/wp\/v2\/product\/2141","targetHints":{"allow":["GET"]}}],"collection":[{"href":"https:\/\/kobi-medizintech.de\/en\/wp-json\/wp\/v2\/product"}],"about":[{"href":"https:\/\/kobi-medizintech.de\/en\/wp-json\/wp\/v2\/types\/product"}],"wp:featuredmedia":[{"embeddable":true,"href":"https:\/\/kobi-medizintech.de\/en\/wp-json\/wp\/v2\/media\/2173"}],"wp:attachment":[{"href":"https:\/\/kobi-medizintech.de\/en\/wp-json\/wp\/v2\/media?parent=2141"}],"wp:term":[{"taxonomy":"product_brand","embeddable":true,"href":"https:\/\/kobi-medizintech.de\/en\/wp-json\/wp\/v2\/product_brand?post=2141"},{"taxonomy":"product_cat","embeddable":true,"href":"https:\/\/kobi-medizintech.de\/en\/wp-json\/wp\/v2\/product_cat?post=2141"},{"taxonomy":"product_tag","embeddable":true,"href":"https:\/\/kobi-medizintech.de\/en\/wp-json\/wp\/v2\/product_tag?post=2141"}],"curies":[{"name":"wp","href":"https:\/\/api.w.org\/{rel}","templated":true}]}}