{"id":2139,"date":"2024-12-21T17:00:40","date_gmt":"2024-12-21T17:00:40","guid":{"rendered":"http:\/\/kobi-medizintech.de\/?post_type=product&#038;p=2139"},"modified":"2024-12-21T17:00:54","modified_gmt":"2024-12-21T17:00:54","slug":"enforeign-body-hooks-stationary-o-26-mm-in-ptfe-tubedefremdkoerpergreifer-ortstabil-o-26-mm-im-ptfe-tubus","status":"publish","type":"product","link":"https:\/\/kobi-medizintech.de\/en\/produkt\/enforeign-body-hooks-stationary-o-26-mm-in-ptfe-tubedefremdkoerpergreifer-ortstabil-o-26-mm-im-ptfe-tubus\/","title":{"rendered":"Foreign body Hooks stationary  \u00d8 2,6 mm in PTFE tube"},"content":{"rendered":"<p>Foreign body Hooks stationary \u00d8 2,6 mm im PTFE tube, without handle <\/p>\n<p>Accessories:<\/p>\n<p>Special dedicated handle for rounded foreign body Hooks stationary (Speccial handle)<\/p>\n\n<table id=\"tablepress-7\" class=\"tablepress tablepress-id-7 tbody-has-connected-cells\">\n<thead>\n<tr class=\"row-1\">\n\t<th class=\"column-1\">Item-No.<\/th><th class=\"column-2\">Length in mm<\/th><th class=\"column-3\">Hook shape<\/th>\n<\/tr>\n<\/thead>\n<tbody class=\"row-striping row-hover\">\n<tr class=\"row-2\">\n\t<td class=\"column-1\">DO-16-26-00<\/td><td class=\"column-2\">1600 mm<\/td><td class=\"column-3\">3 sharp Hooks<\/td>\n<\/tr>\n<tr class=\"row-3\">\n\t<td class=\"column-1\">DO-18-26-00<\/td><td class=\"column-2\">1800 mm<\/td><td class=\"column-3\">3 sharp Hooks<\/td>\n<\/tr>\n<tr class=\"row-4\">\n\t<td class=\"column-1\">DO-23-26-00<\/td><td class=\"column-2\">2300 mm<\/td><td class=\"column-3\">3 sharp Hooks<\/td>\n<\/tr>\n<tr class=\"row-5\">\n\t<td class=\"column-1\">DO-16-26-01<\/td><td class=\"column-2\">1600 mm<\/td><td class=\"column-3\">4 sharp Hooks<\/td>\n<\/tr>\n<tr class=\"row-6\">\n\t<td class=\"column-1\">DO-18-26-01<\/td><td class=\"column-2\">1800 mm<\/td><td class=\"column-3\">4 sharp Hooks<\/td>\n<\/tr>\n<tr class=\"row-7\">\n\t<td class=\"column-1\">DO-23-26-01<\/td><td class=\"column-2\">2300 mm<\/td><td class=\"column-3\">4 sharp Hooks<\/td>\n<\/tr>\n<tr class=\"row-8\">\n\t<td class=\"column-1\">DO-16-26-02<\/td><td class=\"column-2\">1600 mm<\/td><td class=\"column-3\">3 round Hooks<\/td>\n<\/tr>\n<tr class=\"row-9\">\n\t<td class=\"column-1\">DO-18-26-02<\/td><td class=\"column-2\">1800 mm<\/td><td class=\"column-3\">3 round Hooks<\/td>\n<\/tr>\n<tr class=\"row-10\">\n\t<td class=\"column-1\">DO-23-26-02<\/td><td class=\"column-2\">2300 mm<\/td><td class=\"column-3\">3 round Hooks<\/td>\n<\/tr>\n<tr class=\"row-11\">\n\t<td class=\"column-1\">DO-16-26-03<\/td><td class=\"column-2\">1600 mm<\/td><td class=\"column-3\">4 round Hooks<\/td>\n<\/tr>\n<tr class=\"row-12\">\n\t<td class=\"column-1\">DO-18-26-03<\/td><td class=\"column-2\">1800 mm<\/td><td class=\"column-3\">4 round Hooks<\/td>\n<\/tr>\n<tr class=\"row-13\">\n\t<td class=\"column-1\">DO-23-26-03<\/td><td class=\"column-2\">2300 mm<\/td><td class=\"column-3\">4 round Hooks<\/td>\n<\/tr>\n<tr class=\"row-14\">\n\t<td colspan=\"3\" class=\"column-1\"><strong>Special handle for grabber , stable in place <\/strong><\/td>\n<\/tr>\n<tr class=\"row-15\">\n\t<td class=\"column-1\"><strong>Item-No.<\/strong><\/td><td class=\"column-2\"><strong>Designation<\/strong><\/td><td class=\"column-3\"><\/td>\n<\/tr>\n<tr class=\"row-16\">\n\t<td class=\"column-1\">HO-10-12-03<\/td><td class=\"column-2\">speciality handle<\/td><td class=\"column-3\"><\/td>\n<\/tr>\n<\/tbody>\n<\/table>\n<!-- #tablepress-7 from cache -->\n","protected":false},"excerpt":{"rendered":"<p>Foreign body Hooks stationary \u00d8 2,6 mm im PTFE tube, without handle <\/p>\n<p>Accessories:<\/p>\n<p>Special dedicated handle for rounded foreign body Hooks stationary (Speccial handle)<\/p>\n","protected":false},"featured_media":2170,"template":"","meta":{"_themeisle_gutenberg_block_has_review":false},"product_brand":[],"product_cat":[36],"product_tag":[45,46,47,59,51,55,52,53,48,56,57,60,61,49,50,41,58],"class_list":{"0":"post-2139","1":"product","2":"type-product","3":"status-publish","4":"has-post-thumbnail","6":"product_cat-zangen-und-scheren","7":"product_tag-frem","8":"product_tag-fremd","9":"product_tag-fremdkoerperfasszange","10":"product_tag-fremdkoerpergreifer","11":"product_tag-griff","12":"product_tag-innenteil","13":"product_tag-klemm","14":"product_tag-klemmschraube","15":"product_tag-koerperzange","16":"product_tag-ll-anschluss","17":"product_tag-metallspirale","18":"product_tag-ortstabi","19":"product_tag-spezialhandgriff","20":"product_tag-spirale","21":"product_tag-verjuengter","22":"product_tag-zange","23":"product_tag-zubehoer","25":"first","26":"instock","27":"shipping-taxable","28":"product-type-simple"},"yoast_head":"<!-- This site is optimized with the Yoast SEO plugin v27.5 - https:\/\/yoast.com\/product\/yoast-seo-wordpress\/ -->\n<title>Foreign body Hooks stationary \u00d8 2,6 mm in PTFE tube<\/title>\n<meta name=\"description\" content=\"{:de}Fremdk\u00f6rpergreifer ortstabil \u00d8 2,6 mm im PTFE Tubus, ohne Griff Zubeh\u00f6r: Spezialhandgriff f\u00fcr Greifer ortstabil (Spezialhandgriff){:}\" \/>\n<meta name=\"robots\" content=\"index, follow, max-snippet:-1, max-image-preview:large, max-video-preview:-1\" \/>\n<link rel=\"canonical\" href=\"https:\/\/kobi-medizintech.de\/en\/produkt\/enforeign-body-hooks-stationary-o-26-mm-in-ptfe-tubedefremdkoerpergreifer-ortstabil-o-26-mm-im-ptfe-tubus\/\" \/>\n<meta property=\"og:locale\" content=\"en_US\" \/>\n<meta property=\"og:locale:alternate\" content=\"de_DE\" \/>\n<meta property=\"og:type\" content=\"article\" \/>\n<meta property=\"og:title\" content=\"Foreign body Hooks stationary \u00d8 2,6 mm in PTFE tube\" \/>\n<meta property=\"og:description\" content=\"{:de}Fremdk\u00f6rpergreifer ortstabil \u00d8 2,6 mm im PTFE Tubus, ohne Griff Zubeh\u00f6r: Spezialhandgriff f\u00fcr Greifer ortstabil (Spezialhandgriff){:}\" \/>\n<meta property=\"og:url\" content=\"https:\/\/kobi-medizintech.de\/en\/produkt\/enforeign-body-hooks-stationary-o-26-mm-in-ptfe-tubedefremdkoerpergreifer-ortstabil-o-26-mm-im-ptfe-tubus\/\" \/>\n<meta property=\"og:site_name\" content=\"KOBI-Medizintech\" \/>\n<meta property=\"article:modified_time\" content=\"2024-12-21T17:00:54+00:00\" \/>\n<meta name=\"twitter:card\" content=\"summary_large_image\" \/>\n<script type=\"application\/ld+json\" class=\"yoast-schema-graph\">{\"@context\":\"https:\\\/\\\/schema.org\",\"@graph\":[{\"@type\":\"WebPage\",\"@id\":\"https:\\\/\\\/kobi-medizintech.de\\\/produkt\\\/enforeign-body-hooks-stationary-o-26-mm-in-ptfe-tubedefremdkoerpergreifer-ortstabil-o-26-mm-im-ptfe-tubus\\\/\",\"url\":\"https:\\\/\\\/kobi-medizintech.de\\\/produkt\\\/enforeign-body-hooks-stationary-o-26-mm-in-ptfe-tubedefremdkoerpergreifer-ortstabil-o-26-mm-im-ptfe-tubus\\\/\",\"name\":\"Foreign body Hooks stationary \u00d8 2,6 mm in PTFE tube\",\"isPartOf\":{\"@id\":\"https:\\\/\\\/kobi-medizintech.de\\\/#website\"},\"primaryImageOfPage\":{\"@id\":\"https:\\\/\\\/kobi-medizintech.de\\\/produkt\\\/enforeign-body-hooks-stationary-o-26-mm-in-ptfe-tubedefremdkoerpergreifer-ortstabil-o-26-mm-im-ptfe-tubus\\\/#primaryimage\"},\"image\":{\"@id\":\"https:\\\/\\\/kobi-medizintech.de\\\/produkt\\\/enforeign-body-hooks-stationary-o-26-mm-in-ptfe-tubedefremdkoerpergreifer-ortstabil-o-26-mm-im-ptfe-tubus\\\/#primaryimage\"},\"thumbnailUrl\":\"https:\\\/\\\/kobi-medizintech.de\\\/wp-content\\\/uploads\\\/2024\\\/12\\\/lqt568ct.bmp\",\"datePublished\":\"2024-12-21T17:00:40+00:00\",\"dateModified\":\"2024-12-21T17:00:54+00:00\",\"description\":\"{:de}Fremdk\u00f6rpergreifer ortstabil \u00d8 2,6 mm im PTFE Tubus, ohne Griff Zubeh\u00f6r: Spezialhandgriff f\u00fcr Greifer ortstabil (Spezialhandgriff){:}\",\"breadcrumb\":{\"@id\":\"https:\\\/\\\/kobi-medizintech.de\\\/produkt\\\/enforeign-body-hooks-stationary-o-26-mm-in-ptfe-tubedefremdkoerpergreifer-ortstabil-o-26-mm-im-ptfe-tubus\\\/#breadcrumb\"},\"inLanguage\":\"en-GB\",\"potentialAction\":[{\"@type\":\"ReadAction\",\"target\":[\"https:\\\/\\\/kobi-medizintech.de\\\/produkt\\\/enforeign-body-hooks-stationary-o-26-mm-in-ptfe-tubedefremdkoerpergreifer-ortstabil-o-26-mm-im-ptfe-tubus\\\/\"]}]},{\"@type\":\"ImageObject\",\"inLanguage\":\"en-GB\",\"@id\":\"https:\\\/\\\/kobi-medizintech.de\\\/produkt\\\/enforeign-body-hooks-stationary-o-26-mm-in-ptfe-tubedefremdkoerpergreifer-ortstabil-o-26-mm-im-ptfe-tubus\\\/#primaryimage\",\"url\":\"https:\\\/\\\/kobi-medizintech.de\\\/wp-content\\\/uploads\\\/2024\\\/12\\\/lqt568ct.bmp\",\"contentUrl\":\"https:\\\/\\\/kobi-medizintech.de\\\/wp-content\\\/uploads\\\/2024\\\/12\\\/lqt568ct.bmp\",\"width\":182,\"height\":179},{\"@type\":\"BreadcrumbList\",\"@id\":\"https:\\\/\\\/kobi-medizintech.de\\\/produkt\\\/enforeign-body-hooks-stationary-o-26-mm-in-ptfe-tubedefremdkoerpergreifer-ortstabil-o-26-mm-im-ptfe-tubus\\\/#breadcrumb\",\"itemListElement\":[{\"@type\":\"ListItem\",\"position\":1,\"name\":\"Startseite\",\"item\":\"https:\\\/\\\/kobi-medizintech.de\\\/\"},{\"@type\":\"ListItem\",\"position\":2,\"name\":\"Shop\",\"item\":\"https:\\\/\\\/kobi-medizintech.de\\\/shop\\\/\"},{\"@type\":\"ListItem\",\"position\":3,\"name\":\"Fremdk\u00f6rpergreifer ortstabil \u00d8 2,6 mm im PTFE Tubus\"}]},{\"@type\":\"WebSite\",\"@id\":\"https:\\\/\\\/kobi-medizintech.de\\\/#website\",\"url\":\"https:\\\/\\\/kobi-medizintech.de\\\/\",\"name\":\"KOBI-Medizintech\",\"description\":\"Ihr flexibler Partner in der Endoskopie\",\"publisher\":{\"@id\":\"https:\\\/\\\/kobi-medizintech.de\\\/#organization\"},\"potentialAction\":[{\"@type\":\"SearchAction\",\"target\":{\"@type\":\"EntryPoint\",\"urlTemplate\":\"https:\\\/\\\/kobi-medizintech.de\\\/?s={search_term_string}\"},\"query-input\":{\"@type\":\"PropertyValueSpecification\",\"valueRequired\":true,\"valueName\":\"search_term_string\"}}],\"inLanguage\":\"en-GB\"},{\"@type\":\"Organization\",\"@id\":\"https:\\\/\\\/kobi-medizintech.de\\\/#organization\",\"name\":\"KOBI-Medizintech\",\"url\":\"https:\\\/\\\/kobi-medizintech.de\\\/\",\"logo\":{\"@type\":\"ImageObject\",\"inLanguage\":\"en-GB\",\"@id\":\"https:\\\/\\\/kobi-medizintech.de\\\/#\\\/schema\\\/logo\\\/image\\\/\",\"url\":\"https:\\\/\\\/kobi-medizintech.de\\\/wp-content\\\/uploads\\\/2024\\\/12\\\/cropped-logo-small-moded.png\",\"contentUrl\":\"https:\\\/\\\/kobi-medizintech.de\\\/wp-content\\\/uploads\\\/2024\\\/12\\\/cropped-logo-small-moded.png\",\"width\":150,\"height\":106,\"caption\":\"KOBI-Medizintech\"},\"image\":{\"@id\":\"https:\\\/\\\/kobi-medizintech.de\\\/#\\\/schema\\\/logo\\\/image\\\/\"}}]}<\/script>\n<!-- \/ Yoast SEO plugin. -->","yoast_head_json":{"title":"Foreign body Hooks stationary \u00d8 2,6 mm in PTFE tube","description":"{:de}Fremdk\u00f6rpergreifer ortstabil \u00d8 2,6 mm im PTFE Tubus, ohne Griff Zubeh\u00f6r: Spezialhandgriff f\u00fcr Greifer ortstabil (Spezialhandgriff){:}","robots":{"index":"index","follow":"follow","max-snippet":"max-snippet:-1","max-image-preview":"max-image-preview:large","max-video-preview":"max-video-preview:-1"},"canonical":"https:\/\/kobi-medizintech.de\/en\/produkt\/enforeign-body-hooks-stationary-o-26-mm-in-ptfe-tubedefremdkoerpergreifer-ortstabil-o-26-mm-im-ptfe-tubus\/","og_locale":"en_US","og_type":"article","og_title":"[:en]Foreign body Hooks stationary \u00d8 2,6 mm in PTFE tube[:de]Fremdk\u00f6rpergreifer ortstabil \u00d8 2,6 mm im PTFE Tubus[:] - KOBI-Medizintech","og_description":"{:de}Fremdk\u00f6rpergreifer ortstabil \u00d8 2,6 mm im PTFE Tubus, ohne Griff Zubeh\u00f6r: Spezialhandgriff f\u00fcr Greifer ortstabil (Spezialhandgriff){:}","og_url":"https:\/\/kobi-medizintech.de\/en\/produkt\/enforeign-body-hooks-stationary-o-26-mm-in-ptfe-tubedefremdkoerpergreifer-ortstabil-o-26-mm-im-ptfe-tubus\/","og_site_name":"KOBI-Medizintech","article_modified_time":"2024-12-21T17:00:54+00:00","twitter_card":"summary_large_image","schema":{"@context":"https:\/\/schema.org","@graph":[{"@type":"WebPage","@id":"https:\/\/kobi-medizintech.de\/produkt\/enforeign-body-hooks-stationary-o-26-mm-in-ptfe-tubedefremdkoerpergreifer-ortstabil-o-26-mm-im-ptfe-tubus\/","url":"https:\/\/kobi-medizintech.de\/produkt\/enforeign-body-hooks-stationary-o-26-mm-in-ptfe-tubedefremdkoerpergreifer-ortstabil-o-26-mm-im-ptfe-tubus\/","name":"Foreign body Hooks stationary \u00d8 2,6 mm in PTFE tube","isPartOf":{"@id":"https:\/\/kobi-medizintech.de\/#website"},"primaryImageOfPage":{"@id":"https:\/\/kobi-medizintech.de\/produkt\/enforeign-body-hooks-stationary-o-26-mm-in-ptfe-tubedefremdkoerpergreifer-ortstabil-o-26-mm-im-ptfe-tubus\/#primaryimage"},"image":{"@id":"https:\/\/kobi-medizintech.de\/produkt\/enforeign-body-hooks-stationary-o-26-mm-in-ptfe-tubedefremdkoerpergreifer-ortstabil-o-26-mm-im-ptfe-tubus\/#primaryimage"},"thumbnailUrl":"https:\/\/kobi-medizintech.de\/wp-content\/uploads\/2024\/12\/lqt568ct.bmp","datePublished":"2024-12-21T17:00:40+00:00","dateModified":"2024-12-21T17:00:54+00:00","description":"{:de}Fremdk\u00f6rpergreifer ortstabil \u00d8 2,6 mm im PTFE Tubus, ohne Griff Zubeh\u00f6r: Spezialhandgriff f\u00fcr Greifer ortstabil (Spezialhandgriff){:}","breadcrumb":{"@id":"https:\/\/kobi-medizintech.de\/produkt\/enforeign-body-hooks-stationary-o-26-mm-in-ptfe-tubedefremdkoerpergreifer-ortstabil-o-26-mm-im-ptfe-tubus\/#breadcrumb"},"inLanguage":"en-GB","potentialAction":[{"@type":"ReadAction","target":["https:\/\/kobi-medizintech.de\/produkt\/enforeign-body-hooks-stationary-o-26-mm-in-ptfe-tubedefremdkoerpergreifer-ortstabil-o-26-mm-im-ptfe-tubus\/"]}]},{"@type":"ImageObject","inLanguage":"en-GB","@id":"https:\/\/kobi-medizintech.de\/produkt\/enforeign-body-hooks-stationary-o-26-mm-in-ptfe-tubedefremdkoerpergreifer-ortstabil-o-26-mm-im-ptfe-tubus\/#primaryimage","url":"https:\/\/kobi-medizintech.de\/wp-content\/uploads\/2024\/12\/lqt568ct.bmp","contentUrl":"https:\/\/kobi-medizintech.de\/wp-content\/uploads\/2024\/12\/lqt568ct.bmp","width":182,"height":179},{"@type":"BreadcrumbList","@id":"https:\/\/kobi-medizintech.de\/produkt\/enforeign-body-hooks-stationary-o-26-mm-in-ptfe-tubedefremdkoerpergreifer-ortstabil-o-26-mm-im-ptfe-tubus\/#breadcrumb","itemListElement":[{"@type":"ListItem","position":1,"name":"Startseite","item":"https:\/\/kobi-medizintech.de\/"},{"@type":"ListItem","position":2,"name":"Shop","item":"https:\/\/kobi-medizintech.de\/shop\/"},{"@type":"ListItem","position":3,"name":"Fremdk\u00f6rpergreifer ortstabil \u00d8 2,6 mm im PTFE Tubus"}]},{"@type":"WebSite","@id":"https:\/\/kobi-medizintech.de\/#website","url":"https:\/\/kobi-medizintech.de\/","name":"KOBI-Medizintech","description":"Ihr flexibler Partner in der Endoskopie","publisher":{"@id":"https:\/\/kobi-medizintech.de\/#organization"},"potentialAction":[{"@type":"SearchAction","target":{"@type":"EntryPoint","urlTemplate":"https:\/\/kobi-medizintech.de\/?s={search_term_string}"},"query-input":{"@type":"PropertyValueSpecification","valueRequired":true,"valueName":"search_term_string"}}],"inLanguage":"en-GB"},{"@type":"Organization","@id":"https:\/\/kobi-medizintech.de\/#organization","name":"KOBI-Medizintech","url":"https:\/\/kobi-medizintech.de\/","logo":{"@type":"ImageObject","inLanguage":"en-GB","@id":"https:\/\/kobi-medizintech.de\/#\/schema\/logo\/image\/","url":"https:\/\/kobi-medizintech.de\/wp-content\/uploads\/2024\/12\/cropped-logo-small-moded.png","contentUrl":"https:\/\/kobi-medizintech.de\/wp-content\/uploads\/2024\/12\/cropped-logo-small-moded.png","width":150,"height":106,"caption":"KOBI-Medizintech"},"image":{"@id":"https:\/\/kobi-medizintech.de\/#\/schema\/logo\/image\/"}}]}},"_links":{"self":[{"href":"https:\/\/kobi-medizintech.de\/en\/wp-json\/wp\/v2\/product\/2139","targetHints":{"allow":["GET"]}}],"collection":[{"href":"https:\/\/kobi-medizintech.de\/en\/wp-json\/wp\/v2\/product"}],"about":[{"href":"https:\/\/kobi-medizintech.de\/en\/wp-json\/wp\/v2\/types\/product"}],"wp:featuredmedia":[{"embeddable":true,"href":"https:\/\/kobi-medizintech.de\/en\/wp-json\/wp\/v2\/media\/2170"}],"wp:attachment":[{"href":"https:\/\/kobi-medizintech.de\/en\/wp-json\/wp\/v2\/media?parent=2139"}],"wp:term":[{"taxonomy":"product_brand","embeddable":true,"href":"https:\/\/kobi-medizintech.de\/en\/wp-json\/wp\/v2\/product_brand?post=2139"},{"taxonomy":"product_cat","embeddable":true,"href":"https:\/\/kobi-medizintech.de\/en\/wp-json\/wp\/v2\/product_cat?post=2139"},{"taxonomy":"product_tag","embeddable":true,"href":"https:\/\/kobi-medizintech.de\/en\/wp-json\/wp\/v2\/product_tag?post=2139"}],"curies":[{"name":"wp","href":"https:\/\/api.w.org\/{rel}","templated":true}]}}