{"id":2136,"date":"2024-12-21T17:00:39","date_gmt":"2024-12-21T17:00:39","guid":{"rendered":"http:\/\/kobi-medizintech.de\/?post_type=product&#038;p=2136"},"modified":"2024-12-21T17:00:52","modified_gmt":"2024-12-21T17:00:52","slug":"enforeign-body-forcepsdefremdkoerperfasszange","status":"publish","type":"product","link":"https:\/\/kobi-medizintech.de\/en\/produkt\/enforeign-body-forcepsdefremdkoerperfasszange\/","title":{"rendered":"Foreign Body Forceps"},"content":{"rendered":"<p>Foreign Body Forceps with tapered spiral<\/p>\n\n<table id=\"tablepress-4\" class=\"tablepress tablepress-id-4 tbody-has-connected-cells\">\n<thead>\n<tr class=\"row-1\">\n\t<th class=\"column-1\">Item-No.<\/th><th class=\"column-2\">\u00d8 in mm<\/th><th class=\"column-3\">Length in mm<\/th><th class=\"column-4\">\u00d8 in mm<\/th>\n<\/tr>\n<\/thead>\n<tbody class=\"row-striping row-hover\">\n<tr class=\"row-2\">\n\t<td class=\"column-1\">PE-11-18-03<\/td><td class=\"column-2\">1,8 mm Alligator<\/td><td class=\"column-3\">1100 mm<\/td><td class=\"column-4\">1,8 mm<\/td>\n<\/tr>\n<tr class=\"row-3\">\n\t<td class=\"column-1\">PE-16-18-03<\/td><td class=\"column-2\">1,8 mm Alligator<\/td><td class=\"column-3\">1600 mm<\/td><td class=\"column-4\">1,8 mm<\/td>\n<\/tr>\n<tr class=\"row-4\">\n\t<td class=\"column-1\">PE-18-18-03<\/td><td class=\"column-2\">1,8 mm Alligator<\/td><td class=\"column-3\">1800 mm<\/td><td class=\"column-4\">1,8 mm<\/td>\n<\/tr>\n<tr class=\"row-5\">\n\t<td class=\"column-1\">PE-23-18-03<\/td><td class=\"column-2\">1,8 mm Alligator<\/td><td class=\"column-3\">2300 mm<\/td><td class=\"column-4\">1,8 mm<\/td>\n<\/tr>\n<tr class=\"row-6\">\n\t<td class=\"column-1\">PE-11-23-03<\/td><td class=\"column-2\">2,3 mm Alligator<\/td><td class=\"column-3\">1100 mm<\/td><td class=\"column-4\">1,8 mm<\/td>\n<\/tr>\n<tr class=\"row-7\">\n\t<td class=\"column-1\">PE-16-23-03<\/td><td class=\"column-2\">2,3 mm Alligator<\/td><td class=\"column-3\">1600 mm<\/td><td class=\"column-4\">1,8 mm<\/td>\n<\/tr>\n<tr class=\"row-8\">\n\t<td class=\"column-1\">PE-18-23-03<\/td><td class=\"column-2\">2,3 mm Alligator<\/td><td class=\"column-3\">1800 mm<\/td><td class=\"column-4\">2,4 mm<\/td>\n<\/tr>\n<tr class=\"row-9\">\n\t<td class=\"column-1\">PE-23-23-03<\/td><td class=\"column-2\">2,3 mm Alligator<\/td><td class=\"column-3\">2300 mm<\/td><td class=\"column-4\">2,4 mm<\/td>\n<\/tr>\n<tr class=\"row-10\">\n\t<td class=\"column-1\">PE-11-18-04<\/td><td class=\"column-2\">1,8 mm Hakenmaul<\/td><td class=\"column-3\">1100 mm<\/td><td class=\"column-4\">2,4 mm<\/td>\n<\/tr>\n<tr class=\"row-11\">\n\t<td class=\"column-1\">PE-16-18-04<\/td><td class=\"column-2\">1,8 mm Hakenmaul<\/td><td class=\"column-3\">1600 mm<\/td><td class=\"column-4\">1,8 mm<\/td>\n<\/tr>\n<tr class=\"row-12\">\n\t<td class=\"column-1\">PE-18-18-04<\/td><td class=\"column-2\">1,8 mm Hakenmaul<\/td><td class=\"column-3\">1800 mm<\/td><td class=\"column-4\">1,8 mm<\/td>\n<\/tr>\n<tr class=\"row-13\">\n\t<td class=\"column-1\">PE-23-18-04<\/td><td class=\"column-2\">1,8 mm Hakenmaul<\/td><td class=\"column-3\">2300 mm<\/td><td class=\"column-4\">1,8 mm<\/td>\n<\/tr>\n<tr class=\"row-14\">\n\t<td class=\"column-1\">PE-11-23-04<\/td><td class=\"column-2\">2,3 mm Hakenmaul<\/td><td class=\"column-3\">1100 mm<\/td><td class=\"column-4\">1,8 mm<\/td>\n<\/tr>\n<tr class=\"row-15\">\n\t<td class=\"column-1\">PE-16-23-04<\/td><td class=\"column-2\">2,3 mm Hakenmaul<\/td><td class=\"column-3\">1600 mm<\/td><td class=\"column-4\">2,4 mm<\/td>\n<\/tr>\n<tr class=\"row-16\">\n\t<td class=\"column-1\">PE-18-23-04<\/td><td class=\"column-2\">2,3 mm Hakenmaul<\/td><td class=\"column-3\">1800 mm<\/td><td class=\"column-4\">1,8 mm<\/td>\n<\/tr>\n<tr class=\"row-17\">\n\t<td class=\"column-1\">PE-23-23-04<\/td><td class=\"column-2\">2,3 mm Hakenmaul<\/td><td class=\"column-3\">2300 mm<\/td><td class=\"column-4\">1,8 mm<\/td>\n<\/tr>\n<tr class=\"row-18\">\n\t<td class=\"column-1\">PE-11-23-05<\/td><td class=\"column-2\">flat 1\/2<\/td><td class=\"column-3\">1100 mm<\/td><td class=\"column-4\">1,8 mm<\/td>\n<\/tr>\n<tr class=\"row-19\">\n\t<td class=\"column-1\">PE-16-23-05<\/td><td class=\"column-2\">flat 1\/2<\/td><td class=\"column-3\">1600 mm<\/td><td class=\"column-4\">1,8 mm<\/td>\n<\/tr>\n<tr class=\"row-20\">\n\t<td class=\"column-1\">PE-18-23-05<\/td><td class=\"column-2\">flat 1\/2<\/td><td class=\"column-3\">1800 mm<\/td><td class=\"column-4\">2,3 mm<\/td>\n<\/tr>\n<tr class=\"row-21\">\n\t<td class=\"column-1\">PE-23-23-05<\/td><td class=\"column-2\">flat 1\/2<\/td><td class=\"column-3\">2300 mm<\/td><td class=\"column-4\">2,3 mm<\/td>\n<\/tr>\n<tr class=\"row-22\">\n\t<td class=\"column-1\">PE-11-23-06<\/td><td class=\"column-2\">flat 2\/2<\/td><td class=\"column-3\">1100 mm<\/td><td class=\"column-4\">2,3 mm<\/td>\n<\/tr>\n<tr class=\"row-23\">\n\t<td class=\"column-1\">PE-16-23-06<\/td><td class=\"column-2\">flat 2\/2<\/td><td class=\"column-3\">1600 mm<\/td><td class=\"column-4\">2,3 mm<\/td>\n<\/tr>\n<tr class=\"row-24\">\n\t<td class=\"column-1\">PE-18-23-06<\/td><td class=\"column-2\">flat 2\/2<\/td><td class=\"column-3\">1800 mm<\/td><td class=\"column-4\">2,3 mm<\/td>\n<\/tr>\n<tr class=\"row-25\">\n\t<td class=\"column-1\">PE-23-23-06<\/td><td class=\"column-2\">flat 2\/2<\/td><td class=\"column-3\">2300 mm<\/td><td class=\"column-4\">2,3 mm<\/td>\n<\/tr>\n<tr class=\"row-26\">\n\t<td class=\"column-1\"><strong>Zangen \u00d8 1.5 mm, \u00d8 1.6 mm, \u00d8 1.7 mm, \u00d8 2.3 mm mit Sonderl\u00e4ngen auf Anfrage (standard bis 2300 mm)<\/strong><\/td><td colspan=\"2\" class=\"column-2\">flat 1\/2 \/Pelikan<\/td><td class=\"column-4\">2,3 mm<\/td>\n<\/tr>\n<tr class=\"row-27\">\n\t<td class=\"column-1\">PE-23-23-05<\/td><td class=\"column-2\">flat 1\/2 \/Pelikan<\/td><td class=\"column-3\">2300 mm<\/td><td class=\"column-4\">2,3 mm<\/td>\n<\/tr>\n<tr class=\"row-28\">\n\t<td class=\"column-1\">PEE-23-24-05<\/td><td class=\"column-2\">flat 2\/2 \/Pelikan<\/td><td class=\"column-3\">2300 mm<\/td><td class=\"column-4\">2,4 mm<\/td>\n<\/tr>\n<tr class=\"row-29\">\n\t<td class=\"column-1\">PE-11-23-06<\/td><td class=\"column-2\">flat 2\/2 \/Pelikan<\/td><td class=\"column-3\">1100 mm<\/td><td class=\"column-4\">2,3 mm<\/td>\n<\/tr>\n<tr class=\"row-30\">\n\t<td class=\"column-1\">PE-16-23-06<\/td><td class=\"column-2\">flat 2\/2 \/Pelikan<\/td><td class=\"column-3\">1600 mm<\/td><td class=\"column-4\">2,3 mm<\/td>\n<\/tr>\n<tr class=\"row-31\">\n\t<td class=\"column-1\">PE-18-23-06<\/td><td class=\"column-2\">flat 2\/2 \/Pelikan<\/td><td class=\"column-3\">1800 mm<\/td><td class=\"column-4\">2,3 mm<\/td>\n<\/tr>\n<tr class=\"row-32\">\n\t<td class=\"column-1\">PE-23-23-06<\/td><td class=\"column-2\">flat 2\/2 \/Pelikan<\/td><td class=\"column-3\">2300 mm<\/td><td class=\"column-4\">2,3 mm<\/td>\n<\/tr>\n<tr class=\"row-33\">\n\t<td class=\"column-1\">PE-16-30-04<\/td><td class=\"column-2\">Rattenzahn<\/td><td class=\"column-3\">1600 mm<\/td><td class=\"column-4\">3,0 mm<\/td>\n<\/tr>\n<tr class=\"row-34\">\n\t<td class=\"column-1\">PE-16-30-04<\/td><td class=\"column-2\">Rattenzahn<\/td><td class=\"column-3\">1600 mm<\/td><td class=\"column-4\">3,0 mm<\/td>\n<\/tr>\n<tr class=\"row-35\">\n\t<td class=\"column-1\">PE-35-30-04<\/td><td class=\"column-2\">Rattenzahn<\/td><td class=\"column-3\">3500 mm<\/td><td class=\"column-4\">3,0 mm<\/td>\n<\/tr>\n<tr class=\"row-36\">\n\t<td class=\"column-1\">PE-60-30-04<\/td><td class=\"column-2\">Rattenzahn<\/td><td class=\"column-3\">6000 mm<\/td><td class=\"column-4\">3,0 mm<\/td>\n<\/tr>\n<tr class=\"row-37\">\n\t<td class=\"column-1\"><strong>Zangen \u00d8 1.5 mm, \u00d8 1.6 mm, \u00d8 1.7 mm, \u00d8 2.3 mm mit Sonderl\u00e4ngen auf Anfrage (standard bis 2300 mm)<\/strong><\/td><td colspan=\"2\" class=\"column-2\"><\/td><td class=\"column-4\"><\/td>\n<\/tr>\n<\/tbody>\n<\/table>\n<!-- #tablepress-4 from cache -->\n","protected":false},"excerpt":{"rendered":"<p>Foreign Body Forceps with tapered spiral<\/p>\n","protected":false},"featured_media":2166,"template":"","meta":{"_themeisle_gutenberg_block_has_review":false},"product_brand":[],"product_cat":[36],"product_tag":[45,46,47,48,49,50,41],"class_list":{"0":"post-2136","1":"product","2":"type-product","3":"status-publish","4":"has-post-thumbnail","6":"product_cat-zangen-und-scheren","7":"product_tag-frem","8":"product_tag-fremd","9":"product_tag-fremdkoerperfasszange","10":"product_tag-koerperzange","11":"product_tag-spirale","12":"product_tag-verjuengter","13":"product_tag-zange","15":"first","16":"instock","17":"shipping-taxable","18":"product-type-simple"},"yoast_head":"<!-- This site is optimized with the Yoast SEO plugin v27.4 - https:\/\/yoast.com\/product\/yoast-seo-wordpress\/ -->\n<title>Foreign Body Forceps<\/title>\n<meta name=\"robots\" content=\"index, follow, max-snippet:-1, max-image-preview:large, max-video-preview:-1\" \/>\n<link rel=\"canonical\" href=\"https:\/\/kobi-medizintech.de\/en\/produkt\/enforeign-body-forcepsdefremdkoerperfasszange\/\" \/>\n<meta property=\"og:locale\" content=\"en_US\" \/>\n<meta property=\"og:locale:alternate\" content=\"de_DE\" \/>\n<meta property=\"og:type\" content=\"article\" \/>\n<meta property=\"og:title\" content=\"Foreign Body Forceps\" \/>\n<meta property=\"og:description\" content=\"Foreign Body Forceps with tapered spiral\" \/>\n<meta property=\"og:url\" content=\"https:\/\/kobi-medizintech.de\/en\/produkt\/enforeign-body-forcepsdefremdkoerperfasszange\/\" \/>\n<meta property=\"og:site_name\" content=\"KOBI-Medizintech\" \/>\n<meta property=\"article:modified_time\" content=\"2024-12-21T17:00:52+00:00\" \/>\n<meta name=\"twitter:card\" content=\"summary_large_image\" \/>\n<script type=\"application\/ld+json\" class=\"yoast-schema-graph\">{\"@context\":\"https:\\\/\\\/schema.org\",\"@graph\":[{\"@type\":\"WebPage\",\"@id\":\"https:\\\/\\\/kobi-medizintech.de\\\/produkt\\\/enforeign-body-forcepsdefremdkoerperfasszange\\\/\",\"url\":\"https:\\\/\\\/kobi-medizintech.de\\\/produkt\\\/enforeign-body-forcepsdefremdkoerperfasszange\\\/\",\"name\":\"Foreign Body Forceps\",\"isPartOf\":{\"@id\":\"https:\\\/\\\/kobi-medizintech.de\\\/#website\"},\"primaryImageOfPage\":{\"@id\":\"https:\\\/\\\/kobi-medizintech.de\\\/produkt\\\/enforeign-body-forcepsdefremdkoerperfasszange\\\/#primaryimage\"},\"image\":{\"@id\":\"https:\\\/\\\/kobi-medizintech.de\\\/produkt\\\/enforeign-body-forcepsdefremdkoerperfasszange\\\/#primaryimage\"},\"thumbnailUrl\":\"https:\\\/\\\/kobi-medizintech.de\\\/wp-content\\\/uploads\\\/2024\\\/12\\\/wsxys11n.bmp\",\"datePublished\":\"2024-12-21T17:00:39+00:00\",\"dateModified\":\"2024-12-21T17:00:52+00:00\",\"breadcrumb\":{\"@id\":\"https:\\\/\\\/kobi-medizintech.de\\\/produkt\\\/enforeign-body-forcepsdefremdkoerperfasszange\\\/#breadcrumb\"},\"inLanguage\":\"en-GB\",\"potentialAction\":[{\"@type\":\"ReadAction\",\"target\":[\"https:\\\/\\\/kobi-medizintech.de\\\/produkt\\\/enforeign-body-forcepsdefremdkoerperfasszange\\\/\"]}]},{\"@type\":\"ImageObject\",\"inLanguage\":\"en-GB\",\"@id\":\"https:\\\/\\\/kobi-medizintech.de\\\/produkt\\\/enforeign-body-forcepsdefremdkoerperfasszange\\\/#primaryimage\",\"url\":\"https:\\\/\\\/kobi-medizintech.de\\\/wp-content\\\/uploads\\\/2024\\\/12\\\/wsxys11n.bmp\",\"contentUrl\":\"https:\\\/\\\/kobi-medizintech.de\\\/wp-content\\\/uploads\\\/2024\\\/12\\\/wsxys11n.bmp\",\"width\":304,\"height\":336},{\"@type\":\"BreadcrumbList\",\"@id\":\"https:\\\/\\\/kobi-medizintech.de\\\/produkt\\\/enforeign-body-forcepsdefremdkoerperfasszange\\\/#breadcrumb\",\"itemListElement\":[{\"@type\":\"ListItem\",\"position\":1,\"name\":\"Startseite\",\"item\":\"https:\\\/\\\/kobi-medizintech.de\\\/\"},{\"@type\":\"ListItem\",\"position\":2,\"name\":\"Shop\",\"item\":\"https:\\\/\\\/kobi-medizintech.de\\\/shop\\\/\"},{\"@type\":\"ListItem\",\"position\":3,\"name\":\"Fremdk\u00f6rperfa\u00dfzange\"}]},{\"@type\":\"WebSite\",\"@id\":\"https:\\\/\\\/kobi-medizintech.de\\\/#website\",\"url\":\"https:\\\/\\\/kobi-medizintech.de\\\/\",\"name\":\"KOBI-Medizintech\",\"description\":\"Ihr flexibler Partner in der Endoskopie\",\"publisher\":{\"@id\":\"https:\\\/\\\/kobi-medizintech.de\\\/#organization\"},\"potentialAction\":[{\"@type\":\"SearchAction\",\"target\":{\"@type\":\"EntryPoint\",\"urlTemplate\":\"https:\\\/\\\/kobi-medizintech.de\\\/?s={search_term_string}\"},\"query-input\":{\"@type\":\"PropertyValueSpecification\",\"valueRequired\":true,\"valueName\":\"search_term_string\"}}],\"inLanguage\":\"en-GB\"},{\"@type\":\"Organization\",\"@id\":\"https:\\\/\\\/kobi-medizintech.de\\\/#organization\",\"name\":\"KOBI-Medizintech\",\"url\":\"https:\\\/\\\/kobi-medizintech.de\\\/\",\"logo\":{\"@type\":\"ImageObject\",\"inLanguage\":\"en-GB\",\"@id\":\"https:\\\/\\\/kobi-medizintech.de\\\/#\\\/schema\\\/logo\\\/image\\\/\",\"url\":\"https:\\\/\\\/kobi-medizintech.de\\\/wp-content\\\/uploads\\\/2024\\\/12\\\/cropped-logo-small-moded.png\",\"contentUrl\":\"https:\\\/\\\/kobi-medizintech.de\\\/wp-content\\\/uploads\\\/2024\\\/12\\\/cropped-logo-small-moded.png\",\"width\":150,\"height\":106,\"caption\":\"KOBI-Medizintech\"},\"image\":{\"@id\":\"https:\\\/\\\/kobi-medizintech.de\\\/#\\\/schema\\\/logo\\\/image\\\/\"}}]}<\/script>\n<!-- \/ Yoast SEO plugin. -->","yoast_head_json":{"title":"Foreign Body Forceps","robots":{"index":"index","follow":"follow","max-snippet":"max-snippet:-1","max-image-preview":"max-image-preview:large","max-video-preview":"max-video-preview:-1"},"canonical":"https:\/\/kobi-medizintech.de\/en\/produkt\/enforeign-body-forcepsdefremdkoerperfasszange\/","og_locale":"en_US","og_type":"article","og_title":"[:en]Foreign Body Forceps[:de]Fremdk\u00f6rperfa\u00dfzange[:] - KOBI-Medizintech","og_description":"Foreign Body Forceps with tapered spiral","og_url":"https:\/\/kobi-medizintech.de\/en\/produkt\/enforeign-body-forcepsdefremdkoerperfasszange\/","og_site_name":"KOBI-Medizintech","article_modified_time":"2024-12-21T17:00:52+00:00","twitter_card":"summary_large_image","schema":{"@context":"https:\/\/schema.org","@graph":[{"@type":"WebPage","@id":"https:\/\/kobi-medizintech.de\/produkt\/enforeign-body-forcepsdefremdkoerperfasszange\/","url":"https:\/\/kobi-medizintech.de\/produkt\/enforeign-body-forcepsdefremdkoerperfasszange\/","name":"Foreign Body Forceps","isPartOf":{"@id":"https:\/\/kobi-medizintech.de\/#website"},"primaryImageOfPage":{"@id":"https:\/\/kobi-medizintech.de\/produkt\/enforeign-body-forcepsdefremdkoerperfasszange\/#primaryimage"},"image":{"@id":"https:\/\/kobi-medizintech.de\/produkt\/enforeign-body-forcepsdefremdkoerperfasszange\/#primaryimage"},"thumbnailUrl":"https:\/\/kobi-medizintech.de\/wp-content\/uploads\/2024\/12\/wsxys11n.bmp","datePublished":"2024-12-21T17:00:39+00:00","dateModified":"2024-12-21T17:00:52+00:00","breadcrumb":{"@id":"https:\/\/kobi-medizintech.de\/produkt\/enforeign-body-forcepsdefremdkoerperfasszange\/#breadcrumb"},"inLanguage":"en-GB","potentialAction":[{"@type":"ReadAction","target":["https:\/\/kobi-medizintech.de\/produkt\/enforeign-body-forcepsdefremdkoerperfasszange\/"]}]},{"@type":"ImageObject","inLanguage":"en-GB","@id":"https:\/\/kobi-medizintech.de\/produkt\/enforeign-body-forcepsdefremdkoerperfasszange\/#primaryimage","url":"https:\/\/kobi-medizintech.de\/wp-content\/uploads\/2024\/12\/wsxys11n.bmp","contentUrl":"https:\/\/kobi-medizintech.de\/wp-content\/uploads\/2024\/12\/wsxys11n.bmp","width":304,"height":336},{"@type":"BreadcrumbList","@id":"https:\/\/kobi-medizintech.de\/produkt\/enforeign-body-forcepsdefremdkoerperfasszange\/#breadcrumb","itemListElement":[{"@type":"ListItem","position":1,"name":"Startseite","item":"https:\/\/kobi-medizintech.de\/"},{"@type":"ListItem","position":2,"name":"Shop","item":"https:\/\/kobi-medizintech.de\/shop\/"},{"@type":"ListItem","position":3,"name":"Fremdk\u00f6rperfa\u00dfzange"}]},{"@type":"WebSite","@id":"https:\/\/kobi-medizintech.de\/#website","url":"https:\/\/kobi-medizintech.de\/","name":"KOBI-Medizintech","description":"Ihr flexibler Partner in der Endoskopie","publisher":{"@id":"https:\/\/kobi-medizintech.de\/#organization"},"potentialAction":[{"@type":"SearchAction","target":{"@type":"EntryPoint","urlTemplate":"https:\/\/kobi-medizintech.de\/?s={search_term_string}"},"query-input":{"@type":"PropertyValueSpecification","valueRequired":true,"valueName":"search_term_string"}}],"inLanguage":"en-GB"},{"@type":"Organization","@id":"https:\/\/kobi-medizintech.de\/#organization","name":"KOBI-Medizintech","url":"https:\/\/kobi-medizintech.de\/","logo":{"@type":"ImageObject","inLanguage":"en-GB","@id":"https:\/\/kobi-medizintech.de\/#\/schema\/logo\/image\/","url":"https:\/\/kobi-medizintech.de\/wp-content\/uploads\/2024\/12\/cropped-logo-small-moded.png","contentUrl":"https:\/\/kobi-medizintech.de\/wp-content\/uploads\/2024\/12\/cropped-logo-small-moded.png","width":150,"height":106,"caption":"KOBI-Medizintech"},"image":{"@id":"https:\/\/kobi-medizintech.de\/#\/schema\/logo\/image\/"}}]}},"_links":{"self":[{"href":"https:\/\/kobi-medizintech.de\/en\/wp-json\/wp\/v2\/product\/2136","targetHints":{"allow":["GET"]}}],"collection":[{"href":"https:\/\/kobi-medizintech.de\/en\/wp-json\/wp\/v2\/product"}],"about":[{"href":"https:\/\/kobi-medizintech.de\/en\/wp-json\/wp\/v2\/types\/product"}],"wp:featuredmedia":[{"embeddable":true,"href":"https:\/\/kobi-medizintech.de\/en\/wp-json\/wp\/v2\/media\/2166"}],"wp:attachment":[{"href":"https:\/\/kobi-medizintech.de\/en\/wp-json\/wp\/v2\/media?parent=2136"}],"wp:term":[{"taxonomy":"product_brand","embeddable":true,"href":"https:\/\/kobi-medizintech.de\/en\/wp-json\/wp\/v2\/product_brand?post=2136"},{"taxonomy":"product_cat","embeddable":true,"href":"https:\/\/kobi-medizintech.de\/en\/wp-json\/wp\/v2\/product_cat?post=2136"},{"taxonomy":"product_tag","embeddable":true,"href":"https:\/\/kobi-medizintech.de\/en\/wp-json\/wp\/v2\/product_tag?post=2136"}],"curies":[{"name":"wp","href":"https:\/\/api.w.org\/{rel}","templated":true}]}}